{"id":650,"date":"2019-05-29T14:09:04","date_gmt":"2019-05-29T14:09:04","guid":{"rendered":"http:\/\/192.168.19.50\/?page_id=650"},"modified":"2024-07-11T13:36:59","modified_gmt":"2024-07-11T13:36:59","slug":"gift-card","status":"publish","type":"page","link":"https:\/\/joker.hr\/en\/gift-card\/","title":{"rendered":"Gift card"},"content":{"rendered":"\n<p>One gift &#8211; thousands of opportunities! With a Joker gift card, your gift will be simple &#8211; and perfect. It is a gift that has delighted those who have received it for years, while simplifying the choice of the buyer &#8211; and better yet? It opens the doors to all stores in the Joker Center. <\/p>\n\n\n\n<blockquote class=\"wp-block-quote is-layout-flow wp-block-quote-is-layout-flow\"><p>From 1.1.2023. Joker&#8217;s gift vouchers are available in denominations of 15 and 25 EUR and are valid for 6 months from the date of purchase.<\/p><\/blockquote>\n\n\n\n<p>You can use your Joker gift voucher at all outlets that operate within the Joker center, except for outlets that, by their business decision, did not accept the use of vouchers as a means of payment. You can find a list of stores where Joker&#8217;s gift vouchers can be used at <a href=\"https:\/\/joker.hr\/wp-content\/uploads\/2024\/07\/Popis-uz-poklon-bonove-07-2024.pdf\">this link<\/a>.<\/p>\n\n\n\n<p>With you on all occasions &#8211; birthdays, anniversaries, baptisms, weddings, confirmations, and first communions, a Joker gift card is the best way to fulfill the wishes of the recipient. Say it all with a Joker gift card!<\/p>\n","protected":false},"excerpt":{"rendered":"<p>One gift &#8211; thousands of opportunities! With a Joker gift card, your gift will be simple &#8211; and perfect. It is a gift that has delighted those who have received it for years, while simplifying the choice of the buyer &#8211; and better yet? It opens the doors to all stores in the Joker Center. [&hellip;]<\/p>\n","protected":false},"author":1,"featured_media":36640,"parent":0,"menu_order":0,"comment_status":"closed","ping_status":"closed","template":"","meta":{"_acf_changed":false,"footnotes":""},"class_list":["post-650","page","type-page","status-publish","has-post-thumbnail","hentry"],"acf":[],"yoast_head":"<!-- This site is optimized with the Yoast SEO plugin v26.8 - https:\/\/yoast.com\/product\/yoast-seo-wordpress\/ -->\n<title>Gift card - Joker.hr - Joker brings you simple and perfect gift<\/title>\n<meta name=\"description\" content=\"One gift - thousands of opportunities! With a Joker gift card, your gift will be simple - and perfect, opening the doors to all stores in the Joker Center.\" \/>\n<meta name=\"robots\" content=\"index, follow, max-snippet:-1, max-image-preview:large, max-video-preview:-1\" \/>\n<link rel=\"canonical\" href=\"https:\/\/joker.hr\/en\/gift-card\/\" \/>\n<meta property=\"og:locale\" content=\"en_US\" \/>\n<meta property=\"og:type\" content=\"article\" \/>\n<meta property=\"og:title\" content=\"Gift card - Joker.hr - Joker brings you simple and perfect gift\" \/>\n<meta property=\"og:description\" content=\"One gift - thousands of opportunities! With a Joker gift card, your gift will be simple - and perfect, opening the doors to all stores in the Joker Center.\" \/>\n<meta property=\"og:url\" content=\"https:\/\/joker.hr\/en\/gift-card\/\" \/>\n<meta property=\"og:site_name\" content=\"Joker.hr\" \/>\n<meta property=\"article:publisher\" content=\"https:\/\/www.facebook.com\/jokersplit\/?ref=br_rs\" \/>\n<meta property=\"article:modified_time\" content=\"2024-07-11T13:36:59+00:00\" \/>\n<meta property=\"og:image\" content=\"https:\/\/joker.hr\/wp-content\/uploads\/2024\/07\/KUPONI-2023-paketi.jpg\" \/>\n\t<meta property=\"og:image:width\" content=\"2048\" \/>\n\t<meta property=\"og:image:height\" content=\"1094\" \/>\n\t<meta property=\"og:image:type\" content=\"image\/jpeg\" \/>\n<meta name=\"twitter:card\" content=\"summary_large_image\" \/>\n<meta name=\"twitter:label1\" content=\"Est. reading time\" \/>\n\t<meta name=\"twitter:data1\" content=\"1 minute\" \/>\n<script type=\"application\/ld+json\" class=\"yoast-schema-graph\">{\"@context\":\"https:\/\/schema.org\",\"@graph\":[{\"@type\":\"WebPage\",\"@id\":\"https:\/\/joker.hr\/en\/gift-card\/\",\"url\":\"https:\/\/joker.hr\/en\/gift-card\/\",\"name\":\"Gift card - Joker.hr - Joker brings you simple and perfect gift\",\"isPartOf\":{\"@id\":\"https:\/\/joker.hr\/#website\"},\"primaryImageOfPage\":{\"@id\":\"https:\/\/joker.hr\/en\/gift-card\/#primaryimage\"},\"image\":{\"@id\":\"https:\/\/joker.hr\/en\/gift-card\/#primaryimage\"},\"thumbnailUrl\":\"https:\/\/joker.hr\/wp-content\/uploads\/2024\/07\/KUPONI-2023-paketi.jpg\",\"datePublished\":\"2019-05-29T14:09:04+00:00\",\"dateModified\":\"2024-07-11T13:36:59+00:00\",\"description\":\"One gift - thousands of opportunities! With a Joker gift card, your gift will be simple - and perfect, opening the doors to all stores in the Joker Center.\",\"breadcrumb\":{\"@id\":\"https:\/\/joker.hr\/en\/gift-card\/#breadcrumb\"},\"inLanguage\":\"en-US\",\"potentialAction\":[{\"@type\":\"ReadAction\",\"target\":[\"https:\/\/joker.hr\/en\/gift-card\/\"]}]},{\"@type\":\"ImageObject\",\"inLanguage\":\"en-US\",\"@id\":\"https:\/\/joker.hr\/en\/gift-card\/#primaryimage\",\"url\":\"https:\/\/joker.hr\/wp-content\/uploads\/2024\/07\/KUPONI-2023-paketi.jpg\",\"contentUrl\":\"https:\/\/joker.hr\/wp-content\/uploads\/2024\/07\/KUPONI-2023-paketi.jpg\",\"width\":2048,\"height\":1094,\"caption\":\"Joker Gift Card\"},{\"@type\":\"BreadcrumbList\",\"@id\":\"https:\/\/joker.hr\/en\/gift-card\/#breadcrumb\",\"itemListElement\":[{\"@type\":\"ListItem\",\"position\":1,\"name\":\"Po\u010detna stranica\",\"item\":\"https:\/\/joker.hr\/\"},{\"@type\":\"ListItem\",\"position\":2,\"name\":\"Gift card\"}]},{\"@type\":\"WebSite\",\"@id\":\"https:\/\/joker.hr\/#website\",\"url\":\"https:\/\/joker.hr\/\",\"name\":\"Joker.hr\",\"description\":\"Shopping centar u centru Splita s velikom ponudom odje\u0107e, obu\u0107e, sportske opreme, namje\u0161taja i elektronike, uz najbolje popuste i akcije.\",\"publisher\":{\"@id\":\"https:\/\/joker.hr\/#organization\"},\"potentialAction\":[{\"@type\":\"SearchAction\",\"target\":{\"@type\":\"EntryPoint\",\"urlTemplate\":\"https:\/\/joker.hr\/?s={search_term_string}\"},\"query-input\":{\"@type\":\"PropertyValueSpecification\",\"valueRequired\":true,\"valueName\":\"search_term_string\"}}],\"inLanguage\":\"en-US\"},{\"@type\":\"Organization\",\"@id\":\"https:\/\/joker.hr\/#organization\",\"name\":\"Joker\",\"url\":\"https:\/\/joker.hr\/\",\"logo\":{\"@type\":\"ImageObject\",\"inLanguage\":\"en-US\",\"@id\":\"https:\/\/joker.hr\/#\/schema\/logo\/image\/\",\"url\":\"https:\/\/joker.hr\/wp-content\/uploads\/2019\/07\/joker-logo.svg\",\"contentUrl\":\"https:\/\/joker.hr\/wp-content\/uploads\/2019\/07\/joker-logo.svg\",\"width\":1,\"height\":1,\"caption\":\"Joker\"},\"image\":{\"@id\":\"https:\/\/joker.hr\/#\/schema\/logo\/image\/\"},\"sameAs\":[\"https:\/\/www.facebook.com\/jokersplit\/?ref=br_rs\"]}]}<\/script>\n<!-- \/ Yoast SEO plugin. -->","yoast_head_json":{"title":"Gift card - Joker.hr - Joker brings you simple and perfect gift","description":"One gift - thousands of opportunities! With a Joker gift card, your gift will be simple - and perfect, opening the doors to all stores in the Joker Center.","robots":{"index":"index","follow":"follow","max-snippet":"max-snippet:-1","max-image-preview":"max-image-preview:large","max-video-preview":"max-video-preview:-1"},"canonical":"https:\/\/joker.hr\/en\/gift-card\/","og_locale":"en_US","og_type":"article","og_title":"Gift card - Joker.hr - Joker brings you simple and perfect gift","og_description":"One gift - thousands of opportunities! With a Joker gift card, your gift will be simple - and perfect, opening the doors to all stores in the Joker Center.","og_url":"https:\/\/joker.hr\/en\/gift-card\/","og_site_name":"Joker.hr","article_publisher":"https:\/\/www.facebook.com\/jokersplit\/?ref=br_rs","article_modified_time":"2024-07-11T13:36:59+00:00","og_image":[{"width":2048,"height":1094,"url":"https:\/\/joker.hr\/wp-content\/uploads\/2024\/07\/KUPONI-2023-paketi.jpg","type":"image\/jpeg"}],"twitter_card":"summary_large_image","twitter_misc":{"Est. reading time":"1 minute"},"schema":{"@context":"https:\/\/schema.org","@graph":[{"@type":"WebPage","@id":"https:\/\/joker.hr\/en\/gift-card\/","url":"https:\/\/joker.hr\/en\/gift-card\/","name":"Gift card - Joker.hr - Joker brings you simple and perfect gift","isPartOf":{"@id":"https:\/\/joker.hr\/#website"},"primaryImageOfPage":{"@id":"https:\/\/joker.hr\/en\/gift-card\/#primaryimage"},"image":{"@id":"https:\/\/joker.hr\/en\/gift-card\/#primaryimage"},"thumbnailUrl":"https:\/\/joker.hr\/wp-content\/uploads\/2024\/07\/KUPONI-2023-paketi.jpg","datePublished":"2019-05-29T14:09:04+00:00","dateModified":"2024-07-11T13:36:59+00:00","description":"One gift - thousands of opportunities! With a Joker gift card, your gift will be simple - and perfect, opening the doors to all stores in the Joker Center.","breadcrumb":{"@id":"https:\/\/joker.hr\/en\/gift-card\/#breadcrumb"},"inLanguage":"en-US","potentialAction":[{"@type":"ReadAction","target":["https:\/\/joker.hr\/en\/gift-card\/"]}]},{"@type":"ImageObject","inLanguage":"en-US","@id":"https:\/\/joker.hr\/en\/gift-card\/#primaryimage","url":"https:\/\/joker.hr\/wp-content\/uploads\/2024\/07\/KUPONI-2023-paketi.jpg","contentUrl":"https:\/\/joker.hr\/wp-content\/uploads\/2024\/07\/KUPONI-2023-paketi.jpg","width":2048,"height":1094,"caption":"Joker Gift Card"},{"@type":"BreadcrumbList","@id":"https:\/\/joker.hr\/en\/gift-card\/#breadcrumb","itemListElement":[{"@type":"ListItem","position":1,"name":"Po\u010detna stranica","item":"https:\/\/joker.hr\/"},{"@type":"ListItem","position":2,"name":"Gift card"}]},{"@type":"WebSite","@id":"https:\/\/joker.hr\/#website","url":"https:\/\/joker.hr\/","name":"Joker.hr","description":"Shopping centar u centru Splita s velikom ponudom odje\u0107e, obu\u0107e, sportske opreme, namje\u0161taja i elektronike, uz najbolje popuste i akcije.","publisher":{"@id":"https:\/\/joker.hr\/#organization"},"potentialAction":[{"@type":"SearchAction","target":{"@type":"EntryPoint","urlTemplate":"https:\/\/joker.hr\/?s={search_term_string}"},"query-input":{"@type":"PropertyValueSpecification","valueRequired":true,"valueName":"search_term_string"}}],"inLanguage":"en-US"},{"@type":"Organization","@id":"https:\/\/joker.hr\/#organization","name":"Joker","url":"https:\/\/joker.hr\/","logo":{"@type":"ImageObject","inLanguage":"en-US","@id":"https:\/\/joker.hr\/#\/schema\/logo\/image\/","url":"https:\/\/joker.hr\/wp-content\/uploads\/2019\/07\/joker-logo.svg","contentUrl":"https:\/\/joker.hr\/wp-content\/uploads\/2019\/07\/joker-logo.svg","width":1,"height":1,"caption":"Joker"},"image":{"@id":"https:\/\/joker.hr\/#\/schema\/logo\/image\/"},"sameAs":["https:\/\/www.facebook.com\/jokersplit\/?ref=br_rs"]}]}},"_links":{"self":[{"href":"https:\/\/joker.hr\/en\/wp-json\/wp\/v2\/pages\/650","targetHints":{"allow":["GET"]}}],"collection":[{"href":"https:\/\/joker.hr\/en\/wp-json\/wp\/v2\/pages"}],"about":[{"href":"https:\/\/joker.hr\/en\/wp-json\/wp\/v2\/types\/page"}],"author":[{"embeddable":true,"href":"https:\/\/joker.hr\/en\/wp-json\/wp\/v2\/users\/1"}],"replies":[{"embeddable":true,"href":"https:\/\/joker.hr\/en\/wp-json\/wp\/v2\/comments?post=650"}],"version-history":[{"count":0,"href":"https:\/\/joker.hr\/en\/wp-json\/wp\/v2\/pages\/650\/revisions"}],"wp:featuredmedia":[{"embeddable":true,"href":"https:\/\/joker.hr\/en\/wp-json\/wp\/v2\/media\/36640"}],"wp:attachment":[{"href":"https:\/\/joker.hr\/en\/wp-json\/wp\/v2\/media?parent=650"}],"curies":[{"name":"wp","href":"https:\/\/api.w.org\/{rel}","templated":true}]}}