{"id":635,"date":"2019-05-29T10:59:44","date_gmt":"2019-05-29T10:59:44","guid":{"rendered":"http:\/\/192.168.19.50\/?page_id=635"},"modified":"2024-08-01T07:49:29","modified_gmt":"2024-08-01T07:49:29","slug":"how-to-reach-us","status":"publish","type":"page","link":"https:\/\/joker.hr\/en\/how-to-reach-us\/","title":{"rendered":"How to reach us"},"content":{"rendered":"\n<p>On this page you can find out how to reach Joker mall with public transport, by car or by foot. Joker is located within 10 minutes walk from old town centre of Split, connected by several local <a href=\"http:\/\/www.promet-split.hr\/en\/bus-lines\/city-traffic-network\">bus lines.<\/a> Visitors of centre Joker have a closed parking garage and two open parking lots at their disposal.  <\/p>\n","protected":false},"excerpt":{"rendered":"<p>On this page you can find out how to reach Joker mall with public transport, by car or by foot. Joker is located within 10 minutes walk from old town centre of Split, connected by several local bus lines. Visitors of centre Joker have a closed parking garage and two open parking lots at their [&hellip;]<\/p>\n","protected":false},"author":1,"featured_media":639,"parent":0,"menu_order":0,"comment_status":"closed","ping_status":"closed","template":"page-templates\/template_kako_do_nas.php","meta":{"_acf_changed":false,"footnotes":""},"class_list":["post-635","page","type-page","status-publish","has-post-thumbnail","hentry"],"acf":[],"yoast_head":"<!-- This site is optimized with the Yoast SEO plugin v26.8 - https:\/\/yoast.com\/product\/yoast-seo-wordpress\/ -->\n<title>How to reach us - reach Joker mall with public transport, by car or by foot<\/title>\n<meta name=\"description\" content=\"find out how to reach Joker mall with public transport, by car or by foot. Joker is located within 10 minutes walk from old town centre...\" \/>\n<meta name=\"robots\" content=\"index, follow, max-snippet:-1, max-image-preview:large, max-video-preview:-1\" \/>\n<link rel=\"canonical\" href=\"https:\/\/joker.hr\/en\/how-to-reach-us\/\" \/>\n<meta property=\"og:locale\" content=\"en_US\" \/>\n<meta property=\"og:type\" content=\"article\" \/>\n<meta property=\"og:title\" content=\"How to reach us - reach Joker mall with public transport, by car or by foot\" \/>\n<meta property=\"og:description\" content=\"find out how to reach Joker mall with public transport, by car or by foot. Joker is located within 10 minutes walk from old town centre...\" \/>\n<meta property=\"og:url\" content=\"https:\/\/joker.hr\/en\/how-to-reach-us\/\" \/>\n<meta property=\"og:site_name\" content=\"Joker.hr\" \/>\n<meta property=\"article:publisher\" content=\"https:\/\/www.facebook.com\/jokersplit\/?ref=br_rs\" \/>\n<meta property=\"article:modified_time\" content=\"2024-08-01T07:49:29+00:00\" \/>\n<meta property=\"og:image\" content=\"https:\/\/joker.hr\/wp-content\/uploads\/2019\/05\/map.png\" \/>\n\t<meta property=\"og:image:width\" content=\"1180\" \/>\n\t<meta property=\"og:image:height\" content=\"663\" \/>\n\t<meta property=\"og:image:type\" content=\"image\/png\" \/>\n<meta name=\"twitter:card\" content=\"summary_large_image\" \/>\n<script type=\"application\/ld+json\" class=\"yoast-schema-graph\">{\"@context\":\"https:\/\/schema.org\",\"@graph\":[{\"@type\":\"WebPage\",\"@id\":\"https:\/\/joker.hr\/en\/how-to-reach-us\/\",\"url\":\"https:\/\/joker.hr\/en\/how-to-reach-us\/\",\"name\":\"How to reach us - reach Joker mall with public transport, by car or by foot\",\"isPartOf\":{\"@id\":\"https:\/\/joker.hr\/#website\"},\"primaryImageOfPage\":{\"@id\":\"https:\/\/joker.hr\/en\/how-to-reach-us\/#primaryimage\"},\"image\":{\"@id\":\"https:\/\/joker.hr\/en\/how-to-reach-us\/#primaryimage\"},\"thumbnailUrl\":\"https:\/\/joker.hr\/wp-content\/uploads\/2019\/05\/map.png\",\"datePublished\":\"2019-05-29T10:59:44+00:00\",\"dateModified\":\"2024-08-01T07:49:29+00:00\",\"description\":\"find out how to reach Joker mall with public transport, by car or by foot. Joker is located within 10 minutes walk from old town centre...\",\"breadcrumb\":{\"@id\":\"https:\/\/joker.hr\/en\/how-to-reach-us\/#breadcrumb\"},\"inLanguage\":\"en-US\",\"potentialAction\":[{\"@type\":\"ReadAction\",\"target\":[\"https:\/\/joker.hr\/en\/how-to-reach-us\/\"]}]},{\"@type\":\"ImageObject\",\"inLanguage\":\"en-US\",\"@id\":\"https:\/\/joker.hr\/en\/how-to-reach-us\/#primaryimage\",\"url\":\"https:\/\/joker.hr\/wp-content\/uploads\/2019\/05\/map.png\",\"contentUrl\":\"https:\/\/joker.hr\/wp-content\/uploads\/2019\/05\/map.png\",\"width\":1180,\"height\":663,\"caption\":\"kako do centra Joker\"},{\"@type\":\"BreadcrumbList\",\"@id\":\"https:\/\/joker.hr\/en\/how-to-reach-us\/#breadcrumb\",\"itemListElement\":[{\"@type\":\"ListItem\",\"position\":1,\"name\":\"Po\u010detna stranica\",\"item\":\"https:\/\/joker.hr\/\"},{\"@type\":\"ListItem\",\"position\":2,\"name\":\"How to reach us\"}]},{\"@type\":\"WebSite\",\"@id\":\"https:\/\/joker.hr\/#website\",\"url\":\"https:\/\/joker.hr\/\",\"name\":\"Joker.hr\",\"description\":\"Shopping centar u centru Splita s velikom ponudom odje\u0107e, obu\u0107e, sportske opreme, namje\u0161taja i elektronike, uz najbolje popuste i akcije.\",\"publisher\":{\"@id\":\"https:\/\/joker.hr\/#organization\"},\"potentialAction\":[{\"@type\":\"SearchAction\",\"target\":{\"@type\":\"EntryPoint\",\"urlTemplate\":\"https:\/\/joker.hr\/?s={search_term_string}\"},\"query-input\":{\"@type\":\"PropertyValueSpecification\",\"valueRequired\":true,\"valueName\":\"search_term_string\"}}],\"inLanguage\":\"en-US\"},{\"@type\":\"Organization\",\"@id\":\"https:\/\/joker.hr\/#organization\",\"name\":\"Joker\",\"url\":\"https:\/\/joker.hr\/\",\"logo\":{\"@type\":\"ImageObject\",\"inLanguage\":\"en-US\",\"@id\":\"https:\/\/joker.hr\/#\/schema\/logo\/image\/\",\"url\":\"https:\/\/joker.hr\/wp-content\/uploads\/2019\/07\/joker-logo.svg\",\"contentUrl\":\"https:\/\/joker.hr\/wp-content\/uploads\/2019\/07\/joker-logo.svg\",\"width\":1,\"height\":1,\"caption\":\"Joker\"},\"image\":{\"@id\":\"https:\/\/joker.hr\/#\/schema\/logo\/image\/\"},\"sameAs\":[\"https:\/\/www.facebook.com\/jokersplit\/?ref=br_rs\"]}]}<\/script>\n<!-- \/ Yoast SEO plugin. -->","yoast_head_json":{"title":"How to reach us - reach Joker mall with public transport, by car or by foot","description":"find out how to reach Joker mall with public transport, by car or by foot. Joker is located within 10 minutes walk from old town centre...","robots":{"index":"index","follow":"follow","max-snippet":"max-snippet:-1","max-image-preview":"max-image-preview:large","max-video-preview":"max-video-preview:-1"},"canonical":"https:\/\/joker.hr\/en\/how-to-reach-us\/","og_locale":"en_US","og_type":"article","og_title":"How to reach us - reach Joker mall with public transport, by car or by foot","og_description":"find out how to reach Joker mall with public transport, by car or by foot. Joker is located within 10 minutes walk from old town centre...","og_url":"https:\/\/joker.hr\/en\/how-to-reach-us\/","og_site_name":"Joker.hr","article_publisher":"https:\/\/www.facebook.com\/jokersplit\/?ref=br_rs","article_modified_time":"2024-08-01T07:49:29+00:00","og_image":[{"width":1180,"height":663,"url":"https:\/\/joker.hr\/wp-content\/uploads\/2019\/05\/map.png","type":"image\/png"}],"twitter_card":"summary_large_image","schema":{"@context":"https:\/\/schema.org","@graph":[{"@type":"WebPage","@id":"https:\/\/joker.hr\/en\/how-to-reach-us\/","url":"https:\/\/joker.hr\/en\/how-to-reach-us\/","name":"How to reach us - reach Joker mall with public transport, by car or by foot","isPartOf":{"@id":"https:\/\/joker.hr\/#website"},"primaryImageOfPage":{"@id":"https:\/\/joker.hr\/en\/how-to-reach-us\/#primaryimage"},"image":{"@id":"https:\/\/joker.hr\/en\/how-to-reach-us\/#primaryimage"},"thumbnailUrl":"https:\/\/joker.hr\/wp-content\/uploads\/2019\/05\/map.png","datePublished":"2019-05-29T10:59:44+00:00","dateModified":"2024-08-01T07:49:29+00:00","description":"find out how to reach Joker mall with public transport, by car or by foot. Joker is located within 10 minutes walk from old town centre...","breadcrumb":{"@id":"https:\/\/joker.hr\/en\/how-to-reach-us\/#breadcrumb"},"inLanguage":"en-US","potentialAction":[{"@type":"ReadAction","target":["https:\/\/joker.hr\/en\/how-to-reach-us\/"]}]},{"@type":"ImageObject","inLanguage":"en-US","@id":"https:\/\/joker.hr\/en\/how-to-reach-us\/#primaryimage","url":"https:\/\/joker.hr\/wp-content\/uploads\/2019\/05\/map.png","contentUrl":"https:\/\/joker.hr\/wp-content\/uploads\/2019\/05\/map.png","width":1180,"height":663,"caption":"kako do centra Joker"},{"@type":"BreadcrumbList","@id":"https:\/\/joker.hr\/en\/how-to-reach-us\/#breadcrumb","itemListElement":[{"@type":"ListItem","position":1,"name":"Po\u010detna stranica","item":"https:\/\/joker.hr\/"},{"@type":"ListItem","position":2,"name":"How to reach us"}]},{"@type":"WebSite","@id":"https:\/\/joker.hr\/#website","url":"https:\/\/joker.hr\/","name":"Joker.hr","description":"Shopping centar u centru Splita s velikom ponudom odje\u0107e, obu\u0107e, sportske opreme, namje\u0161taja i elektronike, uz najbolje popuste i akcije.","publisher":{"@id":"https:\/\/joker.hr\/#organization"},"potentialAction":[{"@type":"SearchAction","target":{"@type":"EntryPoint","urlTemplate":"https:\/\/joker.hr\/?s={search_term_string}"},"query-input":{"@type":"PropertyValueSpecification","valueRequired":true,"valueName":"search_term_string"}}],"inLanguage":"en-US"},{"@type":"Organization","@id":"https:\/\/joker.hr\/#organization","name":"Joker","url":"https:\/\/joker.hr\/","logo":{"@type":"ImageObject","inLanguage":"en-US","@id":"https:\/\/joker.hr\/#\/schema\/logo\/image\/","url":"https:\/\/joker.hr\/wp-content\/uploads\/2019\/07\/joker-logo.svg","contentUrl":"https:\/\/joker.hr\/wp-content\/uploads\/2019\/07\/joker-logo.svg","width":1,"height":1,"caption":"Joker"},"image":{"@id":"https:\/\/joker.hr\/#\/schema\/logo\/image\/"},"sameAs":["https:\/\/www.facebook.com\/jokersplit\/?ref=br_rs"]}]}},"_links":{"self":[{"href":"https:\/\/joker.hr\/en\/wp-json\/wp\/v2\/pages\/635","targetHints":{"allow":["GET"]}}],"collection":[{"href":"https:\/\/joker.hr\/en\/wp-json\/wp\/v2\/pages"}],"about":[{"href":"https:\/\/joker.hr\/en\/wp-json\/wp\/v2\/types\/page"}],"author":[{"embeddable":true,"href":"https:\/\/joker.hr\/en\/wp-json\/wp\/v2\/users\/1"}],"replies":[{"embeddable":true,"href":"https:\/\/joker.hr\/en\/wp-json\/wp\/v2\/comments?post=635"}],"version-history":[{"count":0,"href":"https:\/\/joker.hr\/en\/wp-json\/wp\/v2\/pages\/635\/revisions"}],"wp:featuredmedia":[{"embeddable":true,"href":"https:\/\/joker.hr\/en\/wp-json\/wp\/v2\/media\/639"}],"wp:attachment":[{"href":"https:\/\/joker.hr\/en\/wp-json\/wp\/v2\/media?parent=635"}],"curies":[{"name":"wp","href":"https:\/\/api.w.org\/{rel}","templated":true}]}}