{"id":614,"date":"2019-05-17T14:01:07","date_gmt":"2019-05-17T14:01:07","guid":{"rendered":"http:\/\/192.168.19.50\/?page_id=614"},"modified":"2020-03-10T10:22:15","modified_gmt":"2020-03-10T10:22:15","slug":"advertising-in-joker","status":"publish","type":"page","link":"https:\/\/joker.hr\/en\/advertising-in-joker\/","title":{"rendered":"Advertising"},"content":{"rendered":"\n<p> Joker offers a variety of indoor and outdoor options for communication of your brand, dimensions of ad space, as well as many other advertising opportunities and flexible time frames.  <\/p>\n\n\n\n<p>Advertising in Joker is the ideal choice for advertisers who want their message to reach a large number of potential shoppers, and fast, due to its positioning in Split (75,000 Split residents live within a 15-minute walk from Joker center), continuous high visibility throughout the year, and the architecturally compact solution of the center itself,  <\/p>\n\n\n\n<p>Located just outside the city center, with around one hundred <a href=\"https:\/\/joker.hr\/en\/stores\/\">shops<\/a> across 54,000 square meters, Joker attracts some 350,000 visitors every month thanks to its balanced mix of shopping, <a href=\"https:\/\/joker.hr\/en\/cinema\/\">entertainment,<\/a><a href=\"https:\/\/joker.hr\/en\/gastronomy\/\"> gastronomy<\/a>, <a href=\"https:\/\/joker.hr\/en\/beauty\/\">beauty, <\/a><a href=\"https:\/\/joker.hr\/en\/health-services\/\">health<\/a>, education, and other content and services. <\/p>\n\n\n\n<p>For detailed information, contact us at <a href=\"mailto:marketing@joker.hr\">marketing@joker.hr<\/a><\/p>\n","protected":false},"excerpt":{"rendered":"<p>Joker offers a variety of indoor and outdoor options for communication of your brand, dimensions of ad space, as well as many other advertising opportunities and flexible time frames. Advertising in Joker is the ideal choice for advertisers who want their message to reach a large number of potential shoppers, and fast, due to its [&hellip;]<\/p>\n","protected":false},"author":1,"featured_media":4483,"parent":0,"menu_order":0,"comment_status":"closed","ping_status":"closed","template":"","meta":{"_acf_changed":false,"footnotes":""},"class_list":["post-614","page","type-page","status-publish","has-post-thumbnail","hentry"],"acf":[],"yoast_head":"<!-- This site is optimized with the Yoast SEO plugin v26.8 - https:\/\/yoast.com\/product\/yoast-seo-wordpress\/ -->\n<title>Advertising - Joker.hr - variety of options for communication<\/title>\n<meta name=\"description\" content=\"Advertising in Joker offers a variety of options for communication of your brand, dimensions of ad space, and many other opportunities\" \/>\n<meta name=\"robots\" content=\"index, follow, max-snippet:-1, max-image-preview:large, max-video-preview:-1\" \/>\n<link rel=\"canonical\" href=\"https:\/\/joker.hr\/en\/advertising-in-joker\/\" \/>\n<meta property=\"og:locale\" content=\"en_US\" \/>\n<meta property=\"og:type\" content=\"article\" \/>\n<meta property=\"og:title\" content=\"Advertising - Joker.hr - variety of options for communication\" \/>\n<meta property=\"og:description\" content=\"Advertising in Joker offers a variety of options for communication of your brand, dimensions of ad space, and many other opportunities\" \/>\n<meta property=\"og:url\" content=\"https:\/\/joker.hr\/en\/advertising-in-joker\/\" \/>\n<meta property=\"og:site_name\" content=\"Joker.hr\" \/>\n<meta property=\"article:publisher\" content=\"https:\/\/www.facebook.com\/jokersplit\/?ref=br_rs\" \/>\n<meta property=\"article:modified_time\" content=\"2020-03-10T10:22:15+00:00\" \/>\n<meta property=\"og:image\" content=\"https:\/\/joker.hr\/wp-content\/uploads\/2019\/07\/20190516-IMG_5465.jpg\" \/>\n\t<meta property=\"og:image:width\" content=\"2048\" \/>\n\t<meta property=\"og:image:height\" content=\"1152\" \/>\n\t<meta property=\"og:image:type\" content=\"image\/jpeg\" \/>\n<meta name=\"twitter:card\" content=\"summary_large_image\" \/>\n<meta name=\"twitter:label1\" content=\"Est. reading time\" \/>\n\t<meta name=\"twitter:data1\" content=\"1 minute\" \/>\n<script type=\"application\/ld+json\" class=\"yoast-schema-graph\">{\"@context\":\"https:\/\/schema.org\",\"@graph\":[{\"@type\":\"WebPage\",\"@id\":\"https:\/\/joker.hr\/en\/advertising-in-joker\/\",\"url\":\"https:\/\/joker.hr\/en\/advertising-in-joker\/\",\"name\":\"Advertising - Joker.hr - variety of options for communication\",\"isPartOf\":{\"@id\":\"https:\/\/joker.hr\/#website\"},\"primaryImageOfPage\":{\"@id\":\"https:\/\/joker.hr\/en\/advertising-in-joker\/#primaryimage\"},\"image\":{\"@id\":\"https:\/\/joker.hr\/en\/advertising-in-joker\/#primaryimage\"},\"thumbnailUrl\":\"https:\/\/joker.hr\/wp-content\/uploads\/2019\/07\/20190516-IMG_5465.jpg\",\"datePublished\":\"2019-05-17T14:01:07+00:00\",\"dateModified\":\"2020-03-10T10:22:15+00:00\",\"description\":\"Advertising in Joker offers a variety of options for communication of your brand, dimensions of ad space, and many other opportunities\",\"breadcrumb\":{\"@id\":\"https:\/\/joker.hr\/en\/advertising-in-joker\/#breadcrumb\"},\"inLanguage\":\"en-US\",\"potentialAction\":[{\"@type\":\"ReadAction\",\"target\":[\"https:\/\/joker.hr\/en\/advertising-in-joker\/\"]}]},{\"@type\":\"ImageObject\",\"inLanguage\":\"en-US\",\"@id\":\"https:\/\/joker.hr\/en\/advertising-in-joker\/#primaryimage\",\"url\":\"https:\/\/joker.hr\/wp-content\/uploads\/2019\/07\/20190516-IMG_5465.jpg\",\"contentUrl\":\"https:\/\/joker.hr\/wp-content\/uploads\/2019\/07\/20190516-IMG_5465.jpg\",\"width\":2048,\"height\":1152,\"caption\":\"joker mall split\"},{\"@type\":\"BreadcrumbList\",\"@id\":\"https:\/\/joker.hr\/en\/advertising-in-joker\/#breadcrumb\",\"itemListElement\":[{\"@type\":\"ListItem\",\"position\":1,\"name\":\"Po\u010detna stranica\",\"item\":\"https:\/\/joker.hr\/\"},{\"@type\":\"ListItem\",\"position\":2,\"name\":\"Advertising\"}]},{\"@type\":\"WebSite\",\"@id\":\"https:\/\/joker.hr\/#website\",\"url\":\"https:\/\/joker.hr\/\",\"name\":\"Joker.hr\",\"description\":\"Shopping centar u centru Splita s velikom ponudom odje\u0107e, obu\u0107e, sportske opreme, namje\u0161taja i elektronike, uz najbolje popuste i akcije.\",\"publisher\":{\"@id\":\"https:\/\/joker.hr\/#organization\"},\"potentialAction\":[{\"@type\":\"SearchAction\",\"target\":{\"@type\":\"EntryPoint\",\"urlTemplate\":\"https:\/\/joker.hr\/?s={search_term_string}\"},\"query-input\":{\"@type\":\"PropertyValueSpecification\",\"valueRequired\":true,\"valueName\":\"search_term_string\"}}],\"inLanguage\":\"en-US\"},{\"@type\":\"Organization\",\"@id\":\"https:\/\/joker.hr\/#organization\",\"name\":\"Joker\",\"url\":\"https:\/\/joker.hr\/\",\"logo\":{\"@type\":\"ImageObject\",\"inLanguage\":\"en-US\",\"@id\":\"https:\/\/joker.hr\/#\/schema\/logo\/image\/\",\"url\":\"https:\/\/joker.hr\/wp-content\/uploads\/2019\/07\/joker-logo.svg\",\"contentUrl\":\"https:\/\/joker.hr\/wp-content\/uploads\/2019\/07\/joker-logo.svg\",\"width\":1,\"height\":1,\"caption\":\"Joker\"},\"image\":{\"@id\":\"https:\/\/joker.hr\/#\/schema\/logo\/image\/\"},\"sameAs\":[\"https:\/\/www.facebook.com\/jokersplit\/?ref=br_rs\"]}]}<\/script>\n<!-- \/ Yoast SEO plugin. -->","yoast_head_json":{"title":"Advertising - Joker.hr - variety of options for communication","description":"Advertising in Joker offers a variety of options for communication of your brand, dimensions of ad space, and many other opportunities","robots":{"index":"index","follow":"follow","max-snippet":"max-snippet:-1","max-image-preview":"max-image-preview:large","max-video-preview":"max-video-preview:-1"},"canonical":"https:\/\/joker.hr\/en\/advertising-in-joker\/","og_locale":"en_US","og_type":"article","og_title":"Advertising - Joker.hr - variety of options for communication","og_description":"Advertising in Joker offers a variety of options for communication of your brand, dimensions of ad space, and many other opportunities","og_url":"https:\/\/joker.hr\/en\/advertising-in-joker\/","og_site_name":"Joker.hr","article_publisher":"https:\/\/www.facebook.com\/jokersplit\/?ref=br_rs","article_modified_time":"2020-03-10T10:22:15+00:00","og_image":[{"width":2048,"height":1152,"url":"https:\/\/joker.hr\/wp-content\/uploads\/2019\/07\/20190516-IMG_5465.jpg","type":"image\/jpeg"}],"twitter_card":"summary_large_image","twitter_misc":{"Est. reading time":"1 minute"},"schema":{"@context":"https:\/\/schema.org","@graph":[{"@type":"WebPage","@id":"https:\/\/joker.hr\/en\/advertising-in-joker\/","url":"https:\/\/joker.hr\/en\/advertising-in-joker\/","name":"Advertising - Joker.hr - variety of options for communication","isPartOf":{"@id":"https:\/\/joker.hr\/#website"},"primaryImageOfPage":{"@id":"https:\/\/joker.hr\/en\/advertising-in-joker\/#primaryimage"},"image":{"@id":"https:\/\/joker.hr\/en\/advertising-in-joker\/#primaryimage"},"thumbnailUrl":"https:\/\/joker.hr\/wp-content\/uploads\/2019\/07\/20190516-IMG_5465.jpg","datePublished":"2019-05-17T14:01:07+00:00","dateModified":"2020-03-10T10:22:15+00:00","description":"Advertising in Joker offers a variety of options for communication of your brand, dimensions of ad space, and many other opportunities","breadcrumb":{"@id":"https:\/\/joker.hr\/en\/advertising-in-joker\/#breadcrumb"},"inLanguage":"en-US","potentialAction":[{"@type":"ReadAction","target":["https:\/\/joker.hr\/en\/advertising-in-joker\/"]}]},{"@type":"ImageObject","inLanguage":"en-US","@id":"https:\/\/joker.hr\/en\/advertising-in-joker\/#primaryimage","url":"https:\/\/joker.hr\/wp-content\/uploads\/2019\/07\/20190516-IMG_5465.jpg","contentUrl":"https:\/\/joker.hr\/wp-content\/uploads\/2019\/07\/20190516-IMG_5465.jpg","width":2048,"height":1152,"caption":"joker mall split"},{"@type":"BreadcrumbList","@id":"https:\/\/joker.hr\/en\/advertising-in-joker\/#breadcrumb","itemListElement":[{"@type":"ListItem","position":1,"name":"Po\u010detna stranica","item":"https:\/\/joker.hr\/"},{"@type":"ListItem","position":2,"name":"Advertising"}]},{"@type":"WebSite","@id":"https:\/\/joker.hr\/#website","url":"https:\/\/joker.hr\/","name":"Joker.hr","description":"Shopping centar u centru Splita s velikom ponudom odje\u0107e, obu\u0107e, sportske opreme, namje\u0161taja i elektronike, uz najbolje popuste i akcije.","publisher":{"@id":"https:\/\/joker.hr\/#organization"},"potentialAction":[{"@type":"SearchAction","target":{"@type":"EntryPoint","urlTemplate":"https:\/\/joker.hr\/?s={search_term_string}"},"query-input":{"@type":"PropertyValueSpecification","valueRequired":true,"valueName":"search_term_string"}}],"inLanguage":"en-US"},{"@type":"Organization","@id":"https:\/\/joker.hr\/#organization","name":"Joker","url":"https:\/\/joker.hr\/","logo":{"@type":"ImageObject","inLanguage":"en-US","@id":"https:\/\/joker.hr\/#\/schema\/logo\/image\/","url":"https:\/\/joker.hr\/wp-content\/uploads\/2019\/07\/joker-logo.svg","contentUrl":"https:\/\/joker.hr\/wp-content\/uploads\/2019\/07\/joker-logo.svg","width":1,"height":1,"caption":"Joker"},"image":{"@id":"https:\/\/joker.hr\/#\/schema\/logo\/image\/"},"sameAs":["https:\/\/www.facebook.com\/jokersplit\/?ref=br_rs"]}]}},"_links":{"self":[{"href":"https:\/\/joker.hr\/en\/wp-json\/wp\/v2\/pages\/614","targetHints":{"allow":["GET"]}}],"collection":[{"href":"https:\/\/joker.hr\/en\/wp-json\/wp\/v2\/pages"}],"about":[{"href":"https:\/\/joker.hr\/en\/wp-json\/wp\/v2\/types\/page"}],"author":[{"embeddable":true,"href":"https:\/\/joker.hr\/en\/wp-json\/wp\/v2\/users\/1"}],"replies":[{"embeddable":true,"href":"https:\/\/joker.hr\/en\/wp-json\/wp\/v2\/comments?post=614"}],"version-history":[{"count":0,"href":"https:\/\/joker.hr\/en\/wp-json\/wp\/v2\/pages\/614\/revisions"}],"wp:featuredmedia":[{"embeddable":true,"href":"https:\/\/joker.hr\/en\/wp-json\/wp\/v2\/media\/4483"}],"wp:attachment":[{"href":"https:\/\/joker.hr\/en\/wp-json\/wp\/v2\/media?parent=614"}],"curies":[{"name":"wp","href":"https:\/\/api.w.org\/{rel}","templated":true}]}}