{"id":608,"date":"2019-05-29T09:39:08","date_gmt":"2019-05-29T09:39:08","guid":{"rendered":"http:\/\/192.168.19.50\/?page_id=608"},"modified":"2024-07-08T11:33:35","modified_gmt":"2024-07-08T11:33:35","slug":"bars-in-joker","status":"publish","type":"page","link":"https:\/\/joker.hr\/en\/bars-in-joker\/","title":{"rendered":"Bars"},"content":{"rendered":"\n<p>Cafes and bars in Joker Mall have become a hotspot for locals and the perfect place to unwind after shopping or mingle with friends. Even better, most of the cafe bars at Joker are fitted with outdoor terraces, and many also offer a variety of sweets and cakes.<\/p>\n\n\n\n<p>Let&#8217;s start from the top! Rooftop <strong>Sky Garden<\/strong> offers a variety of cold and hot drinks, tasty cakes, and plenty of fun for the youngest on the open-air playground.<\/p>\n\n\n\n<figure class=\"wp-block-image\"><img decoding=\"async\" width=\"1024\" height=\"682\" data-src=\"https:\/\/joker.hr\/wp-content\/uploads\/2024\/07\/JZ2A2886-Edit-1024x682.jpg\" alt=\"\" class=\"wp-image-36409 lazyload\" data-srcset=\"https:\/\/joker.hr\/wp-content\/uploads\/2024\/07\/JZ2A2886-Edit-1024x682.jpg 1024w, https:\/\/joker.hr\/wp-content\/uploads\/2024\/07\/JZ2A2886-Edit-300x200.jpg 300w, https:\/\/joker.hr\/wp-content\/uploads\/2024\/07\/JZ2A2886-Edit-768x512.jpg 768w, https:\/\/joker.hr\/wp-content\/uploads\/2024\/07\/JZ2A2886-Edit.jpg 1280w\" data-sizes=\"(max-width: 1024px) 100vw, 1024px\" src=\"data:image\/svg+xml;base64,PHN2ZyB3aWR0aD0iMSIgaGVpZ2h0PSIxIiB4bWxucz0iaHR0cDovL3d3dy53My5vcmcvMjAwMC9zdmciPjwvc3ZnPg==\" style=\"--smush-placeholder-width: 1024px; --smush-placeholder-aspect-ratio: 1024\/682;\" \/><\/figure>\n\n\n\n<figure class=\"wp-block-image\"><img decoding=\"async\" width=\"1024\" height=\"683\" data-src=\"https:\/\/joker.hr\/wp-content\/uploads\/2022\/07\/JZ2A0497-1024x683.jpg\" alt=\"\" class=\"wp-image-29588 lazyload\" data-srcset=\"https:\/\/joker.hr\/wp-content\/uploads\/2022\/07\/JZ2A0497-1024x683.jpg 1024w, https:\/\/joker.hr\/wp-content\/uploads\/2022\/07\/JZ2A0497-300x200.jpg 300w, https:\/\/joker.hr\/wp-content\/uploads\/2022\/07\/JZ2A0497-768x512.jpg 768w, https:\/\/joker.hr\/wp-content\/uploads\/2022\/07\/JZ2A0497.jpg 2048w\" data-sizes=\"(max-width: 1024px) 100vw, 1024px\" src=\"data:image\/svg+xml;base64,PHN2ZyB3aWR0aD0iMSIgaGVpZ2h0PSIxIiB4bWxucz0iaHR0cDovL3d3dy53My5vcmcvMjAwMC9zdmciPjwvc3ZnPg==\" style=\"--smush-placeholder-width: 1024px; --smush-placeholder-aspect-ratio: 1024\/683;\" \/><figcaption>Sky Coffe &amp; Cakes <\/figcaption><\/figure>\n\n\n\n<p>You can find the most tasteful cakes and ice cream in the <strong>Cake Symphony<\/strong> coffee and cakes bar. Whether you are a chocolate, fruit, or vanilla lover, you will find the perfect cake for a moment of relaxation.<\/p>\n\n\n\n<figure class=\"wp-block-image\"><img decoding=\"async\" width=\"684\" height=\"1024\" data-src=\"https:\/\/joker.hr\/wp-content\/uploads\/2024\/07\/cakesymphony_virage-017-684x1024.jpg\" alt=\"\" class=\"wp-image-36450 lazyload\" data-srcset=\"https:\/\/joker.hr\/wp-content\/uploads\/2024\/07\/cakesymphony_virage-017-684x1024.jpg 684w, https:\/\/joker.hr\/wp-content\/uploads\/2024\/07\/cakesymphony_virage-017-200x300.jpg 200w, https:\/\/joker.hr\/wp-content\/uploads\/2024\/07\/cakesymphony_virage-017-768x1150.jpg 768w, https:\/\/joker.hr\/wp-content\/uploads\/2024\/07\/cakesymphony_virage-017.jpg 1368w\" data-sizes=\"(max-width: 684px) 100vw, 684px\" src=\"data:image\/svg+xml;base64,PHN2ZyB3aWR0aD0iMSIgaGVpZ2h0PSIxIiB4bWxucz0iaHR0cDovL3d3dy53My5vcmcvMjAwMC9zdmciPjwvc3ZnPg==\" style=\"--smush-placeholder-width: 684px; --smush-placeholder-aspect-ratio: 684\/1024;\" \/><\/figure>\n\n\n\n<p>On the first floor, you can enjoy your preferred cold or hot drink at Outbox cafe bar, while on the ground floor, you can find three popular places for your after-shopping mingles with friends &#8211; <a href=\"https:\/\/joker.hr\/en\/store\/square\/\">Cafe Bar Square<\/a>, popular <a href=\"https:\/\/joker.hr\/en\/store\/mccafe\/\">McCafe<\/a>, and <a href=\"https:\/\/joker.hr\/en\/store\/lobby-bar\/\">Lobby Bar <\/a>with the largest terrace.<\/p>\n\n\n\n<figure class=\"wp-block-image\"><img decoding=\"async\" width=\"684\" height=\"1024\" data-src=\"https:\/\/joker.hr\/wp-content\/uploads\/2024\/07\/lobby_bar-054-684x1024.jpg\" alt=\"\" class=\"wp-image-36452 lazyload\" data-srcset=\"https:\/\/joker.hr\/wp-content\/uploads\/2024\/07\/lobby_bar-054-684x1024.jpg 684w, https:\/\/joker.hr\/wp-content\/uploads\/2024\/07\/lobby_bar-054-200x300.jpg 200w, https:\/\/joker.hr\/wp-content\/uploads\/2024\/07\/lobby_bar-054-768x1150.jpg 768w, https:\/\/joker.hr\/wp-content\/uploads\/2024\/07\/lobby_bar-054.jpg 1368w\" data-sizes=\"(max-width: 684px) 100vw, 684px\" src=\"data:image\/svg+xml;base64,PHN2ZyB3aWR0aD0iMSIgaGVpZ2h0PSIxIiB4bWxucz0iaHR0cDovL3d3dy53My5vcmcvMjAwMC9zdmciPjwvc3ZnPg==\" style=\"--smush-placeholder-width: 684px; --smush-placeholder-aspect-ratio: 684\/1024;\" \/><\/figure>\n\n\n\n<figure class=\"wp-block-image\"><img decoding=\"async\" width=\"1024\" height=\"683\" data-src=\"https:\/\/joker.hr\/wp-content\/uploads\/2022\/07\/JZ2A4396-1024x683.jpg\" alt=\"\" class=\"wp-image-29630 lazyload\" data-srcset=\"https:\/\/joker.hr\/wp-content\/uploads\/2022\/07\/JZ2A4396-1024x683.jpg 1024w, https:\/\/joker.hr\/wp-content\/uploads\/2022\/07\/JZ2A4396-300x200.jpg 300w, https:\/\/joker.hr\/wp-content\/uploads\/2022\/07\/JZ2A4396-768x512.jpg 768w, https:\/\/joker.hr\/wp-content\/uploads\/2022\/07\/JZ2A4396.jpg 2048w\" data-sizes=\"(max-width: 1024px) 100vw, 1024px\" src=\"data:image\/svg+xml;base64,PHN2ZyB3aWR0aD0iMSIgaGVpZ2h0PSIxIiB4bWxucz0iaHR0cDovL3d3dy53My5vcmcvMjAwMC9zdmciPjwvc3ZnPg==\" style=\"--smush-placeholder-width: 1024px; --smush-placeholder-aspect-ratio: 1024\/683;\" \/><\/figure>\n","protected":false},"excerpt":{"rendered":"<p>Cafes and bars in Joker Mall have become a hotspot for locals and the perfect place to unwind after shopping or mingle with friends. Even better, most of the cafe bars at Joker are fitted with outdoor terraces, and many also offer a variety of sweets and cakes. Let&#8217;s start from the top! Rooftop Sky [&hellip;]<\/p>\n","protected":false},"author":1,"featured_media":36433,"parent":0,"menu_order":0,"comment_status":"closed","ping_status":"closed","template":"","meta":{"_acf_changed":false,"footnotes":""},"class_list":["post-608","page","type-page","status-publish","has-post-thumbnail","hentry"],"acf":[],"yoast_head":"<!-- This site is optimized with the Yoast SEO plugin v26.8 - https:\/\/yoast.com\/product\/yoast-seo-wordpress\/ -->\n<title>Bars - Joker.hr - a hotspot for locals and place to unwind after shopping<\/title>\n<meta name=\"description\" content=\"In Joker mall, guests can enjoy five cafe bars which have become a hotspot for locals of Split and perfect place to unwind\" \/>\n<meta name=\"robots\" content=\"index, follow, max-snippet:-1, max-image-preview:large, max-video-preview:-1\" \/>\n<link rel=\"canonical\" href=\"https:\/\/joker.hr\/en\/bars-in-joker\/\" \/>\n<meta property=\"og:locale\" content=\"en_US\" \/>\n<meta property=\"og:type\" content=\"article\" \/>\n<meta property=\"og:title\" content=\"Bars - Joker.hr - a hotspot for locals and place to unwind after shopping\" \/>\n<meta property=\"og:description\" content=\"In Joker mall, guests can enjoy five cafe bars which have become a hotspot for locals of Split and perfect place to unwind\" \/>\n<meta property=\"og:url\" content=\"https:\/\/joker.hr\/en\/bars-in-joker\/\" \/>\n<meta property=\"og:site_name\" content=\"Joker.hr\" \/>\n<meta property=\"article:publisher\" content=\"https:\/\/www.facebook.com\/jokersplit\/?ref=br_rs\" \/>\n<meta property=\"article:modified_time\" content=\"2024-07-08T11:33:35+00:00\" \/>\n<meta property=\"og:image\" content=\"https:\/\/joker.hr\/wp-content\/uploads\/2024\/07\/JZ2A2913.jpg\" \/>\n\t<meta property=\"og:image:width\" content=\"1280\" \/>\n\t<meta property=\"og:image:height\" content=\"853\" \/>\n\t<meta property=\"og:image:type\" content=\"image\/jpeg\" \/>\n<meta name=\"twitter:card\" content=\"summary_large_image\" \/>\n<meta name=\"twitter:label1\" content=\"Est. reading time\" \/>\n\t<meta name=\"twitter:data1\" content=\"1 minute\" \/>\n<script type=\"application\/ld+json\" class=\"yoast-schema-graph\">{\"@context\":\"https:\/\/schema.org\",\"@graph\":[{\"@type\":\"WebPage\",\"@id\":\"https:\/\/joker.hr\/en\/bars-in-joker\/\",\"url\":\"https:\/\/joker.hr\/en\/bars-in-joker\/\",\"name\":\"Bars - Joker.hr - a hotspot for locals and place to unwind after shopping\",\"isPartOf\":{\"@id\":\"https:\/\/joker.hr\/#website\"},\"primaryImageOfPage\":{\"@id\":\"https:\/\/joker.hr\/en\/bars-in-joker\/#primaryimage\"},\"image\":{\"@id\":\"https:\/\/joker.hr\/en\/bars-in-joker\/#primaryimage\"},\"thumbnailUrl\":\"https:\/\/joker.hr\/wp-content\/uploads\/2024\/07\/JZ2A2913.jpg\",\"datePublished\":\"2019-05-29T09:39:08+00:00\",\"dateModified\":\"2024-07-08T11:33:35+00:00\",\"description\":\"In Joker mall, guests can enjoy five cafe bars which have become a hotspot for locals of Split and perfect place to unwind\",\"breadcrumb\":{\"@id\":\"https:\/\/joker.hr\/en\/bars-in-joker\/#breadcrumb\"},\"inLanguage\":\"en-US\",\"potentialAction\":[{\"@type\":\"ReadAction\",\"target\":[\"https:\/\/joker.hr\/en\/bars-in-joker\/\"]}]},{\"@type\":\"ImageObject\",\"inLanguage\":\"en-US\",\"@id\":\"https:\/\/joker.hr\/en\/bars-in-joker\/#primaryimage\",\"url\":\"https:\/\/joker.hr\/wp-content\/uploads\/2024\/07\/JZ2A2913.jpg\",\"contentUrl\":\"https:\/\/joker.hr\/wp-content\/uploads\/2024\/07\/JZ2A2913.jpg\",\"width\":1280,\"height\":853},{\"@type\":\"BreadcrumbList\",\"@id\":\"https:\/\/joker.hr\/en\/bars-in-joker\/#breadcrumb\",\"itemListElement\":[{\"@type\":\"ListItem\",\"position\":1,\"name\":\"Po\u010detna stranica\",\"item\":\"https:\/\/joker.hr\/\"},{\"@type\":\"ListItem\",\"position\":2,\"name\":\"Bars\"}]},{\"@type\":\"WebSite\",\"@id\":\"https:\/\/joker.hr\/#website\",\"url\":\"https:\/\/joker.hr\/\",\"name\":\"Joker.hr\",\"description\":\"Shopping centar u centru Splita s velikom ponudom odje\u0107e, obu\u0107e, sportske opreme, namje\u0161taja i elektronike, uz najbolje popuste i akcije.\",\"publisher\":{\"@id\":\"https:\/\/joker.hr\/#organization\"},\"potentialAction\":[{\"@type\":\"SearchAction\",\"target\":{\"@type\":\"EntryPoint\",\"urlTemplate\":\"https:\/\/joker.hr\/?s={search_term_string}\"},\"query-input\":{\"@type\":\"PropertyValueSpecification\",\"valueRequired\":true,\"valueName\":\"search_term_string\"}}],\"inLanguage\":\"en-US\"},{\"@type\":\"Organization\",\"@id\":\"https:\/\/joker.hr\/#organization\",\"name\":\"Joker\",\"url\":\"https:\/\/joker.hr\/\",\"logo\":{\"@type\":\"ImageObject\",\"inLanguage\":\"en-US\",\"@id\":\"https:\/\/joker.hr\/#\/schema\/logo\/image\/\",\"url\":\"https:\/\/joker.hr\/wp-content\/uploads\/2019\/07\/joker-logo.svg\",\"contentUrl\":\"https:\/\/joker.hr\/wp-content\/uploads\/2019\/07\/joker-logo.svg\",\"width\":1,\"height\":1,\"caption\":\"Joker\"},\"image\":{\"@id\":\"https:\/\/joker.hr\/#\/schema\/logo\/image\/\"},\"sameAs\":[\"https:\/\/www.facebook.com\/jokersplit\/?ref=br_rs\"]}]}<\/script>\n<!-- \/ Yoast SEO plugin. -->","yoast_head_json":{"title":"Bars - Joker.hr - a hotspot for locals and place to unwind after shopping","description":"In Joker mall, guests can enjoy five cafe bars which have become a hotspot for locals of Split and perfect place to unwind","robots":{"index":"index","follow":"follow","max-snippet":"max-snippet:-1","max-image-preview":"max-image-preview:large","max-video-preview":"max-video-preview:-1"},"canonical":"https:\/\/joker.hr\/en\/bars-in-joker\/","og_locale":"en_US","og_type":"article","og_title":"Bars - Joker.hr - a hotspot for locals and place to unwind after shopping","og_description":"In Joker mall, guests can enjoy five cafe bars which have become a hotspot for locals of Split and perfect place to unwind","og_url":"https:\/\/joker.hr\/en\/bars-in-joker\/","og_site_name":"Joker.hr","article_publisher":"https:\/\/www.facebook.com\/jokersplit\/?ref=br_rs","article_modified_time":"2024-07-08T11:33:35+00:00","og_image":[{"width":1280,"height":853,"url":"https:\/\/joker.hr\/wp-content\/uploads\/2024\/07\/JZ2A2913.jpg","type":"image\/jpeg"}],"twitter_card":"summary_large_image","twitter_misc":{"Est. reading time":"1 minute"},"schema":{"@context":"https:\/\/schema.org","@graph":[{"@type":"WebPage","@id":"https:\/\/joker.hr\/en\/bars-in-joker\/","url":"https:\/\/joker.hr\/en\/bars-in-joker\/","name":"Bars - Joker.hr - a hotspot for locals and place to unwind after shopping","isPartOf":{"@id":"https:\/\/joker.hr\/#website"},"primaryImageOfPage":{"@id":"https:\/\/joker.hr\/en\/bars-in-joker\/#primaryimage"},"image":{"@id":"https:\/\/joker.hr\/en\/bars-in-joker\/#primaryimage"},"thumbnailUrl":"https:\/\/joker.hr\/wp-content\/uploads\/2024\/07\/JZ2A2913.jpg","datePublished":"2019-05-29T09:39:08+00:00","dateModified":"2024-07-08T11:33:35+00:00","description":"In Joker mall, guests can enjoy five cafe bars which have become a hotspot for locals of Split and perfect place to unwind","breadcrumb":{"@id":"https:\/\/joker.hr\/en\/bars-in-joker\/#breadcrumb"},"inLanguage":"en-US","potentialAction":[{"@type":"ReadAction","target":["https:\/\/joker.hr\/en\/bars-in-joker\/"]}]},{"@type":"ImageObject","inLanguage":"en-US","@id":"https:\/\/joker.hr\/en\/bars-in-joker\/#primaryimage","url":"https:\/\/joker.hr\/wp-content\/uploads\/2024\/07\/JZ2A2913.jpg","contentUrl":"https:\/\/joker.hr\/wp-content\/uploads\/2024\/07\/JZ2A2913.jpg","width":1280,"height":853},{"@type":"BreadcrumbList","@id":"https:\/\/joker.hr\/en\/bars-in-joker\/#breadcrumb","itemListElement":[{"@type":"ListItem","position":1,"name":"Po\u010detna stranica","item":"https:\/\/joker.hr\/"},{"@type":"ListItem","position":2,"name":"Bars"}]},{"@type":"WebSite","@id":"https:\/\/joker.hr\/#website","url":"https:\/\/joker.hr\/","name":"Joker.hr","description":"Shopping centar u centru Splita s velikom ponudom odje\u0107e, obu\u0107e, sportske opreme, namje\u0161taja i elektronike, uz najbolje popuste i akcije.","publisher":{"@id":"https:\/\/joker.hr\/#organization"},"potentialAction":[{"@type":"SearchAction","target":{"@type":"EntryPoint","urlTemplate":"https:\/\/joker.hr\/?s={search_term_string}"},"query-input":{"@type":"PropertyValueSpecification","valueRequired":true,"valueName":"search_term_string"}}],"inLanguage":"en-US"},{"@type":"Organization","@id":"https:\/\/joker.hr\/#organization","name":"Joker","url":"https:\/\/joker.hr\/","logo":{"@type":"ImageObject","inLanguage":"en-US","@id":"https:\/\/joker.hr\/#\/schema\/logo\/image\/","url":"https:\/\/joker.hr\/wp-content\/uploads\/2019\/07\/joker-logo.svg","contentUrl":"https:\/\/joker.hr\/wp-content\/uploads\/2019\/07\/joker-logo.svg","width":1,"height":1,"caption":"Joker"},"image":{"@id":"https:\/\/joker.hr\/#\/schema\/logo\/image\/"},"sameAs":["https:\/\/www.facebook.com\/jokersplit\/?ref=br_rs"]}]}},"_links":{"self":[{"href":"https:\/\/joker.hr\/en\/wp-json\/wp\/v2\/pages\/608","targetHints":{"allow":["GET"]}}],"collection":[{"href":"https:\/\/joker.hr\/en\/wp-json\/wp\/v2\/pages"}],"about":[{"href":"https:\/\/joker.hr\/en\/wp-json\/wp\/v2\/types\/page"}],"author":[{"embeddable":true,"href":"https:\/\/joker.hr\/en\/wp-json\/wp\/v2\/users\/1"}],"replies":[{"embeddable":true,"href":"https:\/\/joker.hr\/en\/wp-json\/wp\/v2\/comments?post=608"}],"version-history":[{"count":0,"href":"https:\/\/joker.hr\/en\/wp-json\/wp\/v2\/pages\/608\/revisions"}],"wp:featuredmedia":[{"embeddable":true,"href":"https:\/\/joker.hr\/en\/wp-json\/wp\/v2\/media\/36433"}],"wp:attachment":[{"href":"https:\/\/joker.hr\/en\/wp-json\/wp\/v2\/media?parent=608"}],"curies":[{"name":"wp","href":"https:\/\/api.w.org\/{rel}","templated":true}]}}