{"id":586,"date":"2019-05-29T09:30:57","date_gmt":"2019-05-29T09:30:57","guid":{"rendered":"http:\/\/192.168.19.50\/?page_id=586"},"modified":"2022-07-14T13:26:25","modified_gmt":"2022-07-14T13:26:25","slug":"beauty-in-joker","status":"publish","type":"page","link":"https:\/\/joker.hr\/en\/beauty-in-joker\/","title":{"rendered":"Beauty"},"content":{"rendered":"\n<p>Find all that you need for beauty in Joker: in addition to the perfumery and other <a href=\"https:\/\/joker.hr\/en\/stores\/\">shops<\/a> which offer a wide range of cosmetics and beauty products, Joker offers a variety of beauty treatments and services for visitors.<\/p>\n\n\n\n<p>On the 4th floor of the Joker Shopping Mall, you can find\u00a0<strong>The Body Clinique, <\/strong>a <a href=\"https:\/\/joker.hr\/en\/store\/the-body-clinique\/\">center for non-invasive body and face treatments<\/a> and care. As a part of\u00a0a group that integrates Joker Fitness, Smart Fit, and Lakat physical therapy, The Body Clinique is<strong>\u00a0<\/strong>one of the best equipped and most innovative centers for non-invasive body reshaping in this region.<\/p>\n\n\n\n<figure class=\"wp-block-image\"><img decoding=\"async\" width=\"1024\" height=\"768\" data-src=\"https:\/\/joker.hr\/wp-content\/uploads\/2022\/07\/the_body_clinique_13-1024x768.jpeg\" alt=\"\" class=\"wp-image-29719 lazyload\" data-srcset=\"https:\/\/joker.hr\/wp-content\/uploads\/2022\/07\/the_body_clinique_13-1024x768.jpeg 1024w, https:\/\/joker.hr\/wp-content\/uploads\/2022\/07\/the_body_clinique_13-300x225.jpeg 300w, https:\/\/joker.hr\/wp-content\/uploads\/2022\/07\/the_body_clinique_13-768x576.jpeg 768w, https:\/\/joker.hr\/wp-content\/uploads\/2022\/07\/the_body_clinique_13.jpeg 2048w\" data-sizes=\"(max-width: 1024px) 100vw, 1024px\" src=\"data:image\/svg+xml;base64,PHN2ZyB3aWR0aD0iMSIgaGVpZ2h0PSIxIiB4bWxucz0iaHR0cDovL3d3dy53My5vcmcvMjAwMC9zdmciPjwvc3ZnPg==\" style=\"--smush-placeholder-width: 1024px; --smush-placeholder-aspect-ratio: 1024\/768;\" \/><\/figure>\n\n\n\n<p>If you are into body care, The Body Clinique offers wide range of treatments provided by Med Contour Multipower device, which is the most performed non-surgical treatment for the removal of fat cells globally. This equipment work on the principle of radio frequency, designed to tighten loosened skin on the face and the body. Other professional beauty treatments &#8211; Hydrafacial and Mesoestetic, are your best choice for facial rejuvenation, collagen regeneration, and deep hydration.<\/p>\n\n\n\n<p>Besides beauty treatments, at The Body Clinique you can arrange your physical therapy or sports rehabilitation and heal your pain and injuries.<\/p>\n\n\n\n<p>Hair Salon <a href=\"https:\/\/joker.hr\/en\/store\/frizerski-salon-michelle\/?location=michelle_2_\">Michelle <\/a>on the third floor has made its mark as one of the cherished beauty addresses in Split over the years, and <a href=\"https:\/\/joker.hr\/en\/store\/queen-lashes-and-brows\/?location=queen-bar\">Queen <\/a>Brow and Lash Bar specializes in eyebrows, lash lifts, eyelash extensions and more. <a href=\"https:\/\/joker.hr\/en\/store\/nailgo\/\">The Nail Clinique<\/a> will be your perfect spot for manicures and professional nail treatments.<\/p>\n\n\n\n<p>But that&#8217;s not all &#8211;<a href=\"https:\/\/joker.hr\/en\/store\/anabella-beauty-spot\/\"> Fabu Spot<\/a> also offers consultations, professional makeup, and a range of different beauty treatments.<br><\/p>\n","protected":false},"excerpt":{"rendered":"<p>Find all that you need for beauty in Joker: in addition to the perfumery and other shops which offer a wide range of cosmetics and beauty products, Joker offers a variety of beauty treatments and services for visitors. On the 4th floor of the Joker Shopping Mall, you can find\u00a0The Body Clinique, a center for [&hellip;]<\/p>\n","protected":false},"author":1,"featured_media":589,"parent":0,"menu_order":0,"comment_status":"closed","ping_status":"closed","template":"","meta":{"_acf_changed":false,"footnotes":""},"class_list":["post-586","page","type-page","status-publish","has-post-thumbnail","hentry"],"acf":[],"yoast_head":"<!-- This site is optimized with the Yoast SEO plugin v26.8 - https:\/\/yoast.com\/product\/yoast-seo-wordpress\/ -->\n<title>Beauty - Joker.hr - a variety of beauty treatments and services for visitors<\/title>\n<meta name=\"description\" content=\"Find all that you need for beauty in Joker: a variety of beauty treatments and services for visitors, in addition to the perfumery and other cosmetics shops\" \/>\n<meta name=\"robots\" content=\"index, follow, max-snippet:-1, max-image-preview:large, max-video-preview:-1\" \/>\n<link rel=\"canonical\" href=\"https:\/\/joker.hr\/en\/beauty-in-joker\/\" \/>\n<meta property=\"og:locale\" content=\"en_US\" \/>\n<meta property=\"og:type\" content=\"article\" \/>\n<meta property=\"og:title\" content=\"Beauty - Joker.hr - a variety of beauty treatments and services for visitors\" \/>\n<meta property=\"og:description\" content=\"Find all that you need for beauty in Joker: a variety of beauty treatments and services for visitors, in addition to the perfumery and other cosmetics shops\" \/>\n<meta property=\"og:url\" content=\"https:\/\/joker.hr\/en\/beauty-in-joker\/\" \/>\n<meta property=\"og:site_name\" content=\"Joker.hr\" \/>\n<meta property=\"article:publisher\" content=\"https:\/\/www.facebook.com\/jokersplit\/?ref=br_rs\" \/>\n<meta property=\"article:modified_time\" content=\"2022-07-14T13:26:25+00:00\" \/>\n<meta property=\"og:image\" content=\"https:\/\/joker.hr\/wp-content\/uploads\/2019\/05\/shutterstock_1151903417.jpg\" \/>\n\t<meta property=\"og:image:width\" content=\"2048\" \/>\n\t<meta property=\"og:image:height\" content=\"1365\" \/>\n\t<meta property=\"og:image:type\" content=\"image\/jpeg\" \/>\n<meta name=\"twitter:card\" content=\"summary_large_image\" \/>\n<meta name=\"twitter:label1\" content=\"Est. reading time\" \/>\n\t<meta name=\"twitter:data1\" content=\"1 minute\" \/>\n<script type=\"application\/ld+json\" class=\"yoast-schema-graph\">{\"@context\":\"https:\/\/schema.org\",\"@graph\":[{\"@type\":\"WebPage\",\"@id\":\"https:\/\/joker.hr\/en\/beauty-in-joker\/\",\"url\":\"https:\/\/joker.hr\/en\/beauty-in-joker\/\",\"name\":\"Beauty - Joker.hr - a variety of beauty treatments and services for visitors\",\"isPartOf\":{\"@id\":\"https:\/\/joker.hr\/#website\"},\"primaryImageOfPage\":{\"@id\":\"https:\/\/joker.hr\/en\/beauty-in-joker\/#primaryimage\"},\"image\":{\"@id\":\"https:\/\/joker.hr\/en\/beauty-in-joker\/#primaryimage\"},\"thumbnailUrl\":\"https:\/\/joker.hr\/wp-content\/uploads\/2019\/05\/shutterstock_1151903417.jpg\",\"datePublished\":\"2019-05-29T09:30:57+00:00\",\"dateModified\":\"2022-07-14T13:26:25+00:00\",\"description\":\"Find all that you need for beauty in Joker: a variety of beauty treatments and services for visitors, in addition to the perfumery and other cosmetics shops\",\"breadcrumb\":{\"@id\":\"https:\/\/joker.hr\/en\/beauty-in-joker\/#breadcrumb\"},\"inLanguage\":\"en-US\",\"potentialAction\":[{\"@type\":\"ReadAction\",\"target\":[\"https:\/\/joker.hr\/en\/beauty-in-joker\/\"]}]},{\"@type\":\"ImageObject\",\"inLanguage\":\"en-US\",\"@id\":\"https:\/\/joker.hr\/en\/beauty-in-joker\/#primaryimage\",\"url\":\"https:\/\/joker.hr\/wp-content\/uploads\/2019\/05\/shutterstock_1151903417.jpg\",\"contentUrl\":\"https:\/\/joker.hr\/wp-content\/uploads\/2019\/05\/shutterstock_1151903417.jpg\",\"width\":2048,\"height\":1365,\"caption\":\"ljepota Joker\"},{\"@type\":\"BreadcrumbList\",\"@id\":\"https:\/\/joker.hr\/en\/beauty-in-joker\/#breadcrumb\",\"itemListElement\":[{\"@type\":\"ListItem\",\"position\":1,\"name\":\"Po\u010detna stranica\",\"item\":\"https:\/\/joker.hr\/\"},{\"@type\":\"ListItem\",\"position\":2,\"name\":\"Beauty\"}]},{\"@type\":\"WebSite\",\"@id\":\"https:\/\/joker.hr\/#website\",\"url\":\"https:\/\/joker.hr\/\",\"name\":\"Joker.hr\",\"description\":\"Shopping centar u centru Splita s velikom ponudom odje\u0107e, obu\u0107e, sportske opreme, namje\u0161taja i elektronike, uz najbolje popuste i akcije.\",\"publisher\":{\"@id\":\"https:\/\/joker.hr\/#organization\"},\"potentialAction\":[{\"@type\":\"SearchAction\",\"target\":{\"@type\":\"EntryPoint\",\"urlTemplate\":\"https:\/\/joker.hr\/?s={search_term_string}\"},\"query-input\":{\"@type\":\"PropertyValueSpecification\",\"valueRequired\":true,\"valueName\":\"search_term_string\"}}],\"inLanguage\":\"en-US\"},{\"@type\":\"Organization\",\"@id\":\"https:\/\/joker.hr\/#organization\",\"name\":\"Joker\",\"url\":\"https:\/\/joker.hr\/\",\"logo\":{\"@type\":\"ImageObject\",\"inLanguage\":\"en-US\",\"@id\":\"https:\/\/joker.hr\/#\/schema\/logo\/image\/\",\"url\":\"https:\/\/joker.hr\/wp-content\/uploads\/2019\/07\/joker-logo.svg\",\"contentUrl\":\"https:\/\/joker.hr\/wp-content\/uploads\/2019\/07\/joker-logo.svg\",\"width\":1,\"height\":1,\"caption\":\"Joker\"},\"image\":{\"@id\":\"https:\/\/joker.hr\/#\/schema\/logo\/image\/\"},\"sameAs\":[\"https:\/\/www.facebook.com\/jokersplit\/?ref=br_rs\"]}]}<\/script>\n<!-- \/ Yoast SEO plugin. -->","yoast_head_json":{"title":"Beauty - Joker.hr - a variety of beauty treatments and services for visitors","description":"Find all that you need for beauty in Joker: a variety of beauty treatments and services for visitors, in addition to the perfumery and other cosmetics shops","robots":{"index":"index","follow":"follow","max-snippet":"max-snippet:-1","max-image-preview":"max-image-preview:large","max-video-preview":"max-video-preview:-1"},"canonical":"https:\/\/joker.hr\/en\/beauty-in-joker\/","og_locale":"en_US","og_type":"article","og_title":"Beauty - Joker.hr - a variety of beauty treatments and services for visitors","og_description":"Find all that you need for beauty in Joker: a variety of beauty treatments and services for visitors, in addition to the perfumery and other cosmetics shops","og_url":"https:\/\/joker.hr\/en\/beauty-in-joker\/","og_site_name":"Joker.hr","article_publisher":"https:\/\/www.facebook.com\/jokersplit\/?ref=br_rs","article_modified_time":"2022-07-14T13:26:25+00:00","og_image":[{"width":2048,"height":1365,"url":"https:\/\/joker.hr\/wp-content\/uploads\/2019\/05\/shutterstock_1151903417.jpg","type":"image\/jpeg"}],"twitter_card":"summary_large_image","twitter_misc":{"Est. reading time":"1 minute"},"schema":{"@context":"https:\/\/schema.org","@graph":[{"@type":"WebPage","@id":"https:\/\/joker.hr\/en\/beauty-in-joker\/","url":"https:\/\/joker.hr\/en\/beauty-in-joker\/","name":"Beauty - Joker.hr - a variety of beauty treatments and services for visitors","isPartOf":{"@id":"https:\/\/joker.hr\/#website"},"primaryImageOfPage":{"@id":"https:\/\/joker.hr\/en\/beauty-in-joker\/#primaryimage"},"image":{"@id":"https:\/\/joker.hr\/en\/beauty-in-joker\/#primaryimage"},"thumbnailUrl":"https:\/\/joker.hr\/wp-content\/uploads\/2019\/05\/shutterstock_1151903417.jpg","datePublished":"2019-05-29T09:30:57+00:00","dateModified":"2022-07-14T13:26:25+00:00","description":"Find all that you need for beauty in Joker: a variety of beauty treatments and services for visitors, in addition to the perfumery and other cosmetics shops","breadcrumb":{"@id":"https:\/\/joker.hr\/en\/beauty-in-joker\/#breadcrumb"},"inLanguage":"en-US","potentialAction":[{"@type":"ReadAction","target":["https:\/\/joker.hr\/en\/beauty-in-joker\/"]}]},{"@type":"ImageObject","inLanguage":"en-US","@id":"https:\/\/joker.hr\/en\/beauty-in-joker\/#primaryimage","url":"https:\/\/joker.hr\/wp-content\/uploads\/2019\/05\/shutterstock_1151903417.jpg","contentUrl":"https:\/\/joker.hr\/wp-content\/uploads\/2019\/05\/shutterstock_1151903417.jpg","width":2048,"height":1365,"caption":"ljepota Joker"},{"@type":"BreadcrumbList","@id":"https:\/\/joker.hr\/en\/beauty-in-joker\/#breadcrumb","itemListElement":[{"@type":"ListItem","position":1,"name":"Po\u010detna stranica","item":"https:\/\/joker.hr\/"},{"@type":"ListItem","position":2,"name":"Beauty"}]},{"@type":"WebSite","@id":"https:\/\/joker.hr\/#website","url":"https:\/\/joker.hr\/","name":"Joker.hr","description":"Shopping centar u centru Splita s velikom ponudom odje\u0107e, obu\u0107e, sportske opreme, namje\u0161taja i elektronike, uz najbolje popuste i akcije.","publisher":{"@id":"https:\/\/joker.hr\/#organization"},"potentialAction":[{"@type":"SearchAction","target":{"@type":"EntryPoint","urlTemplate":"https:\/\/joker.hr\/?s={search_term_string}"},"query-input":{"@type":"PropertyValueSpecification","valueRequired":true,"valueName":"search_term_string"}}],"inLanguage":"en-US"},{"@type":"Organization","@id":"https:\/\/joker.hr\/#organization","name":"Joker","url":"https:\/\/joker.hr\/","logo":{"@type":"ImageObject","inLanguage":"en-US","@id":"https:\/\/joker.hr\/#\/schema\/logo\/image\/","url":"https:\/\/joker.hr\/wp-content\/uploads\/2019\/07\/joker-logo.svg","contentUrl":"https:\/\/joker.hr\/wp-content\/uploads\/2019\/07\/joker-logo.svg","width":1,"height":1,"caption":"Joker"},"image":{"@id":"https:\/\/joker.hr\/#\/schema\/logo\/image\/"},"sameAs":["https:\/\/www.facebook.com\/jokersplit\/?ref=br_rs"]}]}},"_links":{"self":[{"href":"https:\/\/joker.hr\/en\/wp-json\/wp\/v2\/pages\/586","targetHints":{"allow":["GET"]}}],"collection":[{"href":"https:\/\/joker.hr\/en\/wp-json\/wp\/v2\/pages"}],"about":[{"href":"https:\/\/joker.hr\/en\/wp-json\/wp\/v2\/types\/page"}],"author":[{"embeddable":true,"href":"https:\/\/joker.hr\/en\/wp-json\/wp\/v2\/users\/1"}],"replies":[{"embeddable":true,"href":"https:\/\/joker.hr\/en\/wp-json\/wp\/v2\/comments?post=586"}],"version-history":[{"count":0,"href":"https:\/\/joker.hr\/en\/wp-json\/wp\/v2\/pages\/586\/revisions"}],"wp:featuredmedia":[{"embeddable":true,"href":"https:\/\/joker.hr\/en\/wp-json\/wp\/v2\/media\/589"}],"wp:attachment":[{"href":"https:\/\/joker.hr\/en\/wp-json\/wp\/v2\/media?parent=586"}],"curies":[{"name":"wp","href":"https:\/\/api.w.org\/{rel}","templated":true}]}}