{"id":570,"date":"2019-05-29T09:27:03","date_gmt":"2019-05-29T09:27:03","guid":{"rendered":"http:\/\/192.168.19.50\/?page_id=570"},"modified":"2025-06-09T11:10:46","modified_gmt":"2025-06-09T11:10:46","slug":"food-court","status":"publish","type":"page","link":"https:\/\/joker.hr\/en\/food-court\/","title":{"rendered":"Restaurants"},"content":{"rendered":"\n<blockquote class=\"wp-block-quote is-layout-flow wp-block-quote-is-layout-flow\">\n<p>Joker Mall is a place where you can indulge in a variety of cuisines, healthy eats, budget meals and delicious ways to sweeten your shopping experience.  <\/p>\n<\/blockquote>\n\n\n\n<p>Let&#8217;s start with <strong>Level Restaurant<\/strong>, the innovative fusion of gastronomic pleasure and entertainment, which sets a new level of indulgence in hedonism in Split. The thoughtfully designed space is a combination of contemporary elegance and modern luxury. The courses of delicacies prepared by Chef Pero Savanovi\u0107 invite you on a journey through flavors<\/p>\n\n\n\n<figure class=\"wp-block-image\"><img decoding=\"async\" width=\"1024\" height=\"684\" data-src=\"https:\/\/joker.hr\/wp-content\/uploads\/2023\/12\/Level_food_virage-024-1024x684.jpg\" alt=\"\" class=\"wp-image-34575 lazyload\" data-srcset=\"https:\/\/joker.hr\/wp-content\/uploads\/2023\/12\/Level_food_virage-024-1024x684.jpg 1024w, https:\/\/joker.hr\/wp-content\/uploads\/2023\/12\/Level_food_virage-024-300x200.jpg 300w, https:\/\/joker.hr\/wp-content\/uploads\/2023\/12\/Level_food_virage-024-768x513.jpg 768w, https:\/\/joker.hr\/wp-content\/uploads\/2023\/12\/Level_food_virage-024.jpg 2048w\" data-sizes=\"(max-width: 1024px) 100vw, 1024px\" src=\"data:image\/svg+xml;base64,PHN2ZyB3aWR0aD0iMSIgaGVpZ2h0PSIxIiB4bWxucz0iaHR0cDovL3d3dy53My5vcmcvMjAwMC9zdmciPjwvc3ZnPg==\" style=\"--smush-placeholder-width: 1024px; --smush-placeholder-aspect-ratio: 1024\/684;\" \/><figcaption class=\"wp-element-caption\">Level Restaurant<\/figcaption><\/figure>\n\n\n\n<p>The must-visit gastronomic destination at Joker is undoubtedly the popular <strong>Chevap by Chef Duje Pisac<\/strong>, who has quickly become the number-one choice for lovers of this traditional meat dish. Find this popular gourmet spot in our food court at 4th floor.<\/p>\n\n\n\n<figure class=\"wp-block-image\"><img decoding=\"async\" width=\"1024\" height=\"683\" data-src=\"https:\/\/joker.hr\/wp-content\/uploads\/2023\/05\/1684839288771-1024x683.jpg\" alt=\"\" class=\"wp-image-33216 lazyload\" data-srcset=\"https:\/\/joker.hr\/wp-content\/uploads\/2023\/05\/1684839288771-1024x683.jpg 1024w, https:\/\/joker.hr\/wp-content\/uploads\/2023\/05\/1684839288771-300x200.jpg 300w, https:\/\/joker.hr\/wp-content\/uploads\/2023\/05\/1684839288771-768x512.jpg 768w, https:\/\/joker.hr\/wp-content\/uploads\/2023\/05\/1684839288771.jpg 2048w\" data-sizes=\"(max-width: 1024px) 100vw, 1024px\" src=\"data:image\/svg+xml;base64,PHN2ZyB3aWR0aD0iMSIgaGVpZ2h0PSIxIiB4bWxucz0iaHR0cDovL3d3dy53My5vcmcvMjAwMC9zdmciPjwvc3ZnPg==\" style=\"--smush-placeholder-width: 1024px; --smush-placeholder-aspect-ratio: 1024\/683;\" \/><figcaption class=\"wp-element-caption\">Chevap by Chef Duje Pisac<\/figcaption><\/figure>\n\n\n\n<p>Enjoy the famous taste of irresistible <strong>Ali Kebaba<\/strong> products in Joker&#8217;s food court on the fourth floor of the center. At Ali Kebaba, the food is always fresh and prepared to order.<strong> \u201cWorld-class flavour&#8221;\u00a0<\/strong><\/p>\n\n\n\n<p>You can choose your favorite kebab in a bun, tortilla, or salad, from beef or chicken meat (or a mix of them). With a wide selection of drinks and desserts for every taste, you will round off your complete meal with Ali Kebaba \u201cworld-class flavour&#8221;.<\/p>\n\n\n\n<figure class=\"wp-block-image size-full\"><img decoding=\"async\" width=\"630\" height=\"600\" data-src=\"https:\/\/joker.hr\/wp-content\/uploads\/2025\/06\/ali-kebaba-2.jpg\" alt=\"\" class=\"wp-image-39212 lazyload\" data-srcset=\"https:\/\/joker.hr\/wp-content\/uploads\/2025\/06\/ali-kebaba-2.jpg 630w, https:\/\/joker.hr\/wp-content\/uploads\/2025\/06\/ali-kebaba-2-300x286.jpg 300w\" data-sizes=\"(max-width: 630px) 100vw, 630px\" src=\"data:image\/svg+xml;base64,PHN2ZyB3aWR0aD0iMSIgaGVpZ2h0PSIxIiB4bWxucz0iaHR0cDovL3d3dy53My5vcmcvMjAwMC9zdmciPjwvc3ZnPg==\" style=\"--smush-placeholder-width: 630px; --smush-placeholder-aspect-ratio: 630\/600;\" \/><\/figure>\n\n\n\n<p>On the center&#8217;s fourth floor, you can also find the <strong>Chinese restaurant Yun<\/strong>, a specialized restaurant with an exotic touch, that will provide tasty meals.<\/p>\n\n\n\n<figure class=\"wp-block-image\"><img decoding=\"async\" width=\"1024\" height=\"683\" data-src=\"https:\/\/joker.hr\/wp-content\/uploads\/2024\/07\/kinez-1024x683.jpg\" alt=\"\" class=\"wp-image-36487 lazyload\" data-srcset=\"https:\/\/joker.hr\/wp-content\/uploads\/2024\/07\/kinez-1024x683.jpg 1024w, https:\/\/joker.hr\/wp-content\/uploads\/2024\/07\/kinez-300x200.jpg 300w, https:\/\/joker.hr\/wp-content\/uploads\/2024\/07\/kinez-768x512.jpg 768w, https:\/\/joker.hr\/wp-content\/uploads\/2024\/07\/kinez.jpg 1400w\" data-sizes=\"(max-width: 1024px) 100vw, 1024px\" src=\"data:image\/svg+xml;base64,PHN2ZyB3aWR0aD0iMSIgaGVpZ2h0PSIxIiB4bWxucz0iaHR0cDovL3d3dy53My5vcmcvMjAwMC9zdmciPjwvc3ZnPg==\" style=\"--smush-placeholder-width: 1024px; --smush-placeholder-aspect-ratio: 1024\/683;\" \/><figcaption class=\"wp-element-caption\">Chinese restaurant Yun<\/figcaption><\/figure>\n\n\n\n<p><strong>Opa! Tasty Greek Bites<\/strong> is another popular restaurant in the Joker&#8217;s Food Court, a preferred place for meat and healthy food lovers.<\/p>\n\n\n\n<figure class=\"wp-block-image\"><img decoding=\"async\" width=\"1024\" height=\"683\" data-src=\"https:\/\/joker.hr\/wp-content\/uploads\/2022\/07\/24-1024x683.jpg\" alt=\"\" class=\"wp-image-29641 lazyload\" data-srcset=\"https:\/\/joker.hr\/wp-content\/uploads\/2022\/07\/24-1024x683.jpg 1024w, https:\/\/joker.hr\/wp-content\/uploads\/2022\/07\/24-300x200.jpg 300w, https:\/\/joker.hr\/wp-content\/uploads\/2022\/07\/24-768x512.jpg 768w, https:\/\/joker.hr\/wp-content\/uploads\/2022\/07\/24.jpg 2048w\" data-sizes=\"(max-width: 1024px) 100vw, 1024px\" src=\"data:image\/svg+xml;base64,PHN2ZyB3aWR0aD0iMSIgaGVpZ2h0PSIxIiB4bWxucz0iaHR0cDovL3d3dy53My5vcmcvMjAwMC9zdmciPjwvc3ZnPg==\" style=\"--smush-placeholder-width: 1024px; --smush-placeholder-aspect-ratio: 1024\/683;\" \/><figcaption class=\"wp-element-caption\"> Opa! Tasty greek bites<\/figcaption><\/figure>\n\n\n\n<p>The renovated open terrace is a haven for al fresco dining, while children&#8217;s entertainment will be enhanced with a newly designed playground.<\/p>\n\n\n\n<p>While we\u2019re excited about the new offer at Joker, we can\u2019t forget the already established food spots on the ground floor &#8211; the favorite <strong><a href=\"https:\/\/joker.hr\/en\/store\/mcdonalds\/\">McDonald&#8217;s<\/a><\/strong> restaurant and <strong><a href=\"https:\/\/joker.hr\/en\/store\/rizzo\/\">Rizzo<\/a><\/strong><a href=\"https:\/\/joker.hr\/en\/store\/rizzo\/\"> <\/a><strong><a href=\"https:\/\/joker.hr\/en\/store\/rizzo\/\">sandwich bar<\/a><\/strong>.<\/p>\n\n\n\n<figure class=\"wp-block-image\"><img decoding=\"async\" width=\"1024\" height=\"667\" data-src=\"https:\/\/joker.hr\/wp-content\/uploads\/2022\/07\/McDonalds1-joker-1024x667.jpg\" alt=\"\" class=\"wp-image-29620 lazyload\" data-srcset=\"https:\/\/joker.hr\/wp-content\/uploads\/2022\/07\/McDonalds1-joker-1024x667.jpg 1024w, https:\/\/joker.hr\/wp-content\/uploads\/2022\/07\/McDonalds1-joker-300x195.jpg 300w, https:\/\/joker.hr\/wp-content\/uploads\/2022\/07\/McDonalds1-joker-768x500.jpg 768w, https:\/\/joker.hr\/wp-content\/uploads\/2022\/07\/McDonalds1-joker.jpg 2048w\" data-sizes=\"(max-width: 1024px) 100vw, 1024px\" src=\"data:image\/svg+xml;base64,PHN2ZyB3aWR0aD0iMSIgaGVpZ2h0PSIxIiB4bWxucz0iaHR0cDovL3d3dy53My5vcmcvMjAwMC9zdmciPjwvc3ZnPg==\" style=\"--smush-placeholder-width: 1024px; --smush-placeholder-aspect-ratio: 1024\/667;\" \/><figcaption class=\"wp-element-caption\">McDonald Joker<\/figcaption><\/figure>\n\n\n\n<figure class=\"wp-block-image\"><img decoding=\"async\" width=\"1024\" height=\"683\" data-src=\"https:\/\/joker.hr\/wp-content\/uploads\/2022\/07\/McDonalds25-1024x683.jpg\" alt=\"\" class=\"wp-image-29626 lazyload\" data-srcset=\"https:\/\/joker.hr\/wp-content\/uploads\/2022\/07\/McDonalds25-1024x683.jpg 1024w, https:\/\/joker.hr\/wp-content\/uploads\/2022\/07\/McDonalds25-300x200.jpg 300w, https:\/\/joker.hr\/wp-content\/uploads\/2022\/07\/McDonalds25-768x512.jpg 768w, https:\/\/joker.hr\/wp-content\/uploads\/2022\/07\/McDonalds25.jpg 2048w\" data-sizes=\"(max-width: 1024px) 100vw, 1024px\" src=\"data:image\/svg+xml;base64,PHN2ZyB3aWR0aD0iMSIgaGVpZ2h0PSIxIiB4bWxucz0iaHR0cDovL3d3dy53My5vcmcvMjAwMC9zdmciPjwvc3ZnPg==\" style=\"--smush-placeholder-width: 1024px; --smush-placeholder-aspect-ratio: 1024\/683;\" \/><figcaption class=\"wp-element-caption\">McDonalds Joker<\/figcaption><\/figure>\n\n\n\n<p>While in Split, don&#8217;t miss the best food treats at Joker Food!<br><\/p>\n","protected":false},"excerpt":{"rendered":"<p>Joker Mall is a place where you can indulge in a variety of cuisines, healthy eats, budget meals and delicious ways to sweeten your shopping experience. Let&#8217;s start with Level Restaurant, the innovative fusion of gastronomic pleasure and entertainment, which sets a new level of indulgence in hedonism in Split. The thoughtfully designed space is [&hellip;]<\/p>\n","protected":false},"author":1,"featured_media":34573,"parent":0,"menu_order":0,"comment_status":"closed","ping_status":"closed","template":"","meta":{"_acf_changed":false,"footnotes":""},"class_list":["post-570","page","type-page","status-publish","has-post-thumbnail","hentry"],"acf":[],"yoast_head":"<!-- This site is optimized with the Yoast SEO plugin v26.8 - https:\/\/yoast.com\/product\/yoast-seo-wordpress\/ -->\n<title>Restaurants - Joker.hr - Where to eat in Split Croatia<\/title>\n<meta name=\"description\" content=\"The food court at Joker Mall in Split is a sanctuary for those looking to indulge in a variety of cuisines, healthy eats and budget meals.\" \/>\n<meta name=\"robots\" content=\"index, follow, max-snippet:-1, max-image-preview:large, max-video-preview:-1\" \/>\n<link rel=\"canonical\" href=\"https:\/\/joker.hr\/en\/food-court\/\" \/>\n<meta property=\"og:locale\" content=\"en_US\" \/>\n<meta property=\"og:type\" content=\"article\" \/>\n<meta property=\"og:title\" content=\"Restaurants - Joker.hr - Where to eat in Split Croatia\" \/>\n<meta property=\"og:description\" content=\"The food court at Joker Mall in Split is a sanctuary for those looking to indulge in a variety of cuisines, healthy eats and budget meals.\" \/>\n<meta property=\"og:url\" content=\"https:\/\/joker.hr\/en\/food-court\/\" \/>\n<meta property=\"og:site_name\" content=\"Joker.hr\" \/>\n<meta property=\"article:publisher\" content=\"https:\/\/www.facebook.com\/jokersplit\/?ref=br_rs\" \/>\n<meta property=\"article:modified_time\" content=\"2025-06-09T11:10:46+00:00\" \/>\n<meta property=\"og:image\" content=\"https:\/\/joker.hr\/wp-content\/uploads\/2023\/12\/Level_Split_Virage-002.jpg\" \/>\n\t<meta property=\"og:image:width\" content=\"2048\" \/>\n\t<meta property=\"og:image:height\" content=\"1365\" \/>\n\t<meta property=\"og:image:type\" content=\"image\/jpeg\" \/>\n<meta name=\"twitter:card\" content=\"summary_large_image\" \/>\n<meta name=\"twitter:label1\" content=\"Est. reading time\" \/>\n\t<meta name=\"twitter:data1\" content=\"4 minutes\" \/>\n<script type=\"application\/ld+json\" class=\"yoast-schema-graph\">{\"@context\":\"https:\/\/schema.org\",\"@graph\":[{\"@type\":\"WebPage\",\"@id\":\"https:\/\/joker.hr\/en\/food-court\/\",\"url\":\"https:\/\/joker.hr\/en\/food-court\/\",\"name\":\"Restaurants - Joker.hr - Where to eat in Split Croatia\",\"isPartOf\":{\"@id\":\"https:\/\/joker.hr\/#website\"},\"primaryImageOfPage\":{\"@id\":\"https:\/\/joker.hr\/en\/food-court\/#primaryimage\"},\"image\":{\"@id\":\"https:\/\/joker.hr\/en\/food-court\/#primaryimage\"},\"thumbnailUrl\":\"https:\/\/joker.hr\/wp-content\/uploads\/2023\/12\/Level_Split_Virage-002.jpg\",\"datePublished\":\"2019-05-29T09:27:03+00:00\",\"dateModified\":\"2025-06-09T11:10:46+00:00\",\"description\":\"The food court at Joker Mall in Split is a sanctuary for those looking to indulge in a variety of cuisines, healthy eats and budget meals.\",\"breadcrumb\":{\"@id\":\"https:\/\/joker.hr\/en\/food-court\/#breadcrumb\"},\"inLanguage\":\"en-US\",\"potentialAction\":[{\"@type\":\"ReadAction\",\"target\":[\"https:\/\/joker.hr\/en\/food-court\/\"]}]},{\"@type\":\"ImageObject\",\"inLanguage\":\"en-US\",\"@id\":\"https:\/\/joker.hr\/en\/food-court\/#primaryimage\",\"url\":\"https:\/\/joker.hr\/wp-content\/uploads\/2023\/12\/Level_Split_Virage-002.jpg\",\"contentUrl\":\"https:\/\/joker.hr\/wp-content\/uploads\/2023\/12\/Level_Split_Virage-002.jpg\",\"width\":2048,\"height\":1365},{\"@type\":\"BreadcrumbList\",\"@id\":\"https:\/\/joker.hr\/en\/food-court\/#breadcrumb\",\"itemListElement\":[{\"@type\":\"ListItem\",\"position\":1,\"name\":\"Po\u010detna stranica\",\"item\":\"https:\/\/joker.hr\/\"},{\"@type\":\"ListItem\",\"position\":2,\"name\":\"Restaurants\"}]},{\"@type\":\"WebSite\",\"@id\":\"https:\/\/joker.hr\/#website\",\"url\":\"https:\/\/joker.hr\/\",\"name\":\"Joker.hr\",\"description\":\"Shopping centar u centru Splita s velikom ponudom odje\u0107e, obu\u0107e, sportske opreme, namje\u0161taja i elektronike, uz najbolje popuste i akcije.\",\"publisher\":{\"@id\":\"https:\/\/joker.hr\/#organization\"},\"potentialAction\":[{\"@type\":\"SearchAction\",\"target\":{\"@type\":\"EntryPoint\",\"urlTemplate\":\"https:\/\/joker.hr\/?s={search_term_string}\"},\"query-input\":{\"@type\":\"PropertyValueSpecification\",\"valueRequired\":true,\"valueName\":\"search_term_string\"}}],\"inLanguage\":\"en-US\"},{\"@type\":\"Organization\",\"@id\":\"https:\/\/joker.hr\/#organization\",\"name\":\"Joker\",\"url\":\"https:\/\/joker.hr\/\",\"logo\":{\"@type\":\"ImageObject\",\"inLanguage\":\"en-US\",\"@id\":\"https:\/\/joker.hr\/#\/schema\/logo\/image\/\",\"url\":\"https:\/\/joker.hr\/wp-content\/uploads\/2019\/07\/joker-logo.svg\",\"contentUrl\":\"https:\/\/joker.hr\/wp-content\/uploads\/2019\/07\/joker-logo.svg\",\"width\":1,\"height\":1,\"caption\":\"Joker\"},\"image\":{\"@id\":\"https:\/\/joker.hr\/#\/schema\/logo\/image\/\"},\"sameAs\":[\"https:\/\/www.facebook.com\/jokersplit\/?ref=br_rs\"]}]}<\/script>\n<!-- \/ Yoast SEO plugin. -->","yoast_head_json":{"title":"Restaurants - Joker.hr - Where to eat in Split Croatia","description":"The food court at Joker Mall in Split is a sanctuary for those looking to indulge in a variety of cuisines, healthy eats and budget meals.","robots":{"index":"index","follow":"follow","max-snippet":"max-snippet:-1","max-image-preview":"max-image-preview:large","max-video-preview":"max-video-preview:-1"},"canonical":"https:\/\/joker.hr\/en\/food-court\/","og_locale":"en_US","og_type":"article","og_title":"Restaurants - Joker.hr - Where to eat in Split Croatia","og_description":"The food court at Joker Mall in Split is a sanctuary for those looking to indulge in a variety of cuisines, healthy eats and budget meals.","og_url":"https:\/\/joker.hr\/en\/food-court\/","og_site_name":"Joker.hr","article_publisher":"https:\/\/www.facebook.com\/jokersplit\/?ref=br_rs","article_modified_time":"2025-06-09T11:10:46+00:00","og_image":[{"width":2048,"height":1365,"url":"https:\/\/joker.hr\/wp-content\/uploads\/2023\/12\/Level_Split_Virage-002.jpg","type":"image\/jpeg"}],"twitter_card":"summary_large_image","twitter_misc":{"Est. reading time":"4 minutes"},"schema":{"@context":"https:\/\/schema.org","@graph":[{"@type":"WebPage","@id":"https:\/\/joker.hr\/en\/food-court\/","url":"https:\/\/joker.hr\/en\/food-court\/","name":"Restaurants - Joker.hr - Where to eat in Split Croatia","isPartOf":{"@id":"https:\/\/joker.hr\/#website"},"primaryImageOfPage":{"@id":"https:\/\/joker.hr\/en\/food-court\/#primaryimage"},"image":{"@id":"https:\/\/joker.hr\/en\/food-court\/#primaryimage"},"thumbnailUrl":"https:\/\/joker.hr\/wp-content\/uploads\/2023\/12\/Level_Split_Virage-002.jpg","datePublished":"2019-05-29T09:27:03+00:00","dateModified":"2025-06-09T11:10:46+00:00","description":"The food court at Joker Mall in Split is a sanctuary for those looking to indulge in a variety of cuisines, healthy eats and budget meals.","breadcrumb":{"@id":"https:\/\/joker.hr\/en\/food-court\/#breadcrumb"},"inLanguage":"en-US","potentialAction":[{"@type":"ReadAction","target":["https:\/\/joker.hr\/en\/food-court\/"]}]},{"@type":"ImageObject","inLanguage":"en-US","@id":"https:\/\/joker.hr\/en\/food-court\/#primaryimage","url":"https:\/\/joker.hr\/wp-content\/uploads\/2023\/12\/Level_Split_Virage-002.jpg","contentUrl":"https:\/\/joker.hr\/wp-content\/uploads\/2023\/12\/Level_Split_Virage-002.jpg","width":2048,"height":1365},{"@type":"BreadcrumbList","@id":"https:\/\/joker.hr\/en\/food-court\/#breadcrumb","itemListElement":[{"@type":"ListItem","position":1,"name":"Po\u010detna stranica","item":"https:\/\/joker.hr\/"},{"@type":"ListItem","position":2,"name":"Restaurants"}]},{"@type":"WebSite","@id":"https:\/\/joker.hr\/#website","url":"https:\/\/joker.hr\/","name":"Joker.hr","description":"Shopping centar u centru Splita s velikom ponudom odje\u0107e, obu\u0107e, sportske opreme, namje\u0161taja i elektronike, uz najbolje popuste i akcije.","publisher":{"@id":"https:\/\/joker.hr\/#organization"},"potentialAction":[{"@type":"SearchAction","target":{"@type":"EntryPoint","urlTemplate":"https:\/\/joker.hr\/?s={search_term_string}"},"query-input":{"@type":"PropertyValueSpecification","valueRequired":true,"valueName":"search_term_string"}}],"inLanguage":"en-US"},{"@type":"Organization","@id":"https:\/\/joker.hr\/#organization","name":"Joker","url":"https:\/\/joker.hr\/","logo":{"@type":"ImageObject","inLanguage":"en-US","@id":"https:\/\/joker.hr\/#\/schema\/logo\/image\/","url":"https:\/\/joker.hr\/wp-content\/uploads\/2019\/07\/joker-logo.svg","contentUrl":"https:\/\/joker.hr\/wp-content\/uploads\/2019\/07\/joker-logo.svg","width":1,"height":1,"caption":"Joker"},"image":{"@id":"https:\/\/joker.hr\/#\/schema\/logo\/image\/"},"sameAs":["https:\/\/www.facebook.com\/jokersplit\/?ref=br_rs"]}]}},"_links":{"self":[{"href":"https:\/\/joker.hr\/en\/wp-json\/wp\/v2\/pages\/570","targetHints":{"allow":["GET"]}}],"collection":[{"href":"https:\/\/joker.hr\/en\/wp-json\/wp\/v2\/pages"}],"about":[{"href":"https:\/\/joker.hr\/en\/wp-json\/wp\/v2\/types\/page"}],"author":[{"embeddable":true,"href":"https:\/\/joker.hr\/en\/wp-json\/wp\/v2\/users\/1"}],"replies":[{"embeddable":true,"href":"https:\/\/joker.hr\/en\/wp-json\/wp\/v2\/comments?post=570"}],"version-history":[{"count":0,"href":"https:\/\/joker.hr\/en\/wp-json\/wp\/v2\/pages\/570\/revisions"}],"wp:featuredmedia":[{"embeddable":true,"href":"https:\/\/joker.hr\/en\/wp-json\/wp\/v2\/media\/34573"}],"wp:attachment":[{"href":"https:\/\/joker.hr\/en\/wp-json\/wp\/v2\/media?parent=570"}],"curies":[{"name":"wp","href":"https:\/\/api.w.org\/{rel}","templated":true}]}}