{"id":486,"date":"2019-05-22T09:49:28","date_gmt":"2019-05-22T09:49:28","guid":{"rendered":"http:\/\/192.168.19.50\/info2\/"},"modified":"2020-03-10T13:14:09","modified_gmt":"2020-03-10T13:14:09","slug":"joker-mall-info","status":"publish","type":"page","link":"https:\/\/joker.hr\/en\/joker-mall-info\/","title":{"rendered":"Joker mall info"},"content":{"rendered":"\n<blockquote class=\"wp-block-quote is-layout-flow wp-block-quote-is-layout-flow\"><p>Joker is Split\u2019s first shopping mall, located just outside the city center. The Joker shopping mall extends over 50,000 square feet and operates on five floors. <\/p><\/blockquote>\n\n\n\n<p>Just a ten-minute walk on foot from Split\u2019s Old Town, you can find a modern and fully equipped shopping center with more than a hundred of<a href=\"https:\/\/joker.hr\/en\/stores\/\"> stores<\/a> exclusively offering high-street fashion brands, children&#8217;s clothing and sportswear, footwear and equipment, a hypermarket, <a href=\"https:\/\/www.blitz-cinestar.hr\/cinestar-joker-split\">cinema,<\/a> <a href=\"https:\/\/joker.hr\/en\/food-court\/\">food court <\/a>and other catering facilities, and a full range of services. In other words, anything you need, you can find shopping with us. <br><\/p>\n","protected":false},"excerpt":{"rendered":"<p>Joker is Split\u2019s first shopping mall, located just outside the city center. The Joker shopping mall extends over 50,000 square feet and operates on five floors. Just a ten-minute walk on foot from Split\u2019s Old Town, you can find a modern and fully equipped shopping center with more than a hundred of stores exclusively offering [&hellip;]<\/p>\n","protected":false},"author":1,"featured_media":4411,"parent":0,"menu_order":0,"comment_status":"closed","ping_status":"closed","template":"page-templates\/template_info.php","meta":{"_acf_changed":false,"footnotes":""},"class_list":["post-486","page","type-page","status-publish","has-post-thumbnail","hentry"],"acf":[],"yoast_head":"<!-- This site is optimized with the Yoast SEO plugin v26.8 - https:\/\/yoast.com\/product\/yoast-seo-wordpress\/ -->\n<title>Joker mall info - Split\u2019s first shopping mall near the city center.<\/title>\n<meta name=\"description\" content=\"Joker is Split\u2019s first shopping mall, located near the city center. The Joker shopping mall extends over 50,000 square feet and operates on five floors.\" \/>\n<meta name=\"robots\" content=\"index, follow, max-snippet:-1, max-image-preview:large, max-video-preview:-1\" \/>\n<link rel=\"canonical\" href=\"https:\/\/joker.hr\/en\/joker-mall-info\/\" \/>\n<meta property=\"og:locale\" content=\"en_US\" \/>\n<meta property=\"og:type\" content=\"article\" \/>\n<meta property=\"og:title\" content=\"Joker mall info\" \/>\n<meta property=\"og:description\" content=\"Joker is Split\u2019s first shopping mall, located near the city center. The Joker shopping mall extends over 50,000 square feet and operates on five floors.\" \/>\n<meta property=\"og:url\" content=\"https:\/\/joker.hr\/en\/joker-mall-info\/\" \/>\n<meta property=\"og:site_name\" content=\"Joker.hr\" \/>\n<meta property=\"article:publisher\" content=\"https:\/\/www.facebook.com\/jokersplit\/?ref=br_rs\" \/>\n<meta property=\"article:modified_time\" content=\"2020-03-10T13:14:09+00:00\" \/>\n<meta property=\"og:image\" content=\"https:\/\/joker.hr\/wp-content\/uploads\/2019\/07\/20190516-IMG_5410.jpg\" \/>\n\t<meta property=\"og:image:width\" content=\"2048\" \/>\n\t<meta property=\"og:image:height\" content=\"1365\" \/>\n\t<meta property=\"og:image:type\" content=\"image\/jpeg\" \/>\n<meta name=\"twitter:card\" content=\"summary_large_image\" \/>\n<script type=\"application\/ld+json\" class=\"yoast-schema-graph\">{\"@context\":\"https:\/\/schema.org\",\"@graph\":[{\"@type\":\"WebPage\",\"@id\":\"https:\/\/joker.hr\/en\/joker-mall-info\/\",\"url\":\"https:\/\/joker.hr\/en\/joker-mall-info\/\",\"name\":\"Joker mall info - Split\u2019s first shopping mall near the city center.\",\"isPartOf\":{\"@id\":\"https:\/\/joker.hr\/#website\"},\"primaryImageOfPage\":{\"@id\":\"https:\/\/joker.hr\/en\/joker-mall-info\/#primaryimage\"},\"image\":{\"@id\":\"https:\/\/joker.hr\/en\/joker-mall-info\/#primaryimage\"},\"thumbnailUrl\":\"https:\/\/joker.hr\/wp-content\/uploads\/2019\/07\/20190516-IMG_5410.jpg\",\"datePublished\":\"2019-05-22T09:49:28+00:00\",\"dateModified\":\"2020-03-10T13:14:09+00:00\",\"description\":\"Joker is Split\u2019s first shopping mall, located near the city center. The Joker shopping mall extends over 50,000 square feet and operates on five floors.\",\"breadcrumb\":{\"@id\":\"https:\/\/joker.hr\/en\/joker-mall-info\/#breadcrumb\"},\"inLanguage\":\"en-US\",\"potentialAction\":[{\"@type\":\"ReadAction\",\"target\":[\"https:\/\/joker.hr\/en\/joker-mall-info\/\"]}]},{\"@type\":\"ImageObject\",\"inLanguage\":\"en-US\",\"@id\":\"https:\/\/joker.hr\/en\/joker-mall-info\/#primaryimage\",\"url\":\"https:\/\/joker.hr\/wp-content\/uploads\/2019\/07\/20190516-IMG_5410.jpg\",\"contentUrl\":\"https:\/\/joker.hr\/wp-content\/uploads\/2019\/07\/20190516-IMG_5410.jpg\",\"width\":2048,\"height\":1365,\"caption\":\"info o centru\"},{\"@type\":\"BreadcrumbList\",\"@id\":\"https:\/\/joker.hr\/en\/joker-mall-info\/#breadcrumb\",\"itemListElement\":[{\"@type\":\"ListItem\",\"position\":1,\"name\":\"Po\u010detna stranica\",\"item\":\"https:\/\/joker.hr\/\"},{\"@type\":\"ListItem\",\"position\":2,\"name\":\"Joker mall info\"}]},{\"@type\":\"WebSite\",\"@id\":\"https:\/\/joker.hr\/#website\",\"url\":\"https:\/\/joker.hr\/\",\"name\":\"Joker.hr\",\"description\":\"Shopping centar u centru Splita s velikom ponudom odje\u0107e, obu\u0107e, sportske opreme, namje\u0161taja i elektronike, uz najbolje popuste i akcije.\",\"publisher\":{\"@id\":\"https:\/\/joker.hr\/#organization\"},\"potentialAction\":[{\"@type\":\"SearchAction\",\"target\":{\"@type\":\"EntryPoint\",\"urlTemplate\":\"https:\/\/joker.hr\/?s={search_term_string}\"},\"query-input\":{\"@type\":\"PropertyValueSpecification\",\"valueRequired\":true,\"valueName\":\"search_term_string\"}}],\"inLanguage\":\"en-US\"},{\"@type\":\"Organization\",\"@id\":\"https:\/\/joker.hr\/#organization\",\"name\":\"Joker\",\"url\":\"https:\/\/joker.hr\/\",\"logo\":{\"@type\":\"ImageObject\",\"inLanguage\":\"en-US\",\"@id\":\"https:\/\/joker.hr\/#\/schema\/logo\/image\/\",\"url\":\"https:\/\/joker.hr\/wp-content\/uploads\/2019\/07\/joker-logo.svg\",\"contentUrl\":\"https:\/\/joker.hr\/wp-content\/uploads\/2019\/07\/joker-logo.svg\",\"width\":1,\"height\":1,\"caption\":\"Joker\"},\"image\":{\"@id\":\"https:\/\/joker.hr\/#\/schema\/logo\/image\/\"},\"sameAs\":[\"https:\/\/www.facebook.com\/jokersplit\/?ref=br_rs\"]}]}<\/script>\n<!-- \/ Yoast SEO plugin. -->","yoast_head_json":{"title":"Joker mall info - Split\u2019s first shopping mall near the city center.","description":"Joker is Split\u2019s first shopping mall, located near the city center. The Joker shopping mall extends over 50,000 square feet and operates on five floors.","robots":{"index":"index","follow":"follow","max-snippet":"max-snippet:-1","max-image-preview":"max-image-preview:large","max-video-preview":"max-video-preview:-1"},"canonical":"https:\/\/joker.hr\/en\/joker-mall-info\/","og_locale":"en_US","og_type":"article","og_title":"Joker mall info","og_description":"Joker is Split\u2019s first shopping mall, located near the city center. The Joker shopping mall extends over 50,000 square feet and operates on five floors.","og_url":"https:\/\/joker.hr\/en\/joker-mall-info\/","og_site_name":"Joker.hr","article_publisher":"https:\/\/www.facebook.com\/jokersplit\/?ref=br_rs","article_modified_time":"2020-03-10T13:14:09+00:00","og_image":[{"width":2048,"height":1365,"url":"https:\/\/joker.hr\/wp-content\/uploads\/2019\/07\/20190516-IMG_5410.jpg","type":"image\/jpeg"}],"twitter_card":"summary_large_image","schema":{"@context":"https:\/\/schema.org","@graph":[{"@type":"WebPage","@id":"https:\/\/joker.hr\/en\/joker-mall-info\/","url":"https:\/\/joker.hr\/en\/joker-mall-info\/","name":"Joker mall info - Split\u2019s first shopping mall near the city center.","isPartOf":{"@id":"https:\/\/joker.hr\/#website"},"primaryImageOfPage":{"@id":"https:\/\/joker.hr\/en\/joker-mall-info\/#primaryimage"},"image":{"@id":"https:\/\/joker.hr\/en\/joker-mall-info\/#primaryimage"},"thumbnailUrl":"https:\/\/joker.hr\/wp-content\/uploads\/2019\/07\/20190516-IMG_5410.jpg","datePublished":"2019-05-22T09:49:28+00:00","dateModified":"2020-03-10T13:14:09+00:00","description":"Joker is Split\u2019s first shopping mall, located near the city center. The Joker shopping mall extends over 50,000 square feet and operates on five floors.","breadcrumb":{"@id":"https:\/\/joker.hr\/en\/joker-mall-info\/#breadcrumb"},"inLanguage":"en-US","potentialAction":[{"@type":"ReadAction","target":["https:\/\/joker.hr\/en\/joker-mall-info\/"]}]},{"@type":"ImageObject","inLanguage":"en-US","@id":"https:\/\/joker.hr\/en\/joker-mall-info\/#primaryimage","url":"https:\/\/joker.hr\/wp-content\/uploads\/2019\/07\/20190516-IMG_5410.jpg","contentUrl":"https:\/\/joker.hr\/wp-content\/uploads\/2019\/07\/20190516-IMG_5410.jpg","width":2048,"height":1365,"caption":"info o centru"},{"@type":"BreadcrumbList","@id":"https:\/\/joker.hr\/en\/joker-mall-info\/#breadcrumb","itemListElement":[{"@type":"ListItem","position":1,"name":"Po\u010detna stranica","item":"https:\/\/joker.hr\/"},{"@type":"ListItem","position":2,"name":"Joker mall info"}]},{"@type":"WebSite","@id":"https:\/\/joker.hr\/#website","url":"https:\/\/joker.hr\/","name":"Joker.hr","description":"Shopping centar u centru Splita s velikom ponudom odje\u0107e, obu\u0107e, sportske opreme, namje\u0161taja i elektronike, uz najbolje popuste i akcije.","publisher":{"@id":"https:\/\/joker.hr\/#organization"},"potentialAction":[{"@type":"SearchAction","target":{"@type":"EntryPoint","urlTemplate":"https:\/\/joker.hr\/?s={search_term_string}"},"query-input":{"@type":"PropertyValueSpecification","valueRequired":true,"valueName":"search_term_string"}}],"inLanguage":"en-US"},{"@type":"Organization","@id":"https:\/\/joker.hr\/#organization","name":"Joker","url":"https:\/\/joker.hr\/","logo":{"@type":"ImageObject","inLanguage":"en-US","@id":"https:\/\/joker.hr\/#\/schema\/logo\/image\/","url":"https:\/\/joker.hr\/wp-content\/uploads\/2019\/07\/joker-logo.svg","contentUrl":"https:\/\/joker.hr\/wp-content\/uploads\/2019\/07\/joker-logo.svg","width":1,"height":1,"caption":"Joker"},"image":{"@id":"https:\/\/joker.hr\/#\/schema\/logo\/image\/"},"sameAs":["https:\/\/www.facebook.com\/jokersplit\/?ref=br_rs"]}]}},"_links":{"self":[{"href":"https:\/\/joker.hr\/en\/wp-json\/wp\/v2\/pages\/486","targetHints":{"allow":["GET"]}}],"collection":[{"href":"https:\/\/joker.hr\/en\/wp-json\/wp\/v2\/pages"}],"about":[{"href":"https:\/\/joker.hr\/en\/wp-json\/wp\/v2\/types\/page"}],"author":[{"embeddable":true,"href":"https:\/\/joker.hr\/en\/wp-json\/wp\/v2\/users\/1"}],"replies":[{"embeddable":true,"href":"https:\/\/joker.hr\/en\/wp-json\/wp\/v2\/comments?post=486"}],"version-history":[{"count":0,"href":"https:\/\/joker.hr\/en\/wp-json\/wp\/v2\/pages\/486\/revisions"}],"wp:featuredmedia":[{"embeddable":true,"href":"https:\/\/joker.hr\/en\/wp-json\/wp\/v2\/media\/4411"}],"wp:attachment":[{"href":"https:\/\/joker.hr\/en\/wp-json\/wp\/v2\/media?parent=486"}],"curies":[{"name":"wp","href":"https:\/\/api.w.org\/{rel}","templated":true}]}}