{"id":4625,"date":"2019-07-04T10:06:02","date_gmt":"2019-07-04T10:06:02","guid":{"rendered":"https:\/\/joker.hr\/?page_id=4625"},"modified":"2025-06-24T08:11:22","modified_gmt":"2025-06-24T08:11:22","slug":"your-party-shopping-mall","status":"publish","type":"page","link":"https:\/\/joker.hr\/en\/your-party-shopping-mall\/","title":{"rendered":"Joker &#8211; your party shopping mall"},"content":{"rendered":"\n<blockquote class=\"wp-block-quote is-layout-flow wp-block-quote-is-layout-flow\">\n<p>Welcome to Joker &#8211; shopping mall located next to Ultra Europe Venue in Split.<\/p>\n<\/blockquote>\n\n\n\n<h2 class=\"wp-block-heading\"><strong>Location<\/strong><\/h2>\n\n\n\n<p>Located <strong>only a few meters from Split\u2019s Park Mlade\u017ei, this year&#8217;s Ultra Europe Venue<\/strong>, Joker shopping mall, will be your preferred place for shopping during your stay in Split for the Ultra Europe music festival.<\/p>\n\n\n\n<figure class=\"wp-block-image\"><img decoding=\"async\" width=\"1024\" height=\"1024\" data-src=\"https:\/\/joker.hr\/wp-content\/uploads\/2019\/07\/location-1024x1024.jpg\" alt=\"\" class=\"wp-image-4297 lazyload\" data-srcset=\"https:\/\/joker.hr\/wp-content\/uploads\/2019\/07\/location-1024x1024.jpg 1024w, https:\/\/joker.hr\/wp-content\/uploads\/2019\/07\/location-150x150.jpg 150w, https:\/\/joker.hr\/wp-content\/uploads\/2019\/07\/location-300x300.jpg 300w, https:\/\/joker.hr\/wp-content\/uploads\/2019\/07\/location-768x768.jpg 768w, https:\/\/joker.hr\/wp-content\/uploads\/2019\/07\/location.jpg 1080w\" data-sizes=\"(max-width: 1024px) 100vw, 1024px\" src=\"data:image\/svg+xml;base64,PHN2ZyB3aWR0aD0iMSIgaGVpZ2h0PSIxIiB4bWxucz0iaHR0cDovL3d3dy53My5vcmcvMjAwMC9zdmciPjwvc3ZnPg==\" style=\"--smush-placeholder-width: 1024px; --smush-placeholder-aspect-ratio: 1024\/1024;\" \/><\/figure>\n\n\n\n<p><strong>ULTRA WEEKEND WORKING HOURS<\/strong><\/p>\n\n\n\n<p><strong>Friday, July 11th &#8211; 9:00 &#8211; 21:00<\/strong><\/p>\n\n\n\n<p><strong>Saturday, July 12th &#8211; 9:00 &#8211; 21:00 <\/strong><\/p>\n\n\n\n<p><strong>Sunday, July 13th &#8211; closed &#8211; only bars, restaurants, cinema and fitness are open <\/strong>according to the following schedule:<\/p>\n\n\n\n<ul class=\"wp-block-list\">\n<li><strong>McDonald\u2019s<\/strong>\u00a0(ground floor) \u2013 Friday 11.7. and Saturday 12.7. 7:00 to 23:00, Sunday 13.7. \u2013 <strong>10:30 to 23:00<\/strong><\/li>\n\n\n\n<li><strong>Chevap bar<\/strong>\u00a0(4th floor) \u2013 Friday 11.7. and Saturday 12.7.  10:00 to 22:00, Sunday 13.7. <strong>12:00 to 21:00<\/strong><\/li>\n\n\n\n<li><strong>Ali Kebaba<\/strong>\u00a0(4th floor) \u2013 Friday 11.7. and Saturday 12.7. 9:30 to 21:30, Sunday 13.7. <strong>10:00 to 21:00<\/strong><\/li>\n\n\n\n<li><strong>Chinese restaurant Yun<\/strong>\u00a0(4th floor) \u2013 Friday 11.7. \/ Saturday 12.7. \/ Sunday 13.7. <strong>9:00 to 22:00<\/strong><\/li>\n\n\n\n<li><strong>Opa! Tasty Greek Bites<\/strong>\u00a0 (4th floor) \u2013 Friday 11.7. \/ Saturday 12.7. \/ Sunday 13.7. <strong>9:00 to 22:00<\/strong> <\/li>\n\n\n\n<li><strong>Outbox<\/strong> \u2013 Friday 11.7. and Saturday 12.7. 8:00 to 21:00, Sunday 13.7. <strong>9:00 to 15:00 <\/strong><\/li>\n\n\n\n<li><strong>Lobby bar<\/strong>\u00a0(ground floor) \u2013 Friday 11.7. 7:00 to 22:00, Saturday 12.7.  8:00 to 22:00, Sunday 13.7. closed <\/li>\n\n\n\n<li><strong>Sky Garden<\/strong>\u00a0(4th floor) \u2013 Friday 11.7. and Saturday 12.7. 8:00 to 22:00, Sunday 13.7. closed<\/li>\n\n\n\n<li><strong>McCafe<\/strong> (ground floor)\u00a0\u2013 Friday 11.7. and Saturday 12.7. 8:00 to 21:00, Sunday 13.7. closed<\/li>\n\n\n\n<li><strong>Square Caffe Bar<\/strong> (ground floor)\u00a0\u2013 Friday 11.7. and Saturday 12.7. 8:00 to 21:00, Sunday 13.7. closed<\/li>\n\n\n\n<li><strong>Cake Symphony <\/strong>(2nd floor)\u00a0\u2013 Friday 11.7. and Saturday 12.7. 8:00 to 21:00, Sunday 13.7. closed  <\/li>\n\n\n\n<li><strong>Level Restaurant<\/strong>\u00a0(3rd floor) \u2013 Friday 11.7. and Saturday 12.7. 9:00 to 02:00, Sunday 13.7. closed<\/li>\n\n\n\n<li><strong>CineStar cinema<\/strong> (1st floor) \u2013  Friday 11.7. \/ Saturday 12.7. \/ Sunday 13.7. according to the <a href=\"https:\/\/joker-split.cinestarcinemas.hr\/\">screening schedule<\/a><\/li>\n\n\n\n<li><strong>Fitness Centar Joker<\/strong> (4th floor)\u00a0\u2013 Friday 11.7. 6:00 to 24:00, Saturday 12.7. 8:00 to 22:00, Sunday 13.7. 16:00 to 22:00 <\/li>\n<\/ul>\n\n\n\n<p><strong>FASHION<\/strong><\/p>\n\n\n\n<p>With over 100 stores, Joker Shopping Mall offers the best shopping experience &#8211; premium fashion brands and high-street fashion, all in one place. Pinko, New Yorker, Snipes, Replay, and Mango are some of the premium fashion spots in Joker Shopping Mall.<\/p>\n\n\n\n<p><strong>BARS &amp; RESTAURANTS<\/strong><\/p>\n\n\n\n<p>Whether it\u2019s about having a morning coffee on the sunny terrace, a tasty lunch in Level Restaurant, a quick dinner in the rooftop<a href=\"https:\/\/joker.hr\/en\/food-court\/\"> food court<\/a>, or a snack in popular <a href=\"https:\/\/joker.hr\/en\/store\/mcdonalds\/\">McDonald&#8217;s<\/a>, choosing Joker\u2019s restaurant and bars is an ideal choice for your gourmet treat in Split.<\/p>\n\n\n\n<figure class=\"wp-block-image\"><img decoding=\"async\" width=\"1024\" height=\"683\" data-src=\"https:\/\/joker.hr\/wp-content\/uploads\/2022\/07\/McDonalds25-1024x683.jpg\" alt=\"\" class=\"wp-image-29626 lazyload\" data-srcset=\"https:\/\/joker.hr\/wp-content\/uploads\/2022\/07\/McDonalds25-1024x683.jpg 1024w, https:\/\/joker.hr\/wp-content\/uploads\/2022\/07\/McDonalds25-300x200.jpg 300w, https:\/\/joker.hr\/wp-content\/uploads\/2022\/07\/McDonalds25-768x512.jpg 768w, https:\/\/joker.hr\/wp-content\/uploads\/2022\/07\/McDonalds25.jpg 2048w\" data-sizes=\"(max-width: 1024px) 100vw, 1024px\" src=\"data:image\/svg+xml;base64,PHN2ZyB3aWR0aD0iMSIgaGVpZ2h0PSIxIiB4bWxucz0iaHR0cDovL3d3dy53My5vcmcvMjAwMC9zdmciPjwvc3ZnPg==\" style=\"--smush-placeholder-width: 1024px; --smush-placeholder-aspect-ratio: 1024\/683;\" \/><figcaption class=\"wp-element-caption\">McDonald&#8217;s &#8211; ground floor<\/figcaption><\/figure>\n\n\n\n<figure class=\"wp-block-image\"><img decoding=\"async\" width=\"1024\" height=\"683\" data-src=\"https:\/\/joker.hr\/wp-content\/uploads\/2024\/07\/Level_Split_Virage-011-1024x683.jpg\" alt=\"\" class=\"wp-image-36507 lazyload\" data-srcset=\"https:\/\/joker.hr\/wp-content\/uploads\/2024\/07\/Level_Split_Virage-011-1024x683.jpg 1024w, https:\/\/joker.hr\/wp-content\/uploads\/2024\/07\/Level_Split_Virage-011-300x200.jpg 300w, https:\/\/joker.hr\/wp-content\/uploads\/2024\/07\/Level_Split_Virage-011-768x512.jpg 768w, https:\/\/joker.hr\/wp-content\/uploads\/2024\/07\/Level_Split_Virage-011.jpg 2048w\" data-sizes=\"(max-width: 1024px) 100vw, 1024px\" src=\"data:image\/svg+xml;base64,PHN2ZyB3aWR0aD0iMSIgaGVpZ2h0PSIxIiB4bWxucz0iaHR0cDovL3d3dy53My5vcmcvMjAwMC9zdmciPjwvc3ZnPg==\" style=\"--smush-placeholder-width: 1024px; --smush-placeholder-aspect-ratio: 1024\/683;\" \/><figcaption class=\"wp-element-caption\">Level Restaurant &#8211; 3rd floor<\/figcaption><\/figure>\n\n\n\n<figure class=\"wp-block-image\"><img decoding=\"async\" width=\"1024\" height=\"683\" data-src=\"https:\/\/joker.hr\/wp-content\/uploads\/2024\/07\/Level_Split_Virage-036-1024x683.jpg\" alt=\"\" class=\"wp-image-36513 lazyload\" data-srcset=\"https:\/\/joker.hr\/wp-content\/uploads\/2024\/07\/Level_Split_Virage-036-1024x683.jpg 1024w, https:\/\/joker.hr\/wp-content\/uploads\/2024\/07\/Level_Split_Virage-036-300x200.jpg 300w, https:\/\/joker.hr\/wp-content\/uploads\/2024\/07\/Level_Split_Virage-036-768x512.jpg 768w, https:\/\/joker.hr\/wp-content\/uploads\/2024\/07\/Level_Split_Virage-036.jpg 2048w\" data-sizes=\"(max-width: 1024px) 100vw, 1024px\" src=\"data:image\/svg+xml;base64,PHN2ZyB3aWR0aD0iMSIgaGVpZ2h0PSIxIiB4bWxucz0iaHR0cDovL3d3dy53My5vcmcvMjAwMC9zdmciPjwvc3ZnPg==\" style=\"--smush-placeholder-width: 1024px; --smush-placeholder-aspect-ratio: 1024\/683;\" \/><\/figure>\n\n\n\n<figure class=\"wp-block-image\"><img decoding=\"async\" width=\"1024\" height=\"682\" data-src=\"https:\/\/joker.hr\/wp-content\/uploads\/2024\/07\/JZ2A2886-Edit-1024x682.jpg\" alt=\"\" class=\"wp-image-36409 lazyload\" data-srcset=\"https:\/\/joker.hr\/wp-content\/uploads\/2024\/07\/JZ2A2886-Edit-1024x682.jpg 1024w, https:\/\/joker.hr\/wp-content\/uploads\/2024\/07\/JZ2A2886-Edit-300x200.jpg 300w, https:\/\/joker.hr\/wp-content\/uploads\/2024\/07\/JZ2A2886-Edit-768x512.jpg 768w, https:\/\/joker.hr\/wp-content\/uploads\/2024\/07\/JZ2A2886-Edit.jpg 1280w\" data-sizes=\"(max-width: 1024px) 100vw, 1024px\" src=\"data:image\/svg+xml;base64,PHN2ZyB3aWR0aD0iMSIgaGVpZ2h0PSIxIiB4bWxucz0iaHR0cDovL3d3dy53My5vcmcvMjAwMC9zdmciPjwvc3ZnPg==\" style=\"--smush-placeholder-width: 1024px; --smush-placeholder-aspect-ratio: 1024\/682;\" \/><figcaption class=\"wp-element-caption\">Sky Garden &#8211; 4th floor<\/figcaption><\/figure>\n\n\n\n<figure class=\"wp-block-image\"><img decoding=\"async\" width=\"684\" height=\"1024\" data-src=\"https:\/\/joker.hr\/wp-content\/uploads\/2024\/07\/chevap_virage-090-684x1024.jpg\" alt=\"\" class=\"wp-image-36511 lazyload\" data-srcset=\"https:\/\/joker.hr\/wp-content\/uploads\/2024\/07\/chevap_virage-090-684x1024.jpg 684w, https:\/\/joker.hr\/wp-content\/uploads\/2024\/07\/chevap_virage-090-200x300.jpg 200w, https:\/\/joker.hr\/wp-content\/uploads\/2024\/07\/chevap_virage-090-768x1150.jpg 768w, https:\/\/joker.hr\/wp-content\/uploads\/2024\/07\/chevap_virage-090.jpg 1368w\" data-sizes=\"(max-width: 684px) 100vw, 684px\" src=\"data:image\/svg+xml;base64,PHN2ZyB3aWR0aD0iMSIgaGVpZ2h0PSIxIiB4bWxucz0iaHR0cDovL3d3dy53My5vcmcvMjAwMC9zdmciPjwvc3ZnPg==\" style=\"--smush-placeholder-width: 684px; --smush-placeholder-aspect-ratio: 684\/1024;\" \/><figcaption class=\"wp-element-caption\">Chevap bar &#8211; 4th floor<\/figcaption><\/figure>\n\n\n\n<figure class=\"wp-block-image\"><img decoding=\"async\" width=\"684\" height=\"1024\" data-src=\"https:\/\/joker.hr\/wp-content\/uploads\/2024\/07\/cakesymphony_virage-017-684x1024.jpg\" alt=\"\" class=\"wp-image-36450 lazyload\" data-srcset=\"https:\/\/joker.hr\/wp-content\/uploads\/2024\/07\/cakesymphony_virage-017-684x1024.jpg 684w, https:\/\/joker.hr\/wp-content\/uploads\/2024\/07\/cakesymphony_virage-017-200x300.jpg 200w, https:\/\/joker.hr\/wp-content\/uploads\/2024\/07\/cakesymphony_virage-017-768x1150.jpg 768w, https:\/\/joker.hr\/wp-content\/uploads\/2024\/07\/cakesymphony_virage-017.jpg 1368w\" data-sizes=\"(max-width: 684px) 100vw, 684px\" src=\"data:image\/svg+xml;base64,PHN2ZyB3aWR0aD0iMSIgaGVpZ2h0PSIxIiB4bWxucz0iaHR0cDovL3d3dy53My5vcmcvMjAwMC9zdmciPjwvc3ZnPg==\" style=\"--smush-placeholder-width: 684px; --smush-placeholder-aspect-ratio: 684\/1024;\" \/><figcaption class=\"wp-element-caption\">Cake Symphony &#8211; 2nd floor<\/figcaption><\/figure>\n\n\n\n<figure class=\"wp-block-image\"><img decoding=\"async\" width=\"684\" height=\"1024\" data-src=\"https:\/\/joker.hr\/wp-content\/uploads\/2024\/07\/ali_kebab_virage-024-684x1024.jpg\" alt=\"\" class=\"wp-image-36509 lazyload\" data-srcset=\"https:\/\/joker.hr\/wp-content\/uploads\/2024\/07\/ali_kebab_virage-024-684x1024.jpg 684w, https:\/\/joker.hr\/wp-content\/uploads\/2024\/07\/ali_kebab_virage-024-200x300.jpg 200w, https:\/\/joker.hr\/wp-content\/uploads\/2024\/07\/ali_kebab_virage-024-768x1150.jpg 768w, https:\/\/joker.hr\/wp-content\/uploads\/2024\/07\/ali_kebab_virage-024.jpg 1368w\" data-sizes=\"(max-width: 684px) 100vw, 684px\" src=\"data:image\/svg+xml;base64,PHN2ZyB3aWR0aD0iMSIgaGVpZ2h0PSIxIiB4bWxucz0iaHR0cDovL3d3dy53My5vcmcvMjAwMC9zdmciPjwvc3ZnPg==\" style=\"--smush-placeholder-width: 684px; --smush-placeholder-aspect-ratio: 684\/1024;\" \/><figcaption class=\"wp-element-caption\">Ali Kebaba &#8211; 4th floor<\/figcaption><\/figure>\n\n\n\n<figure class=\"wp-block-image\"><img decoding=\"async\" width=\"1024\" height=\"683\" data-src=\"https:\/\/joker.hr\/wp-content\/uploads\/2024\/07\/kinez-1024x683.jpg\" alt=\"\" class=\"wp-image-36487 lazyload\" data-srcset=\"https:\/\/joker.hr\/wp-content\/uploads\/2024\/07\/kinez-1024x683.jpg 1024w, https:\/\/joker.hr\/wp-content\/uploads\/2024\/07\/kinez-300x200.jpg 300w, https:\/\/joker.hr\/wp-content\/uploads\/2024\/07\/kinez-768x512.jpg 768w, https:\/\/joker.hr\/wp-content\/uploads\/2024\/07\/kinez.jpg 1400w\" data-sizes=\"(max-width: 1024px) 100vw, 1024px\" src=\"data:image\/svg+xml;base64,PHN2ZyB3aWR0aD0iMSIgaGVpZ2h0PSIxIiB4bWxucz0iaHR0cDovL3d3dy53My5vcmcvMjAwMC9zdmciPjwvc3ZnPg==\" style=\"--smush-placeholder-width: 1024px; --smush-placeholder-aspect-ratio: 1024\/683;\" \/><figcaption class=\"wp-element-caption\">Chinese restaurant Yun<\/figcaption><\/figure>\n\n\n\n<p><strong>Fitness&amp;Beauty<\/strong><\/p>\n\n\n\n<p><a href=\"https:\/\/joker.hr\/en\/store\/fitness-centar-joker\/\">Joker Fitness Center<\/a> is one of the largest fitness centers in this part of Croatia, with the highest quality fitness equipment. The newly opened <a href=\"https:\/\/joker.hr\/en\/store\/the-body-clinique\/\">The Body Clinique<\/a> provides professional beauty and wellness services. Hair Salon <a href=\"https:\/\/joker.hr\/store\/frizerski-salon-michelle\/\">Michelle<\/a> on the third floor is one of the cherished beauty addresses in Split over the years, and Queen Brow and Lash Bar specializes in eyebrows, lash lifts, eyelash extensions, and more.<\/p>\n\n\n\n<figure class=\"wp-block-image\"><img decoding=\"async\" width=\"1024\" height=\"683\" data-src=\"https:\/\/joker.hr\/wp-content\/uploads\/2019\/05\/Fitness-2-1024x683.jpg\" alt=\"\" class=\"wp-image-2840 lazyload\" data-srcset=\"https:\/\/joker.hr\/wp-content\/uploads\/2019\/05\/Fitness-2-1024x683.jpg 1024w, https:\/\/joker.hr\/wp-content\/uploads\/2019\/05\/Fitness-2-300x200.jpg 300w, https:\/\/joker.hr\/wp-content\/uploads\/2019\/05\/Fitness-2-768x512.jpg 768w, https:\/\/joker.hr\/wp-content\/uploads\/2019\/05\/Fitness-2.jpg 2048w\" data-sizes=\"(max-width: 1024px) 100vw, 1024px\" src=\"data:image\/svg+xml;base64,PHN2ZyB3aWR0aD0iMSIgaGVpZ2h0PSIxIiB4bWxucz0iaHR0cDovL3d3dy53My5vcmcvMjAwMC9zdmciPjwvc3ZnPg==\" style=\"--smush-placeholder-width: 1024px; --smush-placeholder-aspect-ratio: 1024\/683;\" \/><\/figure>\n\n\n\n<p><strong>Services<\/strong><\/p>\n\n\n\n<ul class=\"wp-block-list\">\n<li>Bank office <a href=\"https:\/\/joker.hr\/store\/pbz\/\">Privredna Banka Zagreb<\/a><\/li>\n\n\n\n<li>ATM<\/li>\n\n\n\n<li>Dry cleaning \/laundry <a href=\"https:\/\/joker.hr\/store\/clean4you\/\">Clean for You<\/a><\/li>\n\n\n\n<li>Pharmacy <a href=\"https:\/\/joker.hr\/en\/store\/prima-pharme\/\">Prima Pharme<\/a><\/li>\n<\/ul>\n","protected":false},"excerpt":{"rendered":"<p>Welcome to Joker &#8211; shopping mall located next to Ultra Europe Venue in Split. Location Located only a few meters from Split\u2019s Park Mlade\u017ei, this year&#8217;s Ultra Europe Venue, Joker shopping mall, will be your preferred place for shopping during your stay in Split for the Ultra Europe music festival. ULTRA WEEKEND WORKING HOURS Friday, [&hellip;]<\/p>\n","protected":false},"author":1,"featured_media":29464,"parent":0,"menu_order":0,"comment_status":"closed","ping_status":"closed","template":"","meta":{"_acf_changed":false,"footnotes":""},"class_list":["post-4625","page","type-page","status-publish","has-post-thumbnail","hentry"],"acf":[],"yoast_head":"<!-- This site is optimized with the Yoast SEO plugin v26.8 - https:\/\/yoast.com\/product\/yoast-seo-wordpress\/ -->\n<title>Joker - your party shopping mall - the best shopping experience<\/title>\n<meta name=\"description\" content=\"With over 100 stores, Joker Shopping Mall offers the best shopping experience - premium fashion brands and high-street fashion\" \/>\n<meta name=\"robots\" content=\"index, follow, max-snippet:-1, max-image-preview:large, max-video-preview:-1\" \/>\n<link rel=\"canonical\" href=\"https:\/\/joker.hr\/en\/your-party-shopping-mall\/\" \/>\n<meta property=\"og:locale\" content=\"en_US\" \/>\n<meta property=\"og:type\" content=\"article\" \/>\n<meta property=\"og:title\" content=\"Joker - your party shopping mall - the best shopping experience\" \/>\n<meta property=\"og:description\" content=\"With over 100 stores, Joker Shopping Mall offers the best shopping experience - premium fashion brands and high-street fashion\" \/>\n<meta property=\"og:url\" content=\"https:\/\/joker.hr\/en\/your-party-shopping-mall\/\" \/>\n<meta property=\"og:site_name\" content=\"Joker.hr\" \/>\n<meta property=\"article:publisher\" content=\"https:\/\/www.facebook.com\/jokersplit\/?ref=br_rs\" \/>\n<meta property=\"article:modified_time\" content=\"2025-06-24T08:11:22+00:00\" \/>\n<meta property=\"og:image\" content=\"https:\/\/joker.hr\/wp-content\/uploads\/2022\/07\/web-slider.jpg\" \/>\n\t<meta property=\"og:image:width\" content=\"1920\" \/>\n\t<meta property=\"og:image:height\" content=\"1080\" \/>\n\t<meta property=\"og:image:type\" content=\"image\/jpeg\" \/>\n<meta name=\"twitter:card\" content=\"summary_large_image\" \/>\n<meta name=\"twitter:label1\" content=\"Est. reading time\" \/>\n\t<meta name=\"twitter:data1\" content=\"5 minutes\" \/>\n<script type=\"application\/ld+json\" class=\"yoast-schema-graph\">{\"@context\":\"https:\/\/schema.org\",\"@graph\":[{\"@type\":\"WebPage\",\"@id\":\"https:\/\/joker.hr\/en\/your-party-shopping-mall\/\",\"url\":\"https:\/\/joker.hr\/en\/your-party-shopping-mall\/\",\"name\":\"Joker - your party shopping mall - the best shopping experience\",\"isPartOf\":{\"@id\":\"https:\/\/joker.hr\/#website\"},\"primaryImageOfPage\":{\"@id\":\"https:\/\/joker.hr\/en\/your-party-shopping-mall\/#primaryimage\"},\"image\":{\"@id\":\"https:\/\/joker.hr\/en\/your-party-shopping-mall\/#primaryimage\"},\"thumbnailUrl\":\"https:\/\/joker.hr\/wp-content\/uploads\/2022\/07\/web-slider.jpg\",\"datePublished\":\"2019-07-04T10:06:02+00:00\",\"dateModified\":\"2025-06-24T08:11:22+00:00\",\"description\":\"With over 100 stores, Joker Shopping Mall offers the best shopping experience - premium fashion brands and high-street fashion\",\"breadcrumb\":{\"@id\":\"https:\/\/joker.hr\/en\/your-party-shopping-mall\/#breadcrumb\"},\"inLanguage\":\"en-US\",\"potentialAction\":[{\"@type\":\"ReadAction\",\"target\":[\"https:\/\/joker.hr\/en\/your-party-shopping-mall\/\"]}]},{\"@type\":\"ImageObject\",\"inLanguage\":\"en-US\",\"@id\":\"https:\/\/joker.hr\/en\/your-party-shopping-mall\/#primaryimage\",\"url\":\"https:\/\/joker.hr\/wp-content\/uploads\/2022\/07\/web-slider.jpg\",\"contentUrl\":\"https:\/\/joker.hr\/wp-content\/uploads\/2022\/07\/web-slider.jpg\",\"width\":1920,\"height\":1080,\"caption\":\"Party goers in a nightclub with co2 cannons firing\"},{\"@type\":\"BreadcrumbList\",\"@id\":\"https:\/\/joker.hr\/en\/your-party-shopping-mall\/#breadcrumb\",\"itemListElement\":[{\"@type\":\"ListItem\",\"position\":1,\"name\":\"Po\u010detna stranica\",\"item\":\"https:\/\/joker.hr\/\"},{\"@type\":\"ListItem\",\"position\":2,\"name\":\"Joker &#8211; your party shopping mall\"}]},{\"@type\":\"WebSite\",\"@id\":\"https:\/\/joker.hr\/#website\",\"url\":\"https:\/\/joker.hr\/\",\"name\":\"Joker.hr\",\"description\":\"Shopping centar u centru Splita s velikom ponudom odje\u0107e, obu\u0107e, sportske opreme, namje\u0161taja i elektronike, uz najbolje popuste i akcije.\",\"publisher\":{\"@id\":\"https:\/\/joker.hr\/#organization\"},\"potentialAction\":[{\"@type\":\"SearchAction\",\"target\":{\"@type\":\"EntryPoint\",\"urlTemplate\":\"https:\/\/joker.hr\/?s={search_term_string}\"},\"query-input\":{\"@type\":\"PropertyValueSpecification\",\"valueRequired\":true,\"valueName\":\"search_term_string\"}}],\"inLanguage\":\"en-US\"},{\"@type\":\"Organization\",\"@id\":\"https:\/\/joker.hr\/#organization\",\"name\":\"Joker\",\"url\":\"https:\/\/joker.hr\/\",\"logo\":{\"@type\":\"ImageObject\",\"inLanguage\":\"en-US\",\"@id\":\"https:\/\/joker.hr\/#\/schema\/logo\/image\/\",\"url\":\"https:\/\/joker.hr\/wp-content\/uploads\/2019\/07\/joker-logo.svg\",\"contentUrl\":\"https:\/\/joker.hr\/wp-content\/uploads\/2019\/07\/joker-logo.svg\",\"width\":1,\"height\":1,\"caption\":\"Joker\"},\"image\":{\"@id\":\"https:\/\/joker.hr\/#\/schema\/logo\/image\/\"},\"sameAs\":[\"https:\/\/www.facebook.com\/jokersplit\/?ref=br_rs\"]}]}<\/script>\n<!-- \/ Yoast SEO plugin. -->","yoast_head_json":{"title":"Joker - your party shopping mall - the best shopping experience","description":"With over 100 stores, Joker Shopping Mall offers the best shopping experience - premium fashion brands and high-street fashion","robots":{"index":"index","follow":"follow","max-snippet":"max-snippet:-1","max-image-preview":"max-image-preview:large","max-video-preview":"max-video-preview:-1"},"canonical":"https:\/\/joker.hr\/en\/your-party-shopping-mall\/","og_locale":"en_US","og_type":"article","og_title":"Joker - your party shopping mall - the best shopping experience","og_description":"With over 100 stores, Joker Shopping Mall offers the best shopping experience - premium fashion brands and high-street fashion","og_url":"https:\/\/joker.hr\/en\/your-party-shopping-mall\/","og_site_name":"Joker.hr","article_publisher":"https:\/\/www.facebook.com\/jokersplit\/?ref=br_rs","article_modified_time":"2025-06-24T08:11:22+00:00","og_image":[{"width":1920,"height":1080,"url":"https:\/\/joker.hr\/wp-content\/uploads\/2022\/07\/web-slider.jpg","type":"image\/jpeg"}],"twitter_card":"summary_large_image","twitter_misc":{"Est. reading time":"5 minutes"},"schema":{"@context":"https:\/\/schema.org","@graph":[{"@type":"WebPage","@id":"https:\/\/joker.hr\/en\/your-party-shopping-mall\/","url":"https:\/\/joker.hr\/en\/your-party-shopping-mall\/","name":"Joker - your party shopping mall - the best shopping experience","isPartOf":{"@id":"https:\/\/joker.hr\/#website"},"primaryImageOfPage":{"@id":"https:\/\/joker.hr\/en\/your-party-shopping-mall\/#primaryimage"},"image":{"@id":"https:\/\/joker.hr\/en\/your-party-shopping-mall\/#primaryimage"},"thumbnailUrl":"https:\/\/joker.hr\/wp-content\/uploads\/2022\/07\/web-slider.jpg","datePublished":"2019-07-04T10:06:02+00:00","dateModified":"2025-06-24T08:11:22+00:00","description":"With over 100 stores, Joker Shopping Mall offers the best shopping experience - premium fashion brands and high-street fashion","breadcrumb":{"@id":"https:\/\/joker.hr\/en\/your-party-shopping-mall\/#breadcrumb"},"inLanguage":"en-US","potentialAction":[{"@type":"ReadAction","target":["https:\/\/joker.hr\/en\/your-party-shopping-mall\/"]}]},{"@type":"ImageObject","inLanguage":"en-US","@id":"https:\/\/joker.hr\/en\/your-party-shopping-mall\/#primaryimage","url":"https:\/\/joker.hr\/wp-content\/uploads\/2022\/07\/web-slider.jpg","contentUrl":"https:\/\/joker.hr\/wp-content\/uploads\/2022\/07\/web-slider.jpg","width":1920,"height":1080,"caption":"Party goers in a nightclub with co2 cannons firing"},{"@type":"BreadcrumbList","@id":"https:\/\/joker.hr\/en\/your-party-shopping-mall\/#breadcrumb","itemListElement":[{"@type":"ListItem","position":1,"name":"Po\u010detna stranica","item":"https:\/\/joker.hr\/"},{"@type":"ListItem","position":2,"name":"Joker &#8211; your party shopping mall"}]},{"@type":"WebSite","@id":"https:\/\/joker.hr\/#website","url":"https:\/\/joker.hr\/","name":"Joker.hr","description":"Shopping centar u centru Splita s velikom ponudom odje\u0107e, obu\u0107e, sportske opreme, namje\u0161taja i elektronike, uz najbolje popuste i akcije.","publisher":{"@id":"https:\/\/joker.hr\/#organization"},"potentialAction":[{"@type":"SearchAction","target":{"@type":"EntryPoint","urlTemplate":"https:\/\/joker.hr\/?s={search_term_string}"},"query-input":{"@type":"PropertyValueSpecification","valueRequired":true,"valueName":"search_term_string"}}],"inLanguage":"en-US"},{"@type":"Organization","@id":"https:\/\/joker.hr\/#organization","name":"Joker","url":"https:\/\/joker.hr\/","logo":{"@type":"ImageObject","inLanguage":"en-US","@id":"https:\/\/joker.hr\/#\/schema\/logo\/image\/","url":"https:\/\/joker.hr\/wp-content\/uploads\/2019\/07\/joker-logo.svg","contentUrl":"https:\/\/joker.hr\/wp-content\/uploads\/2019\/07\/joker-logo.svg","width":1,"height":1,"caption":"Joker"},"image":{"@id":"https:\/\/joker.hr\/#\/schema\/logo\/image\/"},"sameAs":["https:\/\/www.facebook.com\/jokersplit\/?ref=br_rs"]}]}},"_links":{"self":[{"href":"https:\/\/joker.hr\/en\/wp-json\/wp\/v2\/pages\/4625","targetHints":{"allow":["GET"]}}],"collection":[{"href":"https:\/\/joker.hr\/en\/wp-json\/wp\/v2\/pages"}],"about":[{"href":"https:\/\/joker.hr\/en\/wp-json\/wp\/v2\/types\/page"}],"author":[{"embeddable":true,"href":"https:\/\/joker.hr\/en\/wp-json\/wp\/v2\/users\/1"}],"replies":[{"embeddable":true,"href":"https:\/\/joker.hr\/en\/wp-json\/wp\/v2\/comments?post=4625"}],"version-history":[{"count":0,"href":"https:\/\/joker.hr\/en\/wp-json\/wp\/v2\/pages\/4625\/revisions"}],"wp:featuredmedia":[{"embeddable":true,"href":"https:\/\/joker.hr\/en\/wp-json\/wp\/v2\/media\/29464"}],"wp:attachment":[{"href":"https:\/\/joker.hr\/en\/wp-json\/wp\/v2\/media?parent=4625"}],"curies":[{"name":"wp","href":"https:\/\/api.w.org\/{rel}","templated":true}]}}