{"id":392,"date":"2019-05-09T12:00:57","date_gmt":"2019-05-09T12:00:57","guid":{"rendered":"http:\/\/192.168.19.50\/cinema\/"},"modified":"2022-07-08T10:45:49","modified_gmt":"2022-07-08T10:45:49","slug":"cinema","status":"publish","type":"page","link":"https:\/\/joker.hr\/en\/cinema\/","title":{"rendered":"Cinema"},"content":{"rendered":"\n<p><a href=\"https:\/\/www.blitz-cinestar.hr\/cinestar-joker-split\">Cinestar Joker<\/a> cinema boasts five cinemas equipped with state-of-the-art digital technology (3D and Extreme), destined to meet the needs of all visitors who are after premium and quality entertainment. <\/p>\n\n\n\n<p>In 2021. Joker introduced the very first <strong>Kids Cinestar<\/strong>, a specialized concept with a variety of additional amenities adapted to children from the ages of 3 to 12 years. Joker also offers a new birthday venue, which will further secure its spot as the first choice for parents looking to throw a birthday bash for their kids. <\/p>\n\n\n\n<figure class=\"wp-block-image\"><img decoding=\"async\" width=\"1024\" height=\"576\" data-src=\"https:\/\/joker.hr\/wp-content\/uploads\/2020\/08\/slider-cinestar-1024x576.jpg\" alt=\"preure\u0111eni cinestar\" class=\"wp-image-13184 lazyload\" data-srcset=\"https:\/\/joker.hr\/wp-content\/uploads\/2020\/08\/slider-cinestar-1024x576.jpg 1024w, https:\/\/joker.hr\/wp-content\/uploads\/2020\/08\/slider-cinestar-300x169.jpg 300w, https:\/\/joker.hr\/wp-content\/uploads\/2020\/08\/slider-cinestar-768x432.jpg 768w, https:\/\/joker.hr\/wp-content\/uploads\/2020\/08\/slider-cinestar.jpg 1600w\" data-sizes=\"(max-width: 1024px) 100vw, 1024px\" src=\"data:image\/svg+xml;base64,PHN2ZyB3aWR0aD0iMSIgaGVpZ2h0PSIxIiB4bWxucz0iaHR0cDovL3d3dy53My5vcmcvMjAwMC9zdmciPjwvc3ZnPg==\" style=\"--smush-placeholder-width: 1024px; --smush-placeholder-aspect-ratio: 1024\/576;\" \/><figcaption>CineStar Joker Royal Beds<\/figcaption><\/figure>\n\n\n\n<figure class=\"wp-block-image\"><img decoding=\"async\" width=\"1024\" height=\"683\" data-src=\"https:\/\/joker.hr\/wp-content\/uploads\/2022\/07\/N856779-ivanisevicivan-1024x683.jpg\" alt=\"\" class=\"wp-image-29646 lazyload\" data-srcset=\"https:\/\/joker.hr\/wp-content\/uploads\/2022\/07\/N856779-ivanisevicivan-1024x683.jpg 1024w, https:\/\/joker.hr\/wp-content\/uploads\/2022\/07\/N856779-ivanisevicivan-300x200.jpg 300w, https:\/\/joker.hr\/wp-content\/uploads\/2022\/07\/N856779-ivanisevicivan-768x512.jpg 768w, https:\/\/joker.hr\/wp-content\/uploads\/2022\/07\/N856779-ivanisevicivan.jpg 2048w\" data-sizes=\"(max-width: 1024px) 100vw, 1024px\" src=\"data:image\/svg+xml;base64,PHN2ZyB3aWR0aD0iMSIgaGVpZ2h0PSIxIiB4bWxucz0iaHR0cDovL3d3dy53My5vcmcvMjAwMC9zdmciPjwvc3ZnPg==\" style=\"--smush-placeholder-width: 1024px; --smush-placeholder-aspect-ratio: 1024\/683;\" \/><figcaption>Kid&#8217;s CineStar Joker<\/figcaption><\/figure>\n\n\n\n<figure class=\"wp-block-image\"><img decoding=\"async\" width=\"1024\" height=\"683\" data-src=\"https:\/\/joker.hr\/wp-content\/uploads\/2022\/07\/N856816-ivanisevicivan-1024x683.jpg\" alt=\"\" class=\"wp-image-29648 lazyload\" data-srcset=\"https:\/\/joker.hr\/wp-content\/uploads\/2022\/07\/N856816-ivanisevicivan-1024x683.jpg 1024w, https:\/\/joker.hr\/wp-content\/uploads\/2022\/07\/N856816-ivanisevicivan-300x200.jpg 300w, https:\/\/joker.hr\/wp-content\/uploads\/2022\/07\/N856816-ivanisevicivan-768x512.jpg 768w, https:\/\/joker.hr\/wp-content\/uploads\/2022\/07\/N856816-ivanisevicivan.jpg 2048w\" data-sizes=\"(max-width: 1024px) 100vw, 1024px\" src=\"data:image\/svg+xml;base64,PHN2ZyB3aWR0aD0iMSIgaGVpZ2h0PSIxIiB4bWxucz0iaHR0cDovL3d3dy53My5vcmcvMjAwMC9zdmciPjwvc3ZnPg==\" style=\"--smush-placeholder-width: 1024px; --smush-placeholder-aspect-ratio: 1024\/683;\" \/><figcaption>CineStar Joker<\/figcaption><\/figure>\n\n\n\n<p>And let\u2019s not forget, Cinestar was proclaimed the best cinema exhibitor in the whole of Europe in 2019! How can you go wrong?<\/p>\n","protected":false},"excerpt":{"rendered":"<p>Cinestar Joker cinema boasts five cinemas equipped with state-of-the-art digital technology (3D and Extreme), destined to meet the needs of all visitors who are after premium and quality entertainment. In 2021. Joker introduced the very first Kids Cinestar, a specialized concept with a variety of additional amenities adapted to children from the ages of 3 [&hellip;]<\/p>\n","protected":false},"author":1,"featured_media":3749,"parent":0,"menu_order":0,"comment_status":"closed","ping_status":"closed","template":"page-templates\/template_cinema.php","meta":{"_acf_changed":false,"footnotes":""},"class_list":["post-392","page","type-page","status-publish","has-post-thumbnail","hentry"],"acf":[],"yoast_head":"<!-- This site is optimized with the Yoast SEO plugin v26.8 - https:\/\/yoast.com\/product\/yoast-seo-wordpress\/ -->\n<title>Cinema - Joker.hr Cinema<\/title>\n<meta name=\"description\" content=\"Cinestar Joker cinema boasts five cinemas with state-of-the-art digital technology, destined to meet the needs of all who are after premium entertainment.\" \/>\n<meta name=\"robots\" content=\"index, follow, max-snippet:-1, max-image-preview:large, max-video-preview:-1\" \/>\n<link rel=\"canonical\" href=\"https:\/\/joker.hr\/en\/cinema\/\" \/>\n<meta property=\"og:locale\" content=\"en_US\" \/>\n<meta property=\"og:type\" content=\"article\" \/>\n<meta property=\"og:title\" content=\"Cinema - Joker.hr Cinema\" \/>\n<meta property=\"og:description\" content=\"Cinestar Joker cinema boasts five cinemas with state-of-the-art digital technology, destined to meet the needs of all who are after premium entertainment.\" \/>\n<meta property=\"og:url\" content=\"https:\/\/joker.hr\/en\/cinema\/\" \/>\n<meta property=\"og:site_name\" content=\"Joker.hr\" \/>\n<meta property=\"article:publisher\" content=\"https:\/\/www.facebook.com\/jokersplit\/?ref=br_rs\" \/>\n<meta property=\"article:modified_time\" content=\"2022-07-08T10:45:49+00:00\" \/>\n<meta property=\"og:image\" content=\"https:\/\/joker.hr\/wp-content\/uploads\/2019\/06\/image.png\" \/>\n\t<meta property=\"og:image:width\" content=\"800\" \/>\n\t<meta property=\"og:image:height\" content=\"534\" \/>\n\t<meta property=\"og:image:type\" content=\"image\/png\" \/>\n<meta name=\"twitter:card\" content=\"summary_large_image\" \/>\n<meta name=\"twitter:label1\" content=\"Est. reading time\" \/>\n\t<meta name=\"twitter:data1\" content=\"1 minute\" \/>\n<script type=\"application\/ld+json\" class=\"yoast-schema-graph\">{\"@context\":\"https:\/\/schema.org\",\"@graph\":[{\"@type\":\"WebPage\",\"@id\":\"https:\/\/joker.hr\/en\/cinema\/\",\"url\":\"https:\/\/joker.hr\/en\/cinema\/\",\"name\":\"Cinema - Joker.hr Cinema\",\"isPartOf\":{\"@id\":\"https:\/\/joker.hr\/#website\"},\"primaryImageOfPage\":{\"@id\":\"https:\/\/joker.hr\/en\/cinema\/#primaryimage\"},\"image\":{\"@id\":\"https:\/\/joker.hr\/en\/cinema\/#primaryimage\"},\"thumbnailUrl\":\"https:\/\/joker.hr\/wp-content\/uploads\/2019\/06\/image.png\",\"datePublished\":\"2019-05-09T12:00:57+00:00\",\"dateModified\":\"2022-07-08T10:45:49+00:00\",\"description\":\"Cinestar Joker cinema boasts five cinemas with state-of-the-art digital technology, destined to meet the needs of all who are after premium entertainment.\",\"breadcrumb\":{\"@id\":\"https:\/\/joker.hr\/en\/cinema\/#breadcrumb\"},\"inLanguage\":\"en-US\",\"potentialAction\":[{\"@type\":\"ReadAction\",\"target\":[\"https:\/\/joker.hr\/en\/cinema\/\"]}]},{\"@type\":\"ImageObject\",\"inLanguage\":\"en-US\",\"@id\":\"https:\/\/joker.hr\/en\/cinema\/#primaryimage\",\"url\":\"https:\/\/joker.hr\/wp-content\/uploads\/2019\/06\/image.png\",\"contentUrl\":\"https:\/\/joker.hr\/wp-content\/uploads\/2019\/06\/image.png\",\"width\":800,\"height\":534,\"caption\":\"cinestar Joker kino\"},{\"@type\":\"BreadcrumbList\",\"@id\":\"https:\/\/joker.hr\/en\/cinema\/#breadcrumb\",\"itemListElement\":[{\"@type\":\"ListItem\",\"position\":1,\"name\":\"Po\u010detna stranica\",\"item\":\"https:\/\/joker.hr\/\"},{\"@type\":\"ListItem\",\"position\":2,\"name\":\"Cinema\"}]},{\"@type\":\"WebSite\",\"@id\":\"https:\/\/joker.hr\/#website\",\"url\":\"https:\/\/joker.hr\/\",\"name\":\"Joker.hr\",\"description\":\"Shopping centar u centru Splita s velikom ponudom odje\u0107e, obu\u0107e, sportske opreme, namje\u0161taja i elektronike, uz najbolje popuste i akcije.\",\"publisher\":{\"@id\":\"https:\/\/joker.hr\/#organization\"},\"potentialAction\":[{\"@type\":\"SearchAction\",\"target\":{\"@type\":\"EntryPoint\",\"urlTemplate\":\"https:\/\/joker.hr\/?s={search_term_string}\"},\"query-input\":{\"@type\":\"PropertyValueSpecification\",\"valueRequired\":true,\"valueName\":\"search_term_string\"}}],\"inLanguage\":\"en-US\"},{\"@type\":\"Organization\",\"@id\":\"https:\/\/joker.hr\/#organization\",\"name\":\"Joker\",\"url\":\"https:\/\/joker.hr\/\",\"logo\":{\"@type\":\"ImageObject\",\"inLanguage\":\"en-US\",\"@id\":\"https:\/\/joker.hr\/#\/schema\/logo\/image\/\",\"url\":\"https:\/\/joker.hr\/wp-content\/uploads\/2019\/07\/joker-logo.svg\",\"contentUrl\":\"https:\/\/joker.hr\/wp-content\/uploads\/2019\/07\/joker-logo.svg\",\"width\":1,\"height\":1,\"caption\":\"Joker\"},\"image\":{\"@id\":\"https:\/\/joker.hr\/#\/schema\/logo\/image\/\"},\"sameAs\":[\"https:\/\/www.facebook.com\/jokersplit\/?ref=br_rs\"]}]}<\/script>\n<!-- \/ Yoast SEO plugin. -->","yoast_head_json":{"title":"Cinema - Joker.hr Cinema","description":"Cinestar Joker cinema boasts five cinemas with state-of-the-art digital technology, destined to meet the needs of all who are after premium entertainment.","robots":{"index":"index","follow":"follow","max-snippet":"max-snippet:-1","max-image-preview":"max-image-preview:large","max-video-preview":"max-video-preview:-1"},"canonical":"https:\/\/joker.hr\/en\/cinema\/","og_locale":"en_US","og_type":"article","og_title":"Cinema - Joker.hr Cinema","og_description":"Cinestar Joker cinema boasts five cinemas with state-of-the-art digital technology, destined to meet the needs of all who are after premium entertainment.","og_url":"https:\/\/joker.hr\/en\/cinema\/","og_site_name":"Joker.hr","article_publisher":"https:\/\/www.facebook.com\/jokersplit\/?ref=br_rs","article_modified_time":"2022-07-08T10:45:49+00:00","og_image":[{"width":800,"height":534,"url":"https:\/\/joker.hr\/wp-content\/uploads\/2019\/06\/image.png","type":"image\/png"}],"twitter_card":"summary_large_image","twitter_misc":{"Est. reading time":"1 minute"},"schema":{"@context":"https:\/\/schema.org","@graph":[{"@type":"WebPage","@id":"https:\/\/joker.hr\/en\/cinema\/","url":"https:\/\/joker.hr\/en\/cinema\/","name":"Cinema - Joker.hr Cinema","isPartOf":{"@id":"https:\/\/joker.hr\/#website"},"primaryImageOfPage":{"@id":"https:\/\/joker.hr\/en\/cinema\/#primaryimage"},"image":{"@id":"https:\/\/joker.hr\/en\/cinema\/#primaryimage"},"thumbnailUrl":"https:\/\/joker.hr\/wp-content\/uploads\/2019\/06\/image.png","datePublished":"2019-05-09T12:00:57+00:00","dateModified":"2022-07-08T10:45:49+00:00","description":"Cinestar Joker cinema boasts five cinemas with state-of-the-art digital technology, destined to meet the needs of all who are after premium entertainment.","breadcrumb":{"@id":"https:\/\/joker.hr\/en\/cinema\/#breadcrumb"},"inLanguage":"en-US","potentialAction":[{"@type":"ReadAction","target":["https:\/\/joker.hr\/en\/cinema\/"]}]},{"@type":"ImageObject","inLanguage":"en-US","@id":"https:\/\/joker.hr\/en\/cinema\/#primaryimage","url":"https:\/\/joker.hr\/wp-content\/uploads\/2019\/06\/image.png","contentUrl":"https:\/\/joker.hr\/wp-content\/uploads\/2019\/06\/image.png","width":800,"height":534,"caption":"cinestar Joker kino"},{"@type":"BreadcrumbList","@id":"https:\/\/joker.hr\/en\/cinema\/#breadcrumb","itemListElement":[{"@type":"ListItem","position":1,"name":"Po\u010detna stranica","item":"https:\/\/joker.hr\/"},{"@type":"ListItem","position":2,"name":"Cinema"}]},{"@type":"WebSite","@id":"https:\/\/joker.hr\/#website","url":"https:\/\/joker.hr\/","name":"Joker.hr","description":"Shopping centar u centru Splita s velikom ponudom odje\u0107e, obu\u0107e, sportske opreme, namje\u0161taja i elektronike, uz najbolje popuste i akcije.","publisher":{"@id":"https:\/\/joker.hr\/#organization"},"potentialAction":[{"@type":"SearchAction","target":{"@type":"EntryPoint","urlTemplate":"https:\/\/joker.hr\/?s={search_term_string}"},"query-input":{"@type":"PropertyValueSpecification","valueRequired":true,"valueName":"search_term_string"}}],"inLanguage":"en-US"},{"@type":"Organization","@id":"https:\/\/joker.hr\/#organization","name":"Joker","url":"https:\/\/joker.hr\/","logo":{"@type":"ImageObject","inLanguage":"en-US","@id":"https:\/\/joker.hr\/#\/schema\/logo\/image\/","url":"https:\/\/joker.hr\/wp-content\/uploads\/2019\/07\/joker-logo.svg","contentUrl":"https:\/\/joker.hr\/wp-content\/uploads\/2019\/07\/joker-logo.svg","width":1,"height":1,"caption":"Joker"},"image":{"@id":"https:\/\/joker.hr\/#\/schema\/logo\/image\/"},"sameAs":["https:\/\/www.facebook.com\/jokersplit\/?ref=br_rs"]}]}},"_links":{"self":[{"href":"https:\/\/joker.hr\/en\/wp-json\/wp\/v2\/pages\/392","targetHints":{"allow":["GET"]}}],"collection":[{"href":"https:\/\/joker.hr\/en\/wp-json\/wp\/v2\/pages"}],"about":[{"href":"https:\/\/joker.hr\/en\/wp-json\/wp\/v2\/types\/page"}],"author":[{"embeddable":true,"href":"https:\/\/joker.hr\/en\/wp-json\/wp\/v2\/users\/1"}],"replies":[{"embeddable":true,"href":"https:\/\/joker.hr\/en\/wp-json\/wp\/v2\/comments?post=392"}],"version-history":[{"count":0,"href":"https:\/\/joker.hr\/en\/wp-json\/wp\/v2\/pages\/392\/revisions"}],"wp:featuredmedia":[{"embeddable":true,"href":"https:\/\/joker.hr\/en\/wp-json\/wp\/v2\/media\/3749"}],"wp:attachment":[{"href":"https:\/\/joker.hr\/en\/wp-json\/wp\/v2\/media?parent=392"}],"curies":[{"name":"wp","href":"https:\/\/api.w.org\/{rel}","templated":true}]}}