{"id":36832,"date":"2024-07-17T09:35:15","date_gmt":"2024-07-17T09:35:15","guid":{"rendered":"https:\/\/joker.hr\/?page_id=36832"},"modified":"2024-07-17T09:35:23","modified_gmt":"2024-07-17T09:35:23","slug":"lockers","status":"publish","type":"page","link":"https:\/\/joker.hr\/en\/lockers\/","title":{"rendered":"Lockers"},"content":{"rendered":"\n<p>For safe storage of personal belongings while shopping, use our lockers on the center&#8217;s ground floor, located next to the main stairs.<\/p>\n\n\n\n<p>You can find detailed instructions for locker use below.<\/p>\n\n\n\n<ul class=\"wp-block-list\"><li>TO LOCK THE CABINET, <strong>INSERT THE COIN<\/strong> IN THE SLOT INSIDE OF THE DOOR OF THE CABINET.<\/li><li><strong>YOU CAN PICK UP THE COIN AT THE INFO DESK OF THE CENTER WITH A DEPOSIT OF 1 EUR<\/strong><\/li><li>AFTER YOU INSERT THE COIN, YOU CAN LOCK THE CABINET AND REMOVE THE KEY.<\/li><li>AFTER USING THE CABINET, UNLOCK THE CABINET AND TAKE THE COIN BACK, KEEPING THE KEY IN THE CABINET LOCK.<\/li><li>RETURN THE COIN TO THE INFO DESK AND TAKE YOUR DEPOSIT BACK.<\/li><li><strong>CABINETS ARE INTENDED FOR DAILY USE ONLY. IT IS MANDATORY TO RETURN THE KEY BY THE END OF THE CENTER&#8217;S WORKING HOURS. <\/strong><\/li><li><strong>THE LOCKERS ARE EMPTIED ONCE A DAY, BEFORE THE OPENING IN THE MORNING, TO ENSURE THEIR AVAILABILITY FOR NEW USERS DAILY.<\/strong><\/li><li>Lockers are available to all Joker Mall visitors.<\/li><li>The Joker Mall is not responsible for the things in the lockers. Use of the lockers is at your own risk.<\/li><li>In case of losing the locker key, contact the information desk. Lost key compensation is charged 15 EUR.<\/li><\/ul>\n\n\n\n<p>For additional information, please refer to the info desk or contact info: +385 21 396 909, infopult@joker.hr.<\/p>\n\n\n\n<p>Lockers location: <\/p>\n\n\n\n<figure class=\"wp-block-image\"><img decoding=\"async\" width=\"1024\" height=\"683\" data-src=\"https:\/\/joker.hr\/wp-content\/uploads\/2024\/07\/5-1024x683.png\" alt=\"\" class=\"wp-image-36471 lazyload\" data-srcset=\"https:\/\/joker.hr\/wp-content\/uploads\/2024\/07\/5-1024x683.png 1024w, https:\/\/joker.hr\/wp-content\/uploads\/2024\/07\/5-300x200.png 300w, https:\/\/joker.hr\/wp-content\/uploads\/2024\/07\/5-768x512.png 768w, https:\/\/joker.hr\/wp-content\/uploads\/2024\/07\/5.png 1620w\" data-sizes=\"(max-width: 1024px) 100vw, 1024px\" src=\"data:image\/svg+xml;base64,PHN2ZyB3aWR0aD0iMSIgaGVpZ2h0PSIxIiB4bWxucz0iaHR0cDovL3d3dy53My5vcmcvMjAwMC9zdmciPjwvc3ZnPg==\" style=\"--smush-placeholder-width: 1024px; --smush-placeholder-aspect-ratio: 1024\/683;\" \/><\/figure>\n","protected":false},"excerpt":{"rendered":"<p>For safe storage of personal belongings while shopping, use our lockers on the center&#8217;s ground floor, located next to the main stairs. You can find detailed instructions for locker use below. TO LOCK THE CABINET, INSERT THE COIN IN THE SLOT INSIDE OF THE DOOR OF THE CABINET. YOU CAN PICK UP THE COIN AT [&hellip;]<\/p>\n","protected":false},"author":2,"featured_media":36830,"parent":0,"menu_order":0,"comment_status":"closed","ping_status":"closed","template":"","meta":{"_acf_changed":false,"footnotes":""},"class_list":["post-36832","page","type-page","status-publish","has-post-thumbnail","hentry"],"acf":[],"yoast_head":"<!-- This site is optimized with the Yoast SEO plugin v26.8 - https:\/\/yoast.com\/product\/yoast-seo-wordpress\/ -->\n<title>Lockers - gorund floor - Joker.hr - Joker Shopping Mall Split<\/title>\n<meta name=\"description\" content=\"For safe storage of personal belongings while shopping, use our lockers on the center&#039;s ground floor, located next to the main stairs.\" \/>\n<meta name=\"robots\" content=\"index, follow, max-snippet:-1, max-image-preview:large, max-video-preview:-1\" \/>\n<link rel=\"canonical\" href=\"https:\/\/joker.hr\/en\/lockers\/\" \/>\n<meta property=\"og:locale\" content=\"en_US\" \/>\n<meta property=\"og:type\" content=\"article\" \/>\n<meta property=\"og:title\" content=\"Lockers - gorund floor - Joker.hr - Joker Shopping Mall Split\" \/>\n<meta property=\"og:description\" content=\"For safe storage of personal belongings while shopping, use our lockers on the center&#039;s ground floor, located next to the main stairs.\" \/>\n<meta property=\"og:url\" content=\"https:\/\/joker.hr\/en\/lockers\/\" \/>\n<meta property=\"og:site_name\" content=\"Joker.hr\" \/>\n<meta property=\"article:publisher\" content=\"https:\/\/www.facebook.com\/jokersplit\/?ref=br_rs\" \/>\n<meta property=\"article:modified_time\" content=\"2024-07-17T09:35:23+00:00\" \/>\n<meta property=\"og:image\" content=\"https:\/\/joker.hr\/wp-content\/uploads\/2024\/07\/ormari\u0107i-cover.png\" \/>\n\t<meta property=\"og:image:width\" content=\"1620\" \/>\n\t<meta property=\"og:image:height\" content=\"1080\" \/>\n\t<meta property=\"og:image:type\" content=\"image\/png\" \/>\n<meta name=\"twitter:card\" content=\"summary_large_image\" \/>\n<meta name=\"twitter:label1\" content=\"Est. reading time\" \/>\n\t<meta name=\"twitter:data1\" content=\"1 minute\" \/>\n<script type=\"application\/ld+json\" class=\"yoast-schema-graph\">{\"@context\":\"https:\/\/schema.org\",\"@graph\":[{\"@type\":\"WebPage\",\"@id\":\"https:\/\/joker.hr\/en\/lockers\/\",\"url\":\"https:\/\/joker.hr\/en\/lockers\/\",\"name\":\"Lockers - gorund floor - Joker.hr - Joker Shopping Mall Split\",\"isPartOf\":{\"@id\":\"https:\/\/joker.hr\/#website\"},\"primaryImageOfPage\":{\"@id\":\"https:\/\/joker.hr\/en\/lockers\/#primaryimage\"},\"image\":{\"@id\":\"https:\/\/joker.hr\/en\/lockers\/#primaryimage\"},\"thumbnailUrl\":\"https:\/\/joker.hr\/wp-content\/uploads\/2024\/07\/ormari\u0107i-cover.png\",\"datePublished\":\"2024-07-17T09:35:15+00:00\",\"dateModified\":\"2024-07-17T09:35:23+00:00\",\"description\":\"For safe storage of personal belongings while shopping, use our lockers on the center's ground floor, located next to the main stairs.\",\"breadcrumb\":{\"@id\":\"https:\/\/joker.hr\/en\/lockers\/#breadcrumb\"},\"inLanguage\":\"en-US\",\"potentialAction\":[{\"@type\":\"ReadAction\",\"target\":[\"https:\/\/joker.hr\/en\/lockers\/\"]}]},{\"@type\":\"ImageObject\",\"inLanguage\":\"en-US\",\"@id\":\"https:\/\/joker.hr\/en\/lockers\/#primaryimage\",\"url\":\"https:\/\/joker.hr\/wp-content\/uploads\/2024\/07\/ormari\u0107i-cover.png\",\"contentUrl\":\"https:\/\/joker.hr\/wp-content\/uploads\/2024\/07\/ormari\u0107i-cover.png\",\"width\":1620,\"height\":1080},{\"@type\":\"BreadcrumbList\",\"@id\":\"https:\/\/joker.hr\/en\/lockers\/#breadcrumb\",\"itemListElement\":[{\"@type\":\"ListItem\",\"position\":1,\"name\":\"Po\u010detna stranica\",\"item\":\"https:\/\/joker.hr\/\"},{\"@type\":\"ListItem\",\"position\":2,\"name\":\"Lockers\"}]},{\"@type\":\"WebSite\",\"@id\":\"https:\/\/joker.hr\/#website\",\"url\":\"https:\/\/joker.hr\/\",\"name\":\"Joker.hr\",\"description\":\"Shopping centar u centru Splita s velikom ponudom odje\u0107e, obu\u0107e, sportske opreme, namje\u0161taja i elektronike, uz najbolje popuste i akcije.\",\"publisher\":{\"@id\":\"https:\/\/joker.hr\/#organization\"},\"potentialAction\":[{\"@type\":\"SearchAction\",\"target\":{\"@type\":\"EntryPoint\",\"urlTemplate\":\"https:\/\/joker.hr\/?s={search_term_string}\"},\"query-input\":{\"@type\":\"PropertyValueSpecification\",\"valueRequired\":true,\"valueName\":\"search_term_string\"}}],\"inLanguage\":\"en-US\"},{\"@type\":\"Organization\",\"@id\":\"https:\/\/joker.hr\/#organization\",\"name\":\"Joker\",\"url\":\"https:\/\/joker.hr\/\",\"logo\":{\"@type\":\"ImageObject\",\"inLanguage\":\"en-US\",\"@id\":\"https:\/\/joker.hr\/#\/schema\/logo\/image\/\",\"url\":\"https:\/\/joker.hr\/wp-content\/uploads\/2019\/07\/joker-logo.svg\",\"contentUrl\":\"https:\/\/joker.hr\/wp-content\/uploads\/2019\/07\/joker-logo.svg\",\"width\":1,\"height\":1,\"caption\":\"Joker\"},\"image\":{\"@id\":\"https:\/\/joker.hr\/#\/schema\/logo\/image\/\"},\"sameAs\":[\"https:\/\/www.facebook.com\/jokersplit\/?ref=br_rs\"]}]}<\/script>\n<!-- \/ Yoast SEO plugin. -->","yoast_head_json":{"title":"Lockers - gorund floor - Joker.hr - Joker Shopping Mall Split","description":"For safe storage of personal belongings while shopping, use our lockers on the center's ground floor, located next to the main stairs.","robots":{"index":"index","follow":"follow","max-snippet":"max-snippet:-1","max-image-preview":"max-image-preview:large","max-video-preview":"max-video-preview:-1"},"canonical":"https:\/\/joker.hr\/en\/lockers\/","og_locale":"en_US","og_type":"article","og_title":"Lockers - gorund floor - Joker.hr - Joker Shopping Mall Split","og_description":"For safe storage of personal belongings while shopping, use our lockers on the center's ground floor, located next to the main stairs.","og_url":"https:\/\/joker.hr\/en\/lockers\/","og_site_name":"Joker.hr","article_publisher":"https:\/\/www.facebook.com\/jokersplit\/?ref=br_rs","article_modified_time":"2024-07-17T09:35:23+00:00","og_image":[{"width":1620,"height":1080,"url":"https:\/\/joker.hr\/wp-content\/uploads\/2024\/07\/ormari\u0107i-cover.png","type":"image\/png"}],"twitter_card":"summary_large_image","twitter_misc":{"Est. reading time":"1 minute"},"schema":{"@context":"https:\/\/schema.org","@graph":[{"@type":"WebPage","@id":"https:\/\/joker.hr\/en\/lockers\/","url":"https:\/\/joker.hr\/en\/lockers\/","name":"Lockers - gorund floor - Joker.hr - Joker Shopping Mall Split","isPartOf":{"@id":"https:\/\/joker.hr\/#website"},"primaryImageOfPage":{"@id":"https:\/\/joker.hr\/en\/lockers\/#primaryimage"},"image":{"@id":"https:\/\/joker.hr\/en\/lockers\/#primaryimage"},"thumbnailUrl":"https:\/\/joker.hr\/wp-content\/uploads\/2024\/07\/ormari\u0107i-cover.png","datePublished":"2024-07-17T09:35:15+00:00","dateModified":"2024-07-17T09:35:23+00:00","description":"For safe storage of personal belongings while shopping, use our lockers on the center's ground floor, located next to the main stairs.","breadcrumb":{"@id":"https:\/\/joker.hr\/en\/lockers\/#breadcrumb"},"inLanguage":"en-US","potentialAction":[{"@type":"ReadAction","target":["https:\/\/joker.hr\/en\/lockers\/"]}]},{"@type":"ImageObject","inLanguage":"en-US","@id":"https:\/\/joker.hr\/en\/lockers\/#primaryimage","url":"https:\/\/joker.hr\/wp-content\/uploads\/2024\/07\/ormari\u0107i-cover.png","contentUrl":"https:\/\/joker.hr\/wp-content\/uploads\/2024\/07\/ormari\u0107i-cover.png","width":1620,"height":1080},{"@type":"BreadcrumbList","@id":"https:\/\/joker.hr\/en\/lockers\/#breadcrumb","itemListElement":[{"@type":"ListItem","position":1,"name":"Po\u010detna stranica","item":"https:\/\/joker.hr\/"},{"@type":"ListItem","position":2,"name":"Lockers"}]},{"@type":"WebSite","@id":"https:\/\/joker.hr\/#website","url":"https:\/\/joker.hr\/","name":"Joker.hr","description":"Shopping centar u centru Splita s velikom ponudom odje\u0107e, obu\u0107e, sportske opreme, namje\u0161taja i elektronike, uz najbolje popuste i akcije.","publisher":{"@id":"https:\/\/joker.hr\/#organization"},"potentialAction":[{"@type":"SearchAction","target":{"@type":"EntryPoint","urlTemplate":"https:\/\/joker.hr\/?s={search_term_string}"},"query-input":{"@type":"PropertyValueSpecification","valueRequired":true,"valueName":"search_term_string"}}],"inLanguage":"en-US"},{"@type":"Organization","@id":"https:\/\/joker.hr\/#organization","name":"Joker","url":"https:\/\/joker.hr\/","logo":{"@type":"ImageObject","inLanguage":"en-US","@id":"https:\/\/joker.hr\/#\/schema\/logo\/image\/","url":"https:\/\/joker.hr\/wp-content\/uploads\/2019\/07\/joker-logo.svg","contentUrl":"https:\/\/joker.hr\/wp-content\/uploads\/2019\/07\/joker-logo.svg","width":1,"height":1,"caption":"Joker"},"image":{"@id":"https:\/\/joker.hr\/#\/schema\/logo\/image\/"},"sameAs":["https:\/\/www.facebook.com\/jokersplit\/?ref=br_rs"]}]}},"_links":{"self":[{"href":"https:\/\/joker.hr\/en\/wp-json\/wp\/v2\/pages\/36832","targetHints":{"allow":["GET"]}}],"collection":[{"href":"https:\/\/joker.hr\/en\/wp-json\/wp\/v2\/pages"}],"about":[{"href":"https:\/\/joker.hr\/en\/wp-json\/wp\/v2\/types\/page"}],"author":[{"embeddable":true,"href":"https:\/\/joker.hr\/en\/wp-json\/wp\/v2\/users\/2"}],"replies":[{"embeddable":true,"href":"https:\/\/joker.hr\/en\/wp-json\/wp\/v2\/comments?post=36832"}],"version-history":[{"count":0,"href":"https:\/\/joker.hr\/en\/wp-json\/wp\/v2\/pages\/36832\/revisions"}],"wp:featuredmedia":[{"embeddable":true,"href":"https:\/\/joker.hr\/en\/wp-json\/wp\/v2\/media\/36830"}],"wp:attachment":[{"href":"https:\/\/joker.hr\/en\/wp-json\/wp\/v2\/media?parent=36832"}],"curies":[{"name":"wp","href":"https:\/\/api.w.org\/{rel}","templated":true}]}}