{"id":36630,"date":"2024-07-10T09:37:02","date_gmt":"2024-07-10T09:37:02","guid":{"rendered":"https:\/\/joker.hr\/contact\/"},"modified":"2024-07-11T13:07:33","modified_gmt":"2024-07-11T13:07:33","slug":"contact","status":"publish","type":"page","link":"https:\/\/joker.hr\/en\/contact\/","title":{"rendered":"Contact"},"content":{"rendered":"\n<p>For all your inquiries and suggestions, don&#8217;t hesitate to get in touch with us at the listed phone and email contacts. We are at your disposal.<\/p>\n\n<h3 class=\"wp-block-heading\">INFO DESK<\/h3>\n\n<ul class=\"wp-block-list\"><li>PHONE <a href=\"tel:021%20396%20909\">021 396 909<\/a><\/li><li>EMAIL <a href=\"mailto:infopult@joker.hr\">infopult@joker.hr<\/a><\/li><\/ul>\n\n<h3 class=\"wp-block-heading\">MANAGEMENT<\/h3>\n\n<ul class=\"wp-block-list\"><li>PHONE <a href=\"tel:021%20317%20206\">021 317 206<\/a><\/li><\/ul>\n\n<ul class=\"wp-block-list\"><li>EMAIL <a href=\"mailto:info@joker.hr\">info@joker.hr<\/a><\/li><\/ul>\n\n<h3 class=\"wp-block-heading\">ACCOUNTING<\/h3>\n\n<ul class=\"wp-block-list\"><li>PHONE <a href=\"tel:021%20317%20206\">021 317 206<\/a><\/li><\/ul>\n\n<ul class=\"wp-block-list\"><li>EMAIL <a href=\"mailto:racunovodstvo@joker.hr\">racunovodstvo@joker.hr<\/a> <\/li><\/ul>\n\n<h3 class=\"wp-block-heading\">MARKETING<\/h3>\n\n<ul class=\"wp-block-list\"><li>PHONE <a href=\"tel:021%20317%20206\">021 317 206<\/a><\/li><\/ul>\n\n<ul class=\"wp-block-list\"><li>EMAIL <a href=\"mailto:marketing@joker.hr\">marketing@joker.hr<\/a> <\/li><\/ul>\n","protected":false},"excerpt":{"rendered":"<p>For all your inquiries and suggestions, don&#8217;t hesitate to get in touch with us at the listed phone and email contacts. We are at your disposal. INFO DESK PHONE 021 396 909 EMAIL infopult@joker.hr MANAGEMENT PHONE 021 317 206 EMAIL info@joker.hr ACCOUNTING PHONE 021 317 206 EMAIL racunovodstvo@joker.hr MARKETING PHONE 021 317 206 EMAIL marketing@joker.hr<\/p>\n","protected":false},"author":2,"featured_media":36588,"parent":0,"menu_order":0,"comment_status":"closed","ping_status":"closed","template":"","meta":{"_acf_changed":false,"footnotes":""},"class_list":["post-36630","page","type-page","status-publish","has-post-thumbnail","hentry"],"acf":[],"yoast_head":"<!-- This site is optimized with the Yoast SEO plugin v26.8 - https:\/\/yoast.com\/product\/yoast-seo-wordpress\/ -->\n<title>Contact - Joker.hr - contact us - Joker Mall<\/title>\n<meta name=\"description\" content=\"For all your inquiries and suggestions, feel free to contact us at the listed phone and email contacts. We are at your disposal.\" \/>\n<meta name=\"robots\" content=\"index, follow, max-snippet:-1, max-image-preview:large, max-video-preview:-1\" \/>\n<link rel=\"canonical\" href=\"https:\/\/joker.hr\/en\/contact\/\" \/>\n<meta property=\"og:locale\" content=\"en_US\" \/>\n<meta property=\"og:type\" content=\"article\" \/>\n<meta property=\"og:title\" content=\"Contact - Joker.hr - contact us - Joker Mall\" \/>\n<meta property=\"og:description\" content=\"For all your inquiries and suggestions, feel free to contact us at the listed phone and email contacts. We are at your disposal.\" \/>\n<meta property=\"og:url\" content=\"https:\/\/joker.hr\/en\/contact\/\" \/>\n<meta property=\"og:site_name\" content=\"Joker.hr\" \/>\n<meta property=\"article:publisher\" content=\"https:\/\/www.facebook.com\/jokersplit\/?ref=br_rs\" \/>\n<meta property=\"article:modified_time\" content=\"2024-07-11T13:07:33+00:00\" \/>\n<meta property=\"og:image\" content=\"https:\/\/joker.hr\/wp-content\/uploads\/2024\/07\/kontakt-1.png\" \/>\n\t<meta property=\"og:image:width\" content=\"1620\" \/>\n\t<meta property=\"og:image:height\" content=\"1080\" \/>\n\t<meta property=\"og:image:type\" content=\"image\/png\" \/>\n<meta name=\"twitter:card\" content=\"summary_large_image\" \/>\n<script type=\"application\/ld+json\" class=\"yoast-schema-graph\">{\"@context\":\"https:\/\/schema.org\",\"@graph\":[{\"@type\":\"WebPage\",\"@id\":\"https:\/\/joker.hr\/en\/contact\/\",\"url\":\"https:\/\/joker.hr\/en\/contact\/\",\"name\":\"Contact - Joker.hr - contact us - Joker Mall\",\"isPartOf\":{\"@id\":\"https:\/\/joker.hr\/#website\"},\"primaryImageOfPage\":{\"@id\":\"https:\/\/joker.hr\/en\/contact\/#primaryimage\"},\"image\":{\"@id\":\"https:\/\/joker.hr\/en\/contact\/#primaryimage\"},\"thumbnailUrl\":\"https:\/\/joker.hr\/wp-content\/uploads\/2024\/07\/kontakt-1.png\",\"datePublished\":\"2024-07-10T09:37:02+00:00\",\"dateModified\":\"2024-07-11T13:07:33+00:00\",\"description\":\"For all your inquiries and suggestions, feel free to contact us at the listed phone and email contacts. We are at your disposal.\",\"breadcrumb\":{\"@id\":\"https:\/\/joker.hr\/en\/contact\/#breadcrumb\"},\"inLanguage\":\"en-US\",\"potentialAction\":[{\"@type\":\"ReadAction\",\"target\":[\"https:\/\/joker.hr\/en\/contact\/\"]}]},{\"@type\":\"ImageObject\",\"inLanguage\":\"en-US\",\"@id\":\"https:\/\/joker.hr\/en\/contact\/#primaryimage\",\"url\":\"https:\/\/joker.hr\/wp-content\/uploads\/2024\/07\/kontakt-1.png\",\"contentUrl\":\"https:\/\/joker.hr\/wp-content\/uploads\/2024\/07\/kontakt-1.png\",\"width\":1620,\"height\":1080},{\"@type\":\"BreadcrumbList\",\"@id\":\"https:\/\/joker.hr\/en\/contact\/#breadcrumb\",\"itemListElement\":[{\"@type\":\"ListItem\",\"position\":1,\"name\":\"Po\u010detna stranica\",\"item\":\"https:\/\/joker.hr\/\"},{\"@type\":\"ListItem\",\"position\":2,\"name\":\"Contact\"}]},{\"@type\":\"WebSite\",\"@id\":\"https:\/\/joker.hr\/#website\",\"url\":\"https:\/\/joker.hr\/\",\"name\":\"Joker.hr\",\"description\":\"Shopping centar u centru Splita s velikom ponudom odje\u0107e, obu\u0107e, sportske opreme, namje\u0161taja i elektronike, uz najbolje popuste i akcije.\",\"publisher\":{\"@id\":\"https:\/\/joker.hr\/#organization\"},\"potentialAction\":[{\"@type\":\"SearchAction\",\"target\":{\"@type\":\"EntryPoint\",\"urlTemplate\":\"https:\/\/joker.hr\/?s={search_term_string}\"},\"query-input\":{\"@type\":\"PropertyValueSpecification\",\"valueRequired\":true,\"valueName\":\"search_term_string\"}}],\"inLanguage\":\"en-US\"},{\"@type\":\"Organization\",\"@id\":\"https:\/\/joker.hr\/#organization\",\"name\":\"Joker\",\"url\":\"https:\/\/joker.hr\/\",\"logo\":{\"@type\":\"ImageObject\",\"inLanguage\":\"en-US\",\"@id\":\"https:\/\/joker.hr\/#\/schema\/logo\/image\/\",\"url\":\"https:\/\/joker.hr\/wp-content\/uploads\/2019\/07\/joker-logo.svg\",\"contentUrl\":\"https:\/\/joker.hr\/wp-content\/uploads\/2019\/07\/joker-logo.svg\",\"width\":1,\"height\":1,\"caption\":\"Joker\"},\"image\":{\"@id\":\"https:\/\/joker.hr\/#\/schema\/logo\/image\/\"},\"sameAs\":[\"https:\/\/www.facebook.com\/jokersplit\/?ref=br_rs\"]}]}<\/script>\n<!-- \/ Yoast SEO plugin. -->","yoast_head_json":{"title":"Contact - Joker.hr - contact us - Joker Mall","description":"For all your inquiries and suggestions, feel free to contact us at the listed phone and email contacts. We are at your disposal.","robots":{"index":"index","follow":"follow","max-snippet":"max-snippet:-1","max-image-preview":"max-image-preview:large","max-video-preview":"max-video-preview:-1"},"canonical":"https:\/\/joker.hr\/en\/contact\/","og_locale":"en_US","og_type":"article","og_title":"Contact - Joker.hr - contact us - Joker Mall","og_description":"For all your inquiries and suggestions, feel free to contact us at the listed phone and email contacts. We are at your disposal.","og_url":"https:\/\/joker.hr\/en\/contact\/","og_site_name":"Joker.hr","article_publisher":"https:\/\/www.facebook.com\/jokersplit\/?ref=br_rs","article_modified_time":"2024-07-11T13:07:33+00:00","og_image":[{"width":1620,"height":1080,"url":"https:\/\/joker.hr\/wp-content\/uploads\/2024\/07\/kontakt-1.png","type":"image\/png"}],"twitter_card":"summary_large_image","schema":{"@context":"https:\/\/schema.org","@graph":[{"@type":"WebPage","@id":"https:\/\/joker.hr\/en\/contact\/","url":"https:\/\/joker.hr\/en\/contact\/","name":"Contact - Joker.hr - contact us - Joker Mall","isPartOf":{"@id":"https:\/\/joker.hr\/#website"},"primaryImageOfPage":{"@id":"https:\/\/joker.hr\/en\/contact\/#primaryimage"},"image":{"@id":"https:\/\/joker.hr\/en\/contact\/#primaryimage"},"thumbnailUrl":"https:\/\/joker.hr\/wp-content\/uploads\/2024\/07\/kontakt-1.png","datePublished":"2024-07-10T09:37:02+00:00","dateModified":"2024-07-11T13:07:33+00:00","description":"For all your inquiries and suggestions, feel free to contact us at the listed phone and email contacts. We are at your disposal.","breadcrumb":{"@id":"https:\/\/joker.hr\/en\/contact\/#breadcrumb"},"inLanguage":"en-US","potentialAction":[{"@type":"ReadAction","target":["https:\/\/joker.hr\/en\/contact\/"]}]},{"@type":"ImageObject","inLanguage":"en-US","@id":"https:\/\/joker.hr\/en\/contact\/#primaryimage","url":"https:\/\/joker.hr\/wp-content\/uploads\/2024\/07\/kontakt-1.png","contentUrl":"https:\/\/joker.hr\/wp-content\/uploads\/2024\/07\/kontakt-1.png","width":1620,"height":1080},{"@type":"BreadcrumbList","@id":"https:\/\/joker.hr\/en\/contact\/#breadcrumb","itemListElement":[{"@type":"ListItem","position":1,"name":"Po\u010detna stranica","item":"https:\/\/joker.hr\/"},{"@type":"ListItem","position":2,"name":"Contact"}]},{"@type":"WebSite","@id":"https:\/\/joker.hr\/#website","url":"https:\/\/joker.hr\/","name":"Joker.hr","description":"Shopping centar u centru Splita s velikom ponudom odje\u0107e, obu\u0107e, sportske opreme, namje\u0161taja i elektronike, uz najbolje popuste i akcije.","publisher":{"@id":"https:\/\/joker.hr\/#organization"},"potentialAction":[{"@type":"SearchAction","target":{"@type":"EntryPoint","urlTemplate":"https:\/\/joker.hr\/?s={search_term_string}"},"query-input":{"@type":"PropertyValueSpecification","valueRequired":true,"valueName":"search_term_string"}}],"inLanguage":"en-US"},{"@type":"Organization","@id":"https:\/\/joker.hr\/#organization","name":"Joker","url":"https:\/\/joker.hr\/","logo":{"@type":"ImageObject","inLanguage":"en-US","@id":"https:\/\/joker.hr\/#\/schema\/logo\/image\/","url":"https:\/\/joker.hr\/wp-content\/uploads\/2019\/07\/joker-logo.svg","contentUrl":"https:\/\/joker.hr\/wp-content\/uploads\/2019\/07\/joker-logo.svg","width":1,"height":1,"caption":"Joker"},"image":{"@id":"https:\/\/joker.hr\/#\/schema\/logo\/image\/"},"sameAs":["https:\/\/www.facebook.com\/jokersplit\/?ref=br_rs"]}]}},"_links":{"self":[{"href":"https:\/\/joker.hr\/en\/wp-json\/wp\/v2\/pages\/36630","targetHints":{"allow":["GET"]}}],"collection":[{"href":"https:\/\/joker.hr\/en\/wp-json\/wp\/v2\/pages"}],"about":[{"href":"https:\/\/joker.hr\/en\/wp-json\/wp\/v2\/types\/page"}],"author":[{"embeddable":true,"href":"https:\/\/joker.hr\/en\/wp-json\/wp\/v2\/users\/2"}],"replies":[{"embeddable":true,"href":"https:\/\/joker.hr\/en\/wp-json\/wp\/v2\/comments?post=36630"}],"version-history":[{"count":0,"href":"https:\/\/joker.hr\/en\/wp-json\/wp\/v2\/pages\/36630\/revisions"}],"wp:featuredmedia":[{"embeddable":true,"href":"https:\/\/joker.hr\/en\/wp-json\/wp\/v2\/media\/36588"}],"wp:attachment":[{"href":"https:\/\/joker.hr\/en\/wp-json\/wp\/v2\/media?parent=36630"}],"curies":[{"name":"wp","href":"https:\/\/api.w.org\/{rel}","templated":true}]}}