{"id":33637,"date":"2023-07-20T08:38:41","date_gmt":"2023-07-20T08:38:41","guid":{"rendered":"https:\/\/joker.hr\/?page_id=33637"},"modified":"2023-08-04T07:28:56","modified_gmt":"2023-08-04T07:28:56","slug":"sunday-working-hours","status":"publish","type":"page","link":"https:\/\/joker.hr\/en\/sunday-working-hours\/","title":{"rendered":"Sunday and National Holidays Working Hours &#8211; August"},"content":{"rendered":"\n<p>On Sundays in August, the Joker Center will work according to the following schedule: <\/p>\n\n\n\n<ul class=\"wp-block-list\"><li>Sunday 6.8. &#8211; CLOSED <\/li><li>Sunday 13.8. &#8211; CLOSED <\/li><li>Sunday 20.8. &#8211; OPEN<\/li><li>Sunday 27.8. &#8211; OPEN<\/li><\/ul>\n\n\n\n<p><strong>Joker Mall will also be closed for the national holidays in Croatia &#8211; Victory Day 5th of August and Assumption of Mary 15th of August.<\/strong><\/p>\n\n\n\n<p>Non-working days do not apply to restaurants and entertainment facilities, so on Sundays and Holidays when the centre is not open, the following premises will be available regularly: <\/p>\n\n\n\n<ul class=\"wp-block-list\"><li><strong>bars and restaurant in front of the centre<\/strong> \u2013 coffee bars Lobby and OutBox, Chevap by Duje Pisac <\/li><li><strong>McDonald&#8217;s<\/strong> restaurant (from 10:30 a.m. to 11:00 p.m.) <\/li><li>restaurants in the <strong>food court <\/strong>on the fourth floor (<strong>Opa! and Yun<\/strong>) <\/li><li><strong>Favbet <\/strong>casino<\/li><li>cinema <strong>CineStar <\/strong><\/li><\/ul>\n\n\n\n<p>Follow our <a href=\"https:\/\/joker.hr\/en\/working-hours\/ \">website<\/a> and social networks for all other news about working on Sundays. <\/p>\n","protected":false},"excerpt":{"rendered":"<p>On Sundays in August, the Joker Center will work according to the following schedule: Sunday 6.8. &#8211; CLOSED Sunday 13.8. &#8211; CLOSED Sunday 20.8. &#8211; OPEN Sunday 27.8. &#8211; OPEN Joker Mall will also be closed for the national holidays in Croatia &#8211; Victory Day 5th of August and Assumption of Mary 15th of August. [&hellip;]<\/p>\n","protected":false},"author":2,"featured_media":33706,"parent":0,"menu_order":0,"comment_status":"closed","ping_status":"closed","template":"","meta":{"_acf_changed":false,"footnotes":""},"class_list":["post-33637","page","type-page","status-publish","has-post-thumbnail","hentry"],"acf":[],"yoast_head":"<!-- This site is optimized with the Yoast SEO plugin v26.8 - https:\/\/yoast.com\/product\/yoast-seo-wordpress\/ -->\n<title>Sunday and National Holidays Working Hours - August - Joker.hr<\/title>\n<meta name=\"robots\" content=\"index, follow, max-snippet:-1, max-image-preview:large, max-video-preview:-1\" \/>\n<link rel=\"canonical\" href=\"https:\/\/joker.hr\/en\/sunday-working-hours\/\" \/>\n<meta property=\"og:locale\" content=\"en_US\" \/>\n<meta property=\"og:type\" content=\"article\" \/>\n<meta property=\"og:title\" content=\"Sunday and National Holidays Working Hours - August - Joker.hr\" \/>\n<meta property=\"og:description\" content=\"On Sundays in August, the Joker Center will work according to the following schedule: Sunday 6.8. &#8211; CLOSED Sunday 13.8. &#8211; CLOSED Sunday 20.8. &#8211; OPEN Sunday 27.8. &#8211; OPEN Joker Mall will also be closed for the national holidays in Croatia &#8211; Victory Day 5th of August and Assumption of Mary 15th of August. [&hellip;]\" \/>\n<meta property=\"og:url\" content=\"https:\/\/joker.hr\/en\/sunday-working-hours\/\" \/>\n<meta property=\"og:site_name\" content=\"Joker.hr\" \/>\n<meta property=\"article:publisher\" content=\"https:\/\/www.facebook.com\/jokersplit\/?ref=br_rs\" \/>\n<meta property=\"article:modified_time\" content=\"2023-08-04T07:28:56+00:00\" \/>\n<meta property=\"og:image\" content=\"https:\/\/joker.hr\/wp-content\/uploads\/2023\/08\/web-slider-solo2.jpg\" \/>\n\t<meta property=\"og:image:width\" content=\"1920\" \/>\n\t<meta property=\"og:image:height\" content=\"1080\" \/>\n\t<meta property=\"og:image:type\" content=\"image\/jpeg\" \/>\n<meta name=\"twitter:card\" content=\"summary_large_image\" \/>\n<meta name=\"twitter:label1\" content=\"Est. reading time\" \/>\n\t<meta name=\"twitter:data1\" content=\"1 minute\" \/>\n<script type=\"application\/ld+json\" class=\"yoast-schema-graph\">{\"@context\":\"https:\/\/schema.org\",\"@graph\":[{\"@type\":\"WebPage\",\"@id\":\"https:\/\/joker.hr\/en\/sunday-working-hours\/\",\"url\":\"https:\/\/joker.hr\/en\/sunday-working-hours\/\",\"name\":\"Sunday and National Holidays Working Hours - August - Joker.hr\",\"isPartOf\":{\"@id\":\"https:\/\/joker.hr\/#website\"},\"primaryImageOfPage\":{\"@id\":\"https:\/\/joker.hr\/en\/sunday-working-hours\/#primaryimage\"},\"image\":{\"@id\":\"https:\/\/joker.hr\/en\/sunday-working-hours\/#primaryimage\"},\"thumbnailUrl\":\"https:\/\/joker.hr\/wp-content\/uploads\/2023\/08\/web-slider-solo2.jpg\",\"datePublished\":\"2023-07-20T08:38:41+00:00\",\"dateModified\":\"2023-08-04T07:28:56+00:00\",\"breadcrumb\":{\"@id\":\"https:\/\/joker.hr\/en\/sunday-working-hours\/#breadcrumb\"},\"inLanguage\":\"en-US\",\"potentialAction\":[{\"@type\":\"ReadAction\",\"target\":[\"https:\/\/joker.hr\/en\/sunday-working-hours\/\"]}]},{\"@type\":\"ImageObject\",\"inLanguage\":\"en-US\",\"@id\":\"https:\/\/joker.hr\/en\/sunday-working-hours\/#primaryimage\",\"url\":\"https:\/\/joker.hr\/wp-content\/uploads\/2023\/08\/web-slider-solo2.jpg\",\"contentUrl\":\"https:\/\/joker.hr\/wp-content\/uploads\/2023\/08\/web-slider-solo2.jpg\",\"width\":1920,\"height\":1080,\"caption\":\"WORKING SUNDAYS AUGUST\"},{\"@type\":\"BreadcrumbList\",\"@id\":\"https:\/\/joker.hr\/en\/sunday-working-hours\/#breadcrumb\",\"itemListElement\":[{\"@type\":\"ListItem\",\"position\":1,\"name\":\"Po\u010detna stranica\",\"item\":\"https:\/\/joker.hr\/\"},{\"@type\":\"ListItem\",\"position\":2,\"name\":\"Sunday and National Holidays Working Hours &#8211; August\"}]},{\"@type\":\"WebSite\",\"@id\":\"https:\/\/joker.hr\/#website\",\"url\":\"https:\/\/joker.hr\/\",\"name\":\"Joker.hr\",\"description\":\"Shopping centar u centru Splita s velikom ponudom odje\u0107e, obu\u0107e, sportske opreme, namje\u0161taja i elektronike, uz najbolje popuste i akcije.\",\"publisher\":{\"@id\":\"https:\/\/joker.hr\/#organization\"},\"potentialAction\":[{\"@type\":\"SearchAction\",\"target\":{\"@type\":\"EntryPoint\",\"urlTemplate\":\"https:\/\/joker.hr\/?s={search_term_string}\"},\"query-input\":{\"@type\":\"PropertyValueSpecification\",\"valueRequired\":true,\"valueName\":\"search_term_string\"}}],\"inLanguage\":\"en-US\"},{\"@type\":\"Organization\",\"@id\":\"https:\/\/joker.hr\/#organization\",\"name\":\"Joker\",\"url\":\"https:\/\/joker.hr\/\",\"logo\":{\"@type\":\"ImageObject\",\"inLanguage\":\"en-US\",\"@id\":\"https:\/\/joker.hr\/#\/schema\/logo\/image\/\",\"url\":\"https:\/\/joker.hr\/wp-content\/uploads\/2019\/07\/joker-logo.svg\",\"contentUrl\":\"https:\/\/joker.hr\/wp-content\/uploads\/2019\/07\/joker-logo.svg\",\"width\":1,\"height\":1,\"caption\":\"Joker\"},\"image\":{\"@id\":\"https:\/\/joker.hr\/#\/schema\/logo\/image\/\"},\"sameAs\":[\"https:\/\/www.facebook.com\/jokersplit\/?ref=br_rs\"]}]}<\/script>\n<!-- \/ Yoast SEO plugin. -->","yoast_head_json":{"title":"Sunday and National Holidays Working Hours - August - Joker.hr","robots":{"index":"index","follow":"follow","max-snippet":"max-snippet:-1","max-image-preview":"max-image-preview:large","max-video-preview":"max-video-preview:-1"},"canonical":"https:\/\/joker.hr\/en\/sunday-working-hours\/","og_locale":"en_US","og_type":"article","og_title":"Sunday and National Holidays Working Hours - August - Joker.hr","og_description":"On Sundays in August, the Joker Center will work according to the following schedule: Sunday 6.8. &#8211; CLOSED Sunday 13.8. &#8211; CLOSED Sunday 20.8. &#8211; OPEN Sunday 27.8. &#8211; OPEN Joker Mall will also be closed for the national holidays in Croatia &#8211; Victory Day 5th of August and Assumption of Mary 15th of August. [&hellip;]","og_url":"https:\/\/joker.hr\/en\/sunday-working-hours\/","og_site_name":"Joker.hr","article_publisher":"https:\/\/www.facebook.com\/jokersplit\/?ref=br_rs","article_modified_time":"2023-08-04T07:28:56+00:00","og_image":[{"width":1920,"height":1080,"url":"https:\/\/joker.hr\/wp-content\/uploads\/2023\/08\/web-slider-solo2.jpg","type":"image\/jpeg"}],"twitter_card":"summary_large_image","twitter_misc":{"Est. reading time":"1 minute"},"schema":{"@context":"https:\/\/schema.org","@graph":[{"@type":"WebPage","@id":"https:\/\/joker.hr\/en\/sunday-working-hours\/","url":"https:\/\/joker.hr\/en\/sunday-working-hours\/","name":"Sunday and National Holidays Working Hours - August - Joker.hr","isPartOf":{"@id":"https:\/\/joker.hr\/#website"},"primaryImageOfPage":{"@id":"https:\/\/joker.hr\/en\/sunday-working-hours\/#primaryimage"},"image":{"@id":"https:\/\/joker.hr\/en\/sunday-working-hours\/#primaryimage"},"thumbnailUrl":"https:\/\/joker.hr\/wp-content\/uploads\/2023\/08\/web-slider-solo2.jpg","datePublished":"2023-07-20T08:38:41+00:00","dateModified":"2023-08-04T07:28:56+00:00","breadcrumb":{"@id":"https:\/\/joker.hr\/en\/sunday-working-hours\/#breadcrumb"},"inLanguage":"en-US","potentialAction":[{"@type":"ReadAction","target":["https:\/\/joker.hr\/en\/sunday-working-hours\/"]}]},{"@type":"ImageObject","inLanguage":"en-US","@id":"https:\/\/joker.hr\/en\/sunday-working-hours\/#primaryimage","url":"https:\/\/joker.hr\/wp-content\/uploads\/2023\/08\/web-slider-solo2.jpg","contentUrl":"https:\/\/joker.hr\/wp-content\/uploads\/2023\/08\/web-slider-solo2.jpg","width":1920,"height":1080,"caption":"WORKING SUNDAYS AUGUST"},{"@type":"BreadcrumbList","@id":"https:\/\/joker.hr\/en\/sunday-working-hours\/#breadcrumb","itemListElement":[{"@type":"ListItem","position":1,"name":"Po\u010detna stranica","item":"https:\/\/joker.hr\/"},{"@type":"ListItem","position":2,"name":"Sunday and National Holidays Working Hours &#8211; August"}]},{"@type":"WebSite","@id":"https:\/\/joker.hr\/#website","url":"https:\/\/joker.hr\/","name":"Joker.hr","description":"Shopping centar u centru Splita s velikom ponudom odje\u0107e, obu\u0107e, sportske opreme, namje\u0161taja i elektronike, uz najbolje popuste i akcije.","publisher":{"@id":"https:\/\/joker.hr\/#organization"},"potentialAction":[{"@type":"SearchAction","target":{"@type":"EntryPoint","urlTemplate":"https:\/\/joker.hr\/?s={search_term_string}"},"query-input":{"@type":"PropertyValueSpecification","valueRequired":true,"valueName":"search_term_string"}}],"inLanguage":"en-US"},{"@type":"Organization","@id":"https:\/\/joker.hr\/#organization","name":"Joker","url":"https:\/\/joker.hr\/","logo":{"@type":"ImageObject","inLanguage":"en-US","@id":"https:\/\/joker.hr\/#\/schema\/logo\/image\/","url":"https:\/\/joker.hr\/wp-content\/uploads\/2019\/07\/joker-logo.svg","contentUrl":"https:\/\/joker.hr\/wp-content\/uploads\/2019\/07\/joker-logo.svg","width":1,"height":1,"caption":"Joker"},"image":{"@id":"https:\/\/joker.hr\/#\/schema\/logo\/image\/"},"sameAs":["https:\/\/www.facebook.com\/jokersplit\/?ref=br_rs"]}]}},"_links":{"self":[{"href":"https:\/\/joker.hr\/en\/wp-json\/wp\/v2\/pages\/33637","targetHints":{"allow":["GET"]}}],"collection":[{"href":"https:\/\/joker.hr\/en\/wp-json\/wp\/v2\/pages"}],"about":[{"href":"https:\/\/joker.hr\/en\/wp-json\/wp\/v2\/types\/page"}],"author":[{"embeddable":true,"href":"https:\/\/joker.hr\/en\/wp-json\/wp\/v2\/users\/2"}],"replies":[{"embeddable":true,"href":"https:\/\/joker.hr\/en\/wp-json\/wp\/v2\/comments?post=33637"}],"version-history":[{"count":0,"href":"https:\/\/joker.hr\/en\/wp-json\/wp\/v2\/pages\/33637\/revisions"}],"wp:featuredmedia":[{"embeddable":true,"href":"https:\/\/joker.hr\/en\/wp-json\/wp\/v2\/media\/33706"}],"wp:attachment":[{"href":"https:\/\/joker.hr\/en\/wp-json\/wp\/v2\/media?parent=33637"}],"curies":[{"name":"wp","href":"https:\/\/api.w.org\/{rel}","templated":true}]}}