{"id":2843,"date":"2019-05-31T12:37:13","date_gmt":"2019-05-31T12:37:13","guid":{"rendered":"http:\/\/192.168.19.50\/lifestyle\/"},"modified":"2020-03-10T12:38:09","modified_gmt":"2020-03-10T12:38:09","slug":"health-in-joker","status":"publish","type":"page","link":"https:\/\/joker.hr\/en\/health-in-joker\/","title":{"rendered":"Health"},"content":{"rendered":"\n<p>Health in Joker &#8211; find numerous health, fitness and sport services within Joker mall, with easy approach, guaranteed parking place and comfortable stay in mall during your visit. <\/p>\n\n\n\n<p>Health begins with healthy body: <a href=\"https:\/\/fitnesscentarjoker.hr\/\">Fitness and physio centre Joker<\/a> on the 4th floor of Joker with gym, group fitness programmes and physiotherapy centre  <strong><a href=\"https:\/\/joker.hr\/en\/store\/lakat\/?location=lakat\">Lakat by Porobija<\/a><\/strong> and <strong>Nutrivat nutritionist services. <\/strong> <strong><a href=\"https:\/\/joker.hr\/en\/store\/bandalo-kiropraktika\/?location=kiropraktika-bandalo_2_\">Kiropraktika Bandalo<\/a><\/strong> is situated on Joker 3rd floor, and modern dentist clinic  iSmile is located  in business part of Joker.<\/p>\n\n\n\n<p><strong><a href=\"https:\/\/optika-anda.com\/poliklinika\/\">Optika Anda <\/a><\/strong>in its eye clinic on Joker ground floor offers complete ophtalmological check-up. <\/p>\n","protected":false},"excerpt":{"rendered":"<p>Health in Joker &#8211; find numerous health, fitness and sport services within Joker mall, with easy approach, guaranteed parking place and comfortable stay in mall during your visit. Health begins with healthy body: Fitness and physio centre Joker on the 4th floor of Joker with gym, group fitness programmes and physiotherapy centre Lakat by Porobija [&hellip;]<\/p>\n","protected":false},"author":1,"featured_media":2840,"parent":0,"menu_order":0,"comment_status":"closed","ping_status":"closed","template":"page-templates\/template_shopping.php","meta":{"_acf_changed":false,"footnotes":""},"class_list":["post-2843","page","type-page","status-publish","has-post-thumbnail","hentry"],"acf":[],"yoast_head":"<!-- This site is optimized with the Yoast SEO plugin v26.8 - https:\/\/yoast.com\/product\/yoast-seo-wordpress\/ -->\n<title>Health - Joker.hr - health, fitness and sport services within Joker<\/title>\n<meta name=\"description\" content=\"Health in Joker - numerous health, fitness and sport services within Joker mall, with easy approach, guaranteed parking place...\" \/>\n<meta name=\"robots\" content=\"index, follow, max-snippet:-1, max-image-preview:large, max-video-preview:-1\" \/>\n<link rel=\"canonical\" href=\"https:\/\/joker.hr\/en\/health-in-joker\/\" \/>\n<meta property=\"og:locale\" content=\"en_US\" \/>\n<meta property=\"og:type\" content=\"article\" \/>\n<meta property=\"og:title\" content=\"Health - Joker.hr - health, fitness and sport services within Joker\" \/>\n<meta property=\"og:description\" content=\"Health in Joker - numerous health, fitness and sport services within Joker mall, with easy approach, guaranteed parking place...\" \/>\n<meta property=\"og:url\" content=\"https:\/\/joker.hr\/en\/health-in-joker\/\" \/>\n<meta property=\"og:site_name\" content=\"Joker.hr\" \/>\n<meta property=\"article:publisher\" content=\"https:\/\/www.facebook.com\/jokersplit\/?ref=br_rs\" \/>\n<meta property=\"article:modified_time\" content=\"2020-03-10T12:38:09+00:00\" \/>\n<meta property=\"og:image\" content=\"https:\/\/joker.hr\/wp-content\/uploads\/2019\/05\/Fitness-2.jpg\" \/>\n\t<meta property=\"og:image:width\" content=\"2048\" \/>\n\t<meta property=\"og:image:height\" content=\"1365\" \/>\n\t<meta property=\"og:image:type\" content=\"image\/jpeg\" \/>\n<meta name=\"twitter:card\" content=\"summary_large_image\" \/>\n<script type=\"application\/ld+json\" class=\"yoast-schema-graph\">{\"@context\":\"https:\/\/schema.org\",\"@graph\":[{\"@type\":\"WebPage\",\"@id\":\"https:\/\/joker.hr\/en\/health-in-joker\/\",\"url\":\"https:\/\/joker.hr\/en\/health-in-joker\/\",\"name\":\"Health - Joker.hr - health, fitness and sport services within Joker\",\"isPartOf\":{\"@id\":\"https:\/\/joker.hr\/#website\"},\"primaryImageOfPage\":{\"@id\":\"https:\/\/joker.hr\/en\/health-in-joker\/#primaryimage\"},\"image\":{\"@id\":\"https:\/\/joker.hr\/en\/health-in-joker\/#primaryimage\"},\"thumbnailUrl\":\"https:\/\/joker.hr\/wp-content\/uploads\/2019\/05\/Fitness-2.jpg\",\"datePublished\":\"2019-05-31T12:37:13+00:00\",\"dateModified\":\"2020-03-10T12:38:09+00:00\",\"description\":\"Health in Joker - numerous health, fitness and sport services within Joker mall, with easy approach, guaranteed parking place...\",\"breadcrumb\":{\"@id\":\"https:\/\/joker.hr\/en\/health-in-joker\/#breadcrumb\"},\"inLanguage\":\"en-US\",\"potentialAction\":[{\"@type\":\"ReadAction\",\"target\":[\"https:\/\/joker.hr\/en\/health-in-joker\/\"]}]},{\"@type\":\"ImageObject\",\"inLanguage\":\"en-US\",\"@id\":\"https:\/\/joker.hr\/en\/health-in-joker\/#primaryimage\",\"url\":\"https:\/\/joker.hr\/wp-content\/uploads\/2019\/05\/Fitness-2.jpg\",\"contentUrl\":\"https:\/\/joker.hr\/wp-content\/uploads\/2019\/05\/Fitness-2.jpg\",\"width\":2048,\"height\":1365},{\"@type\":\"BreadcrumbList\",\"@id\":\"https:\/\/joker.hr\/en\/health-in-joker\/#breadcrumb\",\"itemListElement\":[{\"@type\":\"ListItem\",\"position\":1,\"name\":\"Po\u010detna stranica\",\"item\":\"https:\/\/joker.hr\/\"},{\"@type\":\"ListItem\",\"position\":2,\"name\":\"Health\"}]},{\"@type\":\"WebSite\",\"@id\":\"https:\/\/joker.hr\/#website\",\"url\":\"https:\/\/joker.hr\/\",\"name\":\"Joker.hr\",\"description\":\"Shopping centar u centru Splita s velikom ponudom odje\u0107e, obu\u0107e, sportske opreme, namje\u0161taja i elektronike, uz najbolje popuste i akcije.\",\"publisher\":{\"@id\":\"https:\/\/joker.hr\/#organization\"},\"potentialAction\":[{\"@type\":\"SearchAction\",\"target\":{\"@type\":\"EntryPoint\",\"urlTemplate\":\"https:\/\/joker.hr\/?s={search_term_string}\"},\"query-input\":{\"@type\":\"PropertyValueSpecification\",\"valueRequired\":true,\"valueName\":\"search_term_string\"}}],\"inLanguage\":\"en-US\"},{\"@type\":\"Organization\",\"@id\":\"https:\/\/joker.hr\/#organization\",\"name\":\"Joker\",\"url\":\"https:\/\/joker.hr\/\",\"logo\":{\"@type\":\"ImageObject\",\"inLanguage\":\"en-US\",\"@id\":\"https:\/\/joker.hr\/#\/schema\/logo\/image\/\",\"url\":\"https:\/\/joker.hr\/wp-content\/uploads\/2019\/07\/joker-logo.svg\",\"contentUrl\":\"https:\/\/joker.hr\/wp-content\/uploads\/2019\/07\/joker-logo.svg\",\"width\":1,\"height\":1,\"caption\":\"Joker\"},\"image\":{\"@id\":\"https:\/\/joker.hr\/#\/schema\/logo\/image\/\"},\"sameAs\":[\"https:\/\/www.facebook.com\/jokersplit\/?ref=br_rs\"]}]}<\/script>\n<!-- \/ Yoast SEO plugin. -->","yoast_head_json":{"title":"Health - Joker.hr - health, fitness and sport services within Joker","description":"Health in Joker - numerous health, fitness and sport services within Joker mall, with easy approach, guaranteed parking place...","robots":{"index":"index","follow":"follow","max-snippet":"max-snippet:-1","max-image-preview":"max-image-preview:large","max-video-preview":"max-video-preview:-1"},"canonical":"https:\/\/joker.hr\/en\/health-in-joker\/","og_locale":"en_US","og_type":"article","og_title":"Health - Joker.hr - health, fitness and sport services within Joker","og_description":"Health in Joker - numerous health, fitness and sport services within Joker mall, with easy approach, guaranteed parking place...","og_url":"https:\/\/joker.hr\/en\/health-in-joker\/","og_site_name":"Joker.hr","article_publisher":"https:\/\/www.facebook.com\/jokersplit\/?ref=br_rs","article_modified_time":"2020-03-10T12:38:09+00:00","og_image":[{"width":2048,"height":1365,"url":"https:\/\/joker.hr\/wp-content\/uploads\/2019\/05\/Fitness-2.jpg","type":"image\/jpeg"}],"twitter_card":"summary_large_image","schema":{"@context":"https:\/\/schema.org","@graph":[{"@type":"WebPage","@id":"https:\/\/joker.hr\/en\/health-in-joker\/","url":"https:\/\/joker.hr\/en\/health-in-joker\/","name":"Health - Joker.hr - health, fitness and sport services within Joker","isPartOf":{"@id":"https:\/\/joker.hr\/#website"},"primaryImageOfPage":{"@id":"https:\/\/joker.hr\/en\/health-in-joker\/#primaryimage"},"image":{"@id":"https:\/\/joker.hr\/en\/health-in-joker\/#primaryimage"},"thumbnailUrl":"https:\/\/joker.hr\/wp-content\/uploads\/2019\/05\/Fitness-2.jpg","datePublished":"2019-05-31T12:37:13+00:00","dateModified":"2020-03-10T12:38:09+00:00","description":"Health in Joker - numerous health, fitness and sport services within Joker mall, with easy approach, guaranteed parking place...","breadcrumb":{"@id":"https:\/\/joker.hr\/en\/health-in-joker\/#breadcrumb"},"inLanguage":"en-US","potentialAction":[{"@type":"ReadAction","target":["https:\/\/joker.hr\/en\/health-in-joker\/"]}]},{"@type":"ImageObject","inLanguage":"en-US","@id":"https:\/\/joker.hr\/en\/health-in-joker\/#primaryimage","url":"https:\/\/joker.hr\/wp-content\/uploads\/2019\/05\/Fitness-2.jpg","contentUrl":"https:\/\/joker.hr\/wp-content\/uploads\/2019\/05\/Fitness-2.jpg","width":2048,"height":1365},{"@type":"BreadcrumbList","@id":"https:\/\/joker.hr\/en\/health-in-joker\/#breadcrumb","itemListElement":[{"@type":"ListItem","position":1,"name":"Po\u010detna stranica","item":"https:\/\/joker.hr\/"},{"@type":"ListItem","position":2,"name":"Health"}]},{"@type":"WebSite","@id":"https:\/\/joker.hr\/#website","url":"https:\/\/joker.hr\/","name":"Joker.hr","description":"Shopping centar u centru Splita s velikom ponudom odje\u0107e, obu\u0107e, sportske opreme, namje\u0161taja i elektronike, uz najbolje popuste i akcije.","publisher":{"@id":"https:\/\/joker.hr\/#organization"},"potentialAction":[{"@type":"SearchAction","target":{"@type":"EntryPoint","urlTemplate":"https:\/\/joker.hr\/?s={search_term_string}"},"query-input":{"@type":"PropertyValueSpecification","valueRequired":true,"valueName":"search_term_string"}}],"inLanguage":"en-US"},{"@type":"Organization","@id":"https:\/\/joker.hr\/#organization","name":"Joker","url":"https:\/\/joker.hr\/","logo":{"@type":"ImageObject","inLanguage":"en-US","@id":"https:\/\/joker.hr\/#\/schema\/logo\/image\/","url":"https:\/\/joker.hr\/wp-content\/uploads\/2019\/07\/joker-logo.svg","contentUrl":"https:\/\/joker.hr\/wp-content\/uploads\/2019\/07\/joker-logo.svg","width":1,"height":1,"caption":"Joker"},"image":{"@id":"https:\/\/joker.hr\/#\/schema\/logo\/image\/"},"sameAs":["https:\/\/www.facebook.com\/jokersplit\/?ref=br_rs"]}]}},"_links":{"self":[{"href":"https:\/\/joker.hr\/en\/wp-json\/wp\/v2\/pages\/2843","targetHints":{"allow":["GET"]}}],"collection":[{"href":"https:\/\/joker.hr\/en\/wp-json\/wp\/v2\/pages"}],"about":[{"href":"https:\/\/joker.hr\/en\/wp-json\/wp\/v2\/types\/page"}],"author":[{"embeddable":true,"href":"https:\/\/joker.hr\/en\/wp-json\/wp\/v2\/users\/1"}],"replies":[{"embeddable":true,"href":"https:\/\/joker.hr\/en\/wp-json\/wp\/v2\/comments?post=2843"}],"version-history":[{"count":0,"href":"https:\/\/joker.hr\/en\/wp-json\/wp\/v2\/pages\/2843\/revisions"}],"wp:featuredmedia":[{"embeddable":true,"href":"https:\/\/joker.hr\/en\/wp-json\/wp\/v2\/media\/2840"}],"wp:attachment":[{"href":"https:\/\/joker.hr\/en\/wp-json\/wp\/v2\/media?parent=2843"}],"curies":[{"name":"wp","href":"https:\/\/api.w.org\/{rel}","templated":true}]}}