{"id":2821,"date":"2019-05-31T08:45:24","date_gmt":"2019-05-31T08:45:24","guid":{"rendered":"http:\/\/192.168.19.50\/gastro\/"},"modified":"2022-07-08T09:34:36","modified_gmt":"2022-07-08T09:34:36","slug":"gastronomy","status":"publish","type":"page","link":"https:\/\/joker.hr\/en\/gastronomy\/","title":{"rendered":"Gastronomy"},"content":{"rendered":"\n<p>Whether it\u2019s about having a morning coffee on the sunny terrace, tasty lunch or dinner in the rooftop <a href=\"https:\/\/joker.hr\/en\/food-court\/\">food court<\/a> with the best view, or a quick snack in <a href=\"https:\/\/joker.hr\/en\/store\/mcdonalds\/\">McDonald&#8217;s<\/a>, choosing Joker\u2019s restaurant and bars is an ideal choice for your gourmet treat in Split.<\/p>\n","protected":false},"excerpt":{"rendered":"<p>Whether it\u2019s about having a morning coffee on the sunny terrace, tasty lunch or dinner in the rooftop food court with the best view, or a quick snack in McDonald&#8217;s, choosing Joker\u2019s restaurant and bars is an ideal choice for your gourmet treat in Split.<\/p>\n","protected":false},"author":1,"featured_media":36523,"parent":0,"menu_order":0,"comment_status":"closed","ping_status":"closed","template":"page-templates\/template_shopping.php","meta":{"_acf_changed":false,"footnotes":""},"class_list":["post-2821","page","type-page","status-publish","has-post-thumbnail","hentry"],"acf":[],"yoast_head":"<!-- This site is optimized with the Yoast SEO plugin v26.8 - https:\/\/yoast.com\/product\/yoast-seo-wordpress\/ -->\n<title>Gastronomy - Joker.hr<\/title>\n<meta name=\"description\" content=\"Joker - a popular destination for in search of good food, fine restaurants, fast food offer and relaxation with a drink in your favorite bar.\" \/>\n<meta name=\"robots\" content=\"index, follow, max-snippet:-1, max-image-preview:large, max-video-preview:-1\" \/>\n<link rel=\"canonical\" href=\"https:\/\/joker.hr\/en\/gastronomy\/\" \/>\n<meta property=\"og:locale\" content=\"en_US\" \/>\n<meta property=\"og:type\" content=\"article\" \/>\n<meta property=\"og:title\" content=\"Gastronomy - Joker.hr\" \/>\n<meta property=\"og:description\" content=\"Joker - a popular destination for in search of good food, fine restaurants, fast food offer and relaxation with a drink in your favorite bar.\" \/>\n<meta property=\"og:url\" content=\"https:\/\/joker.hr\/en\/gastronomy\/\" \/>\n<meta property=\"og:site_name\" content=\"Joker.hr\" \/>\n<meta property=\"article:publisher\" content=\"https:\/\/www.facebook.com\/jokersplit\/?ref=br_rs\" \/>\n<meta property=\"article:modified_time\" content=\"2022-07-08T09:34:36+00:00\" \/>\n<meta property=\"og:image\" content=\"https:\/\/joker.hr\/wp-content\/uploads\/2024\/07\/Level_food_virage-024.jpg\" \/>\n\t<meta property=\"og:image:width\" content=\"2048\" \/>\n\t<meta property=\"og:image:height\" content=\"1368\" \/>\n\t<meta property=\"og:image:type\" content=\"image\/jpeg\" \/>\n<meta name=\"twitter:card\" content=\"summary_large_image\" \/>\n<script type=\"application\/ld+json\" class=\"yoast-schema-graph\">{\"@context\":\"https:\/\/schema.org\",\"@graph\":[{\"@type\":\"WebPage\",\"@id\":\"https:\/\/joker.hr\/en\/gastronomy\/\",\"url\":\"https:\/\/joker.hr\/en\/gastronomy\/\",\"name\":\"Gastronomy - Joker.hr\",\"isPartOf\":{\"@id\":\"https:\/\/joker.hr\/#website\"},\"primaryImageOfPage\":{\"@id\":\"https:\/\/joker.hr\/en\/gastronomy\/#primaryimage\"},\"image\":{\"@id\":\"https:\/\/joker.hr\/en\/gastronomy\/#primaryimage\"},\"thumbnailUrl\":\"https:\/\/joker.hr\/wp-content\/uploads\/2024\/07\/Level_food_virage-024.jpg\",\"datePublished\":\"2019-05-31T08:45:24+00:00\",\"dateModified\":\"2022-07-08T09:34:36+00:00\",\"description\":\"Joker - a popular destination for in search of good food, fine restaurants, fast food offer and relaxation with a drink in your favorite bar.\",\"breadcrumb\":{\"@id\":\"https:\/\/joker.hr\/en\/gastronomy\/#breadcrumb\"},\"inLanguage\":\"en-US\",\"potentialAction\":[{\"@type\":\"ReadAction\",\"target\":[\"https:\/\/joker.hr\/en\/gastronomy\/\"]}]},{\"@type\":\"ImageObject\",\"inLanguage\":\"en-US\",\"@id\":\"https:\/\/joker.hr\/en\/gastronomy\/#primaryimage\",\"url\":\"https:\/\/joker.hr\/wp-content\/uploads\/2024\/07\/Level_food_virage-024.jpg\",\"contentUrl\":\"https:\/\/joker.hr\/wp-content\/uploads\/2024\/07\/Level_food_virage-024.jpg\",\"width\":2048,\"height\":1368},{\"@type\":\"BreadcrumbList\",\"@id\":\"https:\/\/joker.hr\/en\/gastronomy\/#breadcrumb\",\"itemListElement\":[{\"@type\":\"ListItem\",\"position\":1,\"name\":\"Po\u010detna stranica\",\"item\":\"https:\/\/joker.hr\/\"},{\"@type\":\"ListItem\",\"position\":2,\"name\":\"Gastronomy\"}]},{\"@type\":\"WebSite\",\"@id\":\"https:\/\/joker.hr\/#website\",\"url\":\"https:\/\/joker.hr\/\",\"name\":\"Joker.hr\",\"description\":\"Shopping centar u centru Splita s velikom ponudom odje\u0107e, obu\u0107e, sportske opreme, namje\u0161taja i elektronike, uz najbolje popuste i akcije.\",\"publisher\":{\"@id\":\"https:\/\/joker.hr\/#organization\"},\"potentialAction\":[{\"@type\":\"SearchAction\",\"target\":{\"@type\":\"EntryPoint\",\"urlTemplate\":\"https:\/\/joker.hr\/?s={search_term_string}\"},\"query-input\":{\"@type\":\"PropertyValueSpecification\",\"valueRequired\":true,\"valueName\":\"search_term_string\"}}],\"inLanguage\":\"en-US\"},{\"@type\":\"Organization\",\"@id\":\"https:\/\/joker.hr\/#organization\",\"name\":\"Joker\",\"url\":\"https:\/\/joker.hr\/\",\"logo\":{\"@type\":\"ImageObject\",\"inLanguage\":\"en-US\",\"@id\":\"https:\/\/joker.hr\/#\/schema\/logo\/image\/\",\"url\":\"https:\/\/joker.hr\/wp-content\/uploads\/2019\/07\/joker-logo.svg\",\"contentUrl\":\"https:\/\/joker.hr\/wp-content\/uploads\/2019\/07\/joker-logo.svg\",\"width\":1,\"height\":1,\"caption\":\"Joker\"},\"image\":{\"@id\":\"https:\/\/joker.hr\/#\/schema\/logo\/image\/\"},\"sameAs\":[\"https:\/\/www.facebook.com\/jokersplit\/?ref=br_rs\"]}]}<\/script>\n<!-- \/ Yoast SEO plugin. -->","yoast_head_json":{"title":"Gastronomy - Joker.hr","description":"Joker - a popular destination for in search of good food, fine restaurants, fast food offer and relaxation with a drink in your favorite bar.","robots":{"index":"index","follow":"follow","max-snippet":"max-snippet:-1","max-image-preview":"max-image-preview:large","max-video-preview":"max-video-preview:-1"},"canonical":"https:\/\/joker.hr\/en\/gastronomy\/","og_locale":"en_US","og_type":"article","og_title":"Gastronomy - Joker.hr","og_description":"Joker - a popular destination for in search of good food, fine restaurants, fast food offer and relaxation with a drink in your favorite bar.","og_url":"https:\/\/joker.hr\/en\/gastronomy\/","og_site_name":"Joker.hr","article_publisher":"https:\/\/www.facebook.com\/jokersplit\/?ref=br_rs","article_modified_time":"2022-07-08T09:34:36+00:00","og_image":[{"width":2048,"height":1368,"url":"https:\/\/joker.hr\/wp-content\/uploads\/2024\/07\/Level_food_virage-024.jpg","type":"image\/jpeg"}],"twitter_card":"summary_large_image","schema":{"@context":"https:\/\/schema.org","@graph":[{"@type":"WebPage","@id":"https:\/\/joker.hr\/en\/gastronomy\/","url":"https:\/\/joker.hr\/en\/gastronomy\/","name":"Gastronomy - Joker.hr","isPartOf":{"@id":"https:\/\/joker.hr\/#website"},"primaryImageOfPage":{"@id":"https:\/\/joker.hr\/en\/gastronomy\/#primaryimage"},"image":{"@id":"https:\/\/joker.hr\/en\/gastronomy\/#primaryimage"},"thumbnailUrl":"https:\/\/joker.hr\/wp-content\/uploads\/2024\/07\/Level_food_virage-024.jpg","datePublished":"2019-05-31T08:45:24+00:00","dateModified":"2022-07-08T09:34:36+00:00","description":"Joker - a popular destination for in search of good food, fine restaurants, fast food offer and relaxation with a drink in your favorite bar.","breadcrumb":{"@id":"https:\/\/joker.hr\/en\/gastronomy\/#breadcrumb"},"inLanguage":"en-US","potentialAction":[{"@type":"ReadAction","target":["https:\/\/joker.hr\/en\/gastronomy\/"]}]},{"@type":"ImageObject","inLanguage":"en-US","@id":"https:\/\/joker.hr\/en\/gastronomy\/#primaryimage","url":"https:\/\/joker.hr\/wp-content\/uploads\/2024\/07\/Level_food_virage-024.jpg","contentUrl":"https:\/\/joker.hr\/wp-content\/uploads\/2024\/07\/Level_food_virage-024.jpg","width":2048,"height":1368},{"@type":"BreadcrumbList","@id":"https:\/\/joker.hr\/en\/gastronomy\/#breadcrumb","itemListElement":[{"@type":"ListItem","position":1,"name":"Po\u010detna stranica","item":"https:\/\/joker.hr\/"},{"@type":"ListItem","position":2,"name":"Gastronomy"}]},{"@type":"WebSite","@id":"https:\/\/joker.hr\/#website","url":"https:\/\/joker.hr\/","name":"Joker.hr","description":"Shopping centar u centru Splita s velikom ponudom odje\u0107e, obu\u0107e, sportske opreme, namje\u0161taja i elektronike, uz najbolje popuste i akcije.","publisher":{"@id":"https:\/\/joker.hr\/#organization"},"potentialAction":[{"@type":"SearchAction","target":{"@type":"EntryPoint","urlTemplate":"https:\/\/joker.hr\/?s={search_term_string}"},"query-input":{"@type":"PropertyValueSpecification","valueRequired":true,"valueName":"search_term_string"}}],"inLanguage":"en-US"},{"@type":"Organization","@id":"https:\/\/joker.hr\/#organization","name":"Joker","url":"https:\/\/joker.hr\/","logo":{"@type":"ImageObject","inLanguage":"en-US","@id":"https:\/\/joker.hr\/#\/schema\/logo\/image\/","url":"https:\/\/joker.hr\/wp-content\/uploads\/2019\/07\/joker-logo.svg","contentUrl":"https:\/\/joker.hr\/wp-content\/uploads\/2019\/07\/joker-logo.svg","width":1,"height":1,"caption":"Joker"},"image":{"@id":"https:\/\/joker.hr\/#\/schema\/logo\/image\/"},"sameAs":["https:\/\/www.facebook.com\/jokersplit\/?ref=br_rs"]}]}},"_links":{"self":[{"href":"https:\/\/joker.hr\/en\/wp-json\/wp\/v2\/pages\/2821","targetHints":{"allow":["GET"]}}],"collection":[{"href":"https:\/\/joker.hr\/en\/wp-json\/wp\/v2\/pages"}],"about":[{"href":"https:\/\/joker.hr\/en\/wp-json\/wp\/v2\/types\/page"}],"author":[{"embeddable":true,"href":"https:\/\/joker.hr\/en\/wp-json\/wp\/v2\/users\/1"}],"replies":[{"embeddable":true,"href":"https:\/\/joker.hr\/en\/wp-json\/wp\/v2\/comments?post=2821"}],"version-history":[{"count":0,"href":"https:\/\/joker.hr\/en\/wp-json\/wp\/v2\/pages\/2821\/revisions"}],"wp:featuredmedia":[{"embeddable":true,"href":"https:\/\/joker.hr\/en\/wp-json\/wp\/v2\/media\/36523"}],"wp:attachment":[{"href":"https:\/\/joker.hr\/en\/wp-json\/wp\/v2\/media?parent=2821"}],"curies":[{"name":"wp","href":"https:\/\/api.w.org\/{rel}","templated":true}]}}